{"id":811,"date":"2017-01-06T14:02:02","date_gmt":"2017-01-06T13:02:02","guid":{"rendered":"http:\/\/arimep.org\/?page_id=811"},"modified":"2019-12-02T15:07:29","modified_gmt":"2019-12-02T14:07:29","slug":"parutions","status":"publish","type":"page","link":"https:\/\/arimep.org\/index.php\/parutions\/","title":{"rendered":"Parutions"},"content":{"rendered":"<p style=\"text-align: center;\"><img data-recalc-dims=\"1\" loading=\"lazy\" decoding=\"async\" data-attachment-id=\"1548\" data-permalink=\"https:\/\/arimep.org\/index.php\/parutions\/lahy\/\" data-orig-file=\"https:\/\/i0.wp.com\/arimep.org\/wp-content\/uploads\/2019\/12\/Lahy.png?fit=684%2C930&amp;ssl=1\" data-orig-size=\"684,930\" data-comments-opened=\"1\" data-image-meta=\"{&quot;aperture&quot;:&quot;0&quot;,&quot;credit&quot;:&quot;&quot;,&quot;camera&quot;:&quot;&quot;,&quot;caption&quot;:&quot;&quot;,&quot;created_timestamp&quot;:&quot;0&quot;,&quot;copyright&quot;:&quot;&quot;,&quot;focal_length&quot;:&quot;0&quot;,&quot;iso&quot;:&quot;0&quot;,&quot;shutter_speed&quot;:&quot;0&quot;,&quot;title&quot;:&quot;&quot;,&quot;orientation&quot;:&quot;0&quot;}\" data-image-title=\"Lahy\" data-image-description=\"\" data-image-caption=\"&lt;p&gt;LAHY et GUYOT&lt;\/p&gt;\n\" data-medium-file=\"https:\/\/i0.wp.com\/arimep.org\/wp-content\/uploads\/2019\/12\/Lahy.png?fit=221%2C300&amp;ssl=1\" data-large-file=\"https:\/\/i0.wp.com\/arimep.org\/wp-content\/uploads\/2019\/12\/Lahy.png?fit=684%2C930&amp;ssl=1\" class=\"alignnone size-medium wp-image-1548 alignleft\" src=\"https:\/\/i0.wp.com\/arimep.org\/wp-content\/uploads\/2019\/12\/Lahy.png?resize=221%2C300&#038;ssl=1\" alt=\"\" width=\"221\" height=\"300\" srcset=\"https:\/\/i0.wp.com\/arimep.org\/wp-content\/uploads\/2019\/12\/Lahy.png?resize=221%2C300&amp;ssl=1 221w, https:\/\/i0.wp.com\/arimep.org\/wp-content\/uploads\/2019\/12\/Lahy.png?w=684&amp;ssl=1 684w\" sizes=\"auto, (max-width: 221px) 85vw, 221px\" \/><\/p>\n<p style=\"text-align: center;\">Les Archives de Jean-Maurice LAHY&nbsp;<\/p>\n<p>&nbsp; &nbsp; &nbsp; &nbsp; &nbsp; &nbsp; &nbsp; &nbsp; &nbsp; &nbsp; &nbsp; &nbsp; &nbsp; &nbsp; &nbsp; &nbsp; &nbsp; &nbsp; &nbsp; &nbsp; &nbsp; &nbsp;(1872-1943) &nbsp;\u00e0 Sainte-Anne<\/p>\n<p>&nbsp; &nbsp; &nbsp; &nbsp; &nbsp; &nbsp; &nbsp; &nbsp; &nbsp; &nbsp; &nbsp; &nbsp; &nbsp; &nbsp; &nbsp; &nbsp; &nbsp; &nbsp; &nbsp; &nbsp; &nbsp;Regards crois\u00e9s d&rsquo;historiens de psychologues et de&nbsp;<\/p>\n<p>&nbsp; &nbsp; &nbsp; &nbsp; &nbsp; &nbsp; &nbsp; &nbsp; &nbsp; &nbsp; &nbsp; &nbsp; &nbsp; &nbsp; &nbsp; &nbsp; &nbsp; &nbsp; &nbsp; &nbsp; &nbsp; sociologues. (avec la participation de Marcel Turbiaux)<\/p>\n<p>&nbsp; &nbsp; &nbsp; &nbsp; &nbsp; &nbsp; &nbsp; &nbsp; &nbsp; &nbsp; &nbsp; &nbsp; &nbsp; &nbsp; &nbsp; &nbsp; &nbsp; &nbsp; &nbsp; &nbsp; &nbsp; &nbsp; Ed.<strong> Octares <\/strong><\/p>\n<p><strong> <a href=\"https:\/\/arimep.org\/wp-content\/uploads\/2019\/12\/JM-Lahy-Retour-\u00e0-Sainte-Anne_Couverture-des-Actes_16-d\u00e9cembre-2019.pdf\">JM Lahy Retour \u00e0 Sainte-Anne_Couverture des Actes_16 d\u00e9cembre 2019<\/a><\/strong><\/p>\n<p>&nbsp;<\/p>\n<p><strong><img data-recalc-dims=\"1\" loading=\"lazy\" decoding=\"async\" data-attachment-id=\"799\" data-permalink=\"https:\/\/arimep.org\/livrerdsg\/\" data-orig-file=\"https:\/\/i0.wp.com\/arimep.org\/wp-content\/uploads\/2017\/01\/livreRDSG.jpg?fit=420%2C541&amp;ssl=1\" data-orig-size=\"420,541\" data-comments-opened=\"1\" data-image-meta=\"{&quot;aperture&quot;:&quot;0&quot;,&quot;credit&quot;:&quot;&quot;,&quot;camera&quot;:&quot;&quot;,&quot;caption&quot;:&quot;&quot;,&quot;created_timestamp&quot;:&quot;0&quot;,&quot;copyright&quot;:&quot;&quot;,&quot;focal_length&quot;:&quot;0&quot;,&quot;iso&quot;:&quot;0&quot;,&quot;shutter_speed&quot;:&quot;0&quot;,&quot;title&quot;:&quot;&quot;,&quot;orientation&quot;:&quot;1&quot;}\" data-image-title=\"livreRDSG\" data-image-description=\"\" data-image-caption=\"\" data-medium-file=\"https:\/\/i0.wp.com\/arimep.org\/wp-content\/uploads\/2017\/01\/livreRDSG.jpg?fit=233%2C300&amp;ssl=1\" data-large-file=\"https:\/\/i0.wp.com\/arimep.org\/wp-content\/uploads\/2017\/01\/livreRDSG.jpg?fit=420%2C541&amp;ssl=1\" class=\"size-medium wp-image-799 alignleft\" src=\"https:\/\/i0.wp.com\/arimep.org\/wp-content\/uploads\/2017\/01\/livreRDSG.jpg?resize=233%2C300&#038;ssl=1\" alt=\"\" width=\"233\" height=\"300\" srcset=\"https:\/\/i0.wp.com\/arimep.org\/wp-content\/uploads\/2017\/01\/livreRDSG.jpg?resize=233%2C300&amp;ssl=1 233w, https:\/\/i0.wp.com\/arimep.org\/wp-content\/uploads\/2017\/01\/livreRDSG.jpg?w=420&amp;ssl=1 420w\" sizes=\"auto, (max-width: 233px) 85vw, 233px\" \/><\/strong><\/p>\n<p>&nbsp;<\/p>\n<p style=\"text-align: center;\"><strong>La psychom\u00e9trie<\/strong><\/p>\n<p style=\"text-align: center;\"><span style=\"font-size: 10pt;\"><strong>\u00c9valuation et pronostic<br \/>\n<\/strong><\/span><\/p>\n<p>&nbsp;<\/p>\n<p style=\"text-align: center;\"><span style=\"font-size: 10pt;\"><strong>par les tests de psychom\u00e9trie<\/strong><\/span><\/p>\n<p style=\"text-align: center;\"><strong>&nbsp;<\/strong><strong>Robert et Denise Simonnet-Guyot<\/strong><\/p>\n<p style=\"text-align: center;\">&nbsp; &nbsp; &nbsp; &nbsp; &nbsp; &nbsp; &nbsp; &nbsp; &nbsp; &nbsp; &nbsp; &nbsp; &nbsp; &nbsp; &nbsp; &nbsp; &nbsp; &nbsp; &nbsp; Ed<strong>. L&rsquo;HARMATTAN<\/strong><\/p>\n<p style=\"text-align: center;\"><strong>&nbsp;<\/strong><span style=\"font-size: 10pt;\">Collection&nbsp;\u00ab Psychologie du travail et ressources humaines&nbsp;\u00bb<\/span><\/p>\n<p style=\"text-align: center;\"><span style=\"font-size: 10pt;\">ISBN&nbsp;: 978-2-343-10167-5 \u2022 30 \u20ac&nbsp;\u2022 292 pages<\/span><\/p>\n<p>&nbsp; &nbsp; &nbsp; &nbsp; &nbsp; &nbsp; &nbsp; &nbsp; &nbsp; &nbsp; &nbsp; &nbsp; &nbsp; &nbsp; &nbsp; &nbsp; &nbsp; &nbsp; &nbsp; &nbsp; &nbsp; &nbsp; &nbsp; &nbsp; &nbsp; &nbsp; &nbsp; &nbsp; &nbsp; &nbsp; &nbsp;<\/p>\n<p style=\"text-align: center;\"><b><img data-recalc-dims=\"1\" loading=\"lazy\" decoding=\"async\" data-attachment-id=\"829\" data-permalink=\"https:\/\/arimep.org\/index.php\/parutions\/hpieron\/\" data-orig-file=\"https:\/\/i0.wp.com\/arimep.org\/wp-content\/uploads\/2017\/01\/HPieron.jpg?fit=354%2C499&amp;ssl=1\" data-orig-size=\"354,499\" data-comments-opened=\"1\" data-image-meta=\"{&quot;aperture&quot;:&quot;0&quot;,&quot;credit&quot;:&quot;&quot;,&quot;camera&quot;:&quot;&quot;,&quot;caption&quot;:&quot;&quot;,&quot;created_timestamp&quot;:&quot;0&quot;,&quot;copyright&quot;:&quot;&quot;,&quot;focal_length&quot;:&quot;0&quot;,&quot;iso&quot;:&quot;0&quot;,&quot;shutter_speed&quot;:&quot;0&quot;,&quot;title&quot;:&quot;&quot;,&quot;orientation&quot;:&quot;1&quot;}\" data-image-title=\"HPieron\" data-image-description=\"\" data-image-caption=\"\" data-medium-file=\"https:\/\/i0.wp.com\/arimep.org\/wp-content\/uploads\/2017\/01\/HPieron.jpg?fit=213%2C300&amp;ssl=1\" data-large-file=\"https:\/\/i0.wp.com\/arimep.org\/wp-content\/uploads\/2017\/01\/HPieron.jpg?fit=354%2C499&amp;ssl=1\" class=\" wp-image-829 alignleft\" src=\"https:\/\/i0.wp.com\/arimep.org\/wp-content\/uploads\/2017\/01\/HPieron.jpg?resize=190%2C268&#038;ssl=1\" alt=\"\" width=\"190\" height=\"268\" srcset=\"https:\/\/i0.wp.com\/arimep.org\/wp-content\/uploads\/2017\/01\/HPieron.jpg?resize=213%2C300&amp;ssl=1 213w, https:\/\/i0.wp.com\/arimep.org\/wp-content\/uploads\/2017\/01\/HPieron.jpg?w=354&amp;ssl=1 354w\" sizes=\"auto, (max-width: 190px) 85vw, 190px\" \/>Henri Pi\u00e9ron (1881-1964) &#8211; <\/b>Psychologie, orientation et \u00e9ducation,<b> <\/b>Broch\u00e9<b>&nbsp; <\/b>\u2013 11 juillet 2016, Octares Editions,<\/p>\n<p style=\"text-align: center;\"><strong>Laurent Gutierrez, J\u00e9r\u00f4me Martin et R\u00e9gis Ouvrier-Bonnaz<\/strong><\/p>\n<p style=\"text-align: center;\"><label>ISBN :&nbsp;<\/label>&nbsp;<span class=\"editable\">978-2-36630-054-3 &#8211; 25\u20ac<\/span><\/p>\n<p style=\"text-align: center;\">&nbsp;<\/p>\n","protected":false},"excerpt":{"rendered":"<p>Les Archives de Jean-Maurice LAHY&nbsp; &nbsp; &nbsp; &nbsp; &nbsp; &nbsp; &nbsp; &nbsp; &nbsp; &nbsp; &nbsp; &nbsp; &nbsp; &nbsp; &nbsp; &nbsp; &nbsp; &nbsp; &nbsp; &nbsp; &nbsp; &nbsp; &nbsp;(1872-1943) &nbsp;\u00e0 Sainte-Anne &nbsp; &nbsp; &nbsp; &nbsp; &nbsp; &nbsp; &nbsp; &nbsp; &nbsp; &nbsp; &nbsp; &nbsp; &nbsp; &nbsp; &nbsp; &nbsp; &nbsp; &nbsp; &nbsp; &nbsp; &nbsp;Regards crois\u00e9s d&rsquo;historiens de psychologues et &hellip; <a href=\"https:\/\/arimep.org\/index.php\/parutions\/\" class=\"more-link\">Continuer la lecture<span class=\"screen-reader-text\"> de &laquo;&nbsp;Parutions&nbsp;&raquo;<\/span><\/a><\/p>\n","protected":false},"author":2,"featured_media":0,"parent":0,"menu_order":0,"comment_status":"closed","ping_status":"closed","template":"","meta":{"_acf_changed":false,"ngg_post_thumbnail":0,"footnotes":""},"class_list":["post-811","page","type-page","status-publish","hentry"],"acf":[],"yoast_head":"<!-- This site is optimized with the Yoast SEO plugin v27.3 - https:\/\/yoast.com\/product\/yoast-seo-wordpress\/ -->\n<title>Parutions - ARIMEP<\/title>\n<meta name=\"robots\" content=\"index, follow, max-snippet:-1, max-image-preview:large, max-video-preview:-1\" \/>\n<link rel=\"canonical\" href=\"https:\/\/arimep.org\/index.php\/parutions\/\" \/>\n<meta property=\"og:locale\" content=\"fr_FR\" \/>\n<meta property=\"og:type\" content=\"article\" \/>\n<meta property=\"og:title\" content=\"Parutions - ARIMEP\" \/>\n<meta property=\"og:description\" content=\"Les Archives de Jean-Maurice LAHY&nbsp; &nbsp; &nbsp; &nbsp; &nbsp; &nbsp; &nbsp; &nbsp; &nbsp; &nbsp; &nbsp; &nbsp; &nbsp; &nbsp; &nbsp; &nbsp; &nbsp; &nbsp; &nbsp; &nbsp; &nbsp; &nbsp; &nbsp;(1872-1943) &nbsp;\u00e0 Sainte-Anne &nbsp; &nbsp; &nbsp; &nbsp; &nbsp; &nbsp; &nbsp; &nbsp; &nbsp; &nbsp; &nbsp; &nbsp; &nbsp; &nbsp; &nbsp; &nbsp; &nbsp; &nbsp; &nbsp; &nbsp; &nbsp;Regards crois\u00e9s d&rsquo;historiens de psychologues et &hellip; Continuer la lecture de &laquo;&nbsp;Parutions&nbsp;&raquo;\" \/>\n<meta property=\"og:url\" content=\"https:\/\/arimep.org\/index.php\/parutions\/\" \/>\n<meta property=\"og:site_name\" content=\"ARIMEP\" \/>\n<meta property=\"article:modified_time\" content=\"2019-12-02T14:07:29+00:00\" \/>\n<meta property=\"og:image\" content=\"http:\/\/arimep.org\/wp-content\/uploads\/2019\/12\/Lahy-221x300.png\" \/>\n<meta name=\"twitter:card\" content=\"summary_large_image\" \/>\n<meta name=\"twitter:label1\" content=\"Dur\u00e9e de lecture estim\u00e9e\" \/>\n\t<meta name=\"twitter:data1\" content=\"1 minute\" \/>\n<script type=\"application\/ld+json\" class=\"yoast-schema-graph\">{\"@context\":\"https:\\\/\\\/schema.org\",\"@graph\":[{\"@type\":\"WebPage\",\"@id\":\"https:\\\/\\\/arimep.org\\\/index.php\\\/parutions\\\/\",\"url\":\"https:\\\/\\\/arimep.org\\\/index.php\\\/parutions\\\/\",\"name\":\"Parutions - ARIMEP\",\"isPartOf\":{\"@id\":\"https:\\\/\\\/arimep.org\\\/#website\"},\"primaryImageOfPage\":{\"@id\":\"https:\\\/\\\/arimep.org\\\/index.php\\\/parutions\\\/#primaryimage\"},\"image\":{\"@id\":\"https:\\\/\\\/arimep.org\\\/index.php\\\/parutions\\\/#primaryimage\"},\"thumbnailUrl\":\"http:\\\/\\\/arimep.org\\\/wp-content\\\/uploads\\\/2019\\\/12\\\/Lahy-221x300.png\",\"datePublished\":\"2017-01-06T13:02:02+00:00\",\"dateModified\":\"2019-12-02T14:07:29+00:00\",\"breadcrumb\":{\"@id\":\"https:\\\/\\\/arimep.org\\\/index.php\\\/parutions\\\/#breadcrumb\"},\"inLanguage\":\"fr-FR\",\"potentialAction\":[{\"@type\":\"ReadAction\",\"target\":[\"https:\\\/\\\/arimep.org\\\/index.php\\\/parutions\\\/\"]}]},{\"@type\":\"ImageObject\",\"inLanguage\":\"fr-FR\",\"@id\":\"https:\\\/\\\/arimep.org\\\/index.php\\\/parutions\\\/#primaryimage\",\"url\":\"http:\\\/\\\/arimep.org\\\/wp-content\\\/uploads\\\/2019\\\/12\\\/Lahy-221x300.png\",\"contentUrl\":\"http:\\\/\\\/arimep.org\\\/wp-content\\\/uploads\\\/2019\\\/12\\\/Lahy-221x300.png\"},{\"@type\":\"BreadcrumbList\",\"@id\":\"https:\\\/\\\/arimep.org\\\/index.php\\\/parutions\\\/#breadcrumb\",\"itemListElement\":[{\"@type\":\"ListItem\",\"position\":1,\"name\":\"Accueil\",\"item\":\"https:\\\/\\\/arimep.org\\\/\"},{\"@type\":\"ListItem\",\"position\":2,\"name\":\"Parutions\"}]},{\"@type\":\"WebSite\",\"@id\":\"https:\\\/\\\/arimep.org\\\/#website\",\"url\":\"https:\\\/\\\/arimep.org\\\/\",\"name\":\"ARIMEP\",\"description\":\"Association pour la Recherche et l&#039;Intervention Mus\u00e9ale en Psychologie\",\"potentialAction\":[{\"@type\":\"SearchAction\",\"target\":{\"@type\":\"EntryPoint\",\"urlTemplate\":\"https:\\\/\\\/arimep.org\\\/?s={search_term_string}\"},\"query-input\":{\"@type\":\"PropertyValueSpecification\",\"valueRequired\":true,\"valueName\":\"search_term_string\"}}],\"inLanguage\":\"fr-FR\"}]}<\/script>\n<!-- \/ Yoast SEO plugin. -->","yoast_head_json":{"title":"Parutions - ARIMEP","robots":{"index":"index","follow":"follow","max-snippet":"max-snippet:-1","max-image-preview":"max-image-preview:large","max-video-preview":"max-video-preview:-1"},"canonical":"https:\/\/arimep.org\/index.php\/parutions\/","og_locale":"fr_FR","og_type":"article","og_title":"Parutions - ARIMEP","og_description":"Les Archives de Jean-Maurice LAHY&nbsp; &nbsp; &nbsp; &nbsp; &nbsp; &nbsp; &nbsp; &nbsp; &nbsp; &nbsp; &nbsp; &nbsp; &nbsp; &nbsp; &nbsp; &nbsp; &nbsp; &nbsp; &nbsp; &nbsp; &nbsp; &nbsp; &nbsp;(1872-1943) &nbsp;\u00e0 Sainte-Anne &nbsp; &nbsp; &nbsp; &nbsp; &nbsp; &nbsp; &nbsp; &nbsp; &nbsp; &nbsp; &nbsp; &nbsp; &nbsp; &nbsp; &nbsp; &nbsp; &nbsp; &nbsp; &nbsp; &nbsp; &nbsp;Regards crois\u00e9s d&rsquo;historiens de psychologues et &hellip; Continuer la lecture de &laquo;&nbsp;Parutions&nbsp;&raquo;","og_url":"https:\/\/arimep.org\/index.php\/parutions\/","og_site_name":"ARIMEP","article_modified_time":"2019-12-02T14:07:29+00:00","og_image":[{"url":"http:\/\/arimep.org\/wp-content\/uploads\/2019\/12\/Lahy-221x300.png","type":"","width":"","height":""}],"twitter_card":"summary_large_image","twitter_misc":{"Dur\u00e9e de lecture estim\u00e9e":"1 minute"},"schema":{"@context":"https:\/\/schema.org","@graph":[{"@type":"WebPage","@id":"https:\/\/arimep.org\/index.php\/parutions\/","url":"https:\/\/arimep.org\/index.php\/parutions\/","name":"Parutions - ARIMEP","isPartOf":{"@id":"https:\/\/arimep.org\/#website"},"primaryImageOfPage":{"@id":"https:\/\/arimep.org\/index.php\/parutions\/#primaryimage"},"image":{"@id":"https:\/\/arimep.org\/index.php\/parutions\/#primaryimage"},"thumbnailUrl":"http:\/\/arimep.org\/wp-content\/uploads\/2019\/12\/Lahy-221x300.png","datePublished":"2017-01-06T13:02:02+00:00","dateModified":"2019-12-02T14:07:29+00:00","breadcrumb":{"@id":"https:\/\/arimep.org\/index.php\/parutions\/#breadcrumb"},"inLanguage":"fr-FR","potentialAction":[{"@type":"ReadAction","target":["https:\/\/arimep.org\/index.php\/parutions\/"]}]},{"@type":"ImageObject","inLanguage":"fr-FR","@id":"https:\/\/arimep.org\/index.php\/parutions\/#primaryimage","url":"http:\/\/arimep.org\/wp-content\/uploads\/2019\/12\/Lahy-221x300.png","contentUrl":"http:\/\/arimep.org\/wp-content\/uploads\/2019\/12\/Lahy-221x300.png"},{"@type":"BreadcrumbList","@id":"https:\/\/arimep.org\/index.php\/parutions\/#breadcrumb","itemListElement":[{"@type":"ListItem","position":1,"name":"Accueil","item":"https:\/\/arimep.org\/"},{"@type":"ListItem","position":2,"name":"Parutions"}]},{"@type":"WebSite","@id":"https:\/\/arimep.org\/#website","url":"https:\/\/arimep.org\/","name":"ARIMEP","description":"Association pour la Recherche et l&#039;Intervention Mus\u00e9ale en Psychologie","potentialAction":[{"@type":"SearchAction","target":{"@type":"EntryPoint","urlTemplate":"https:\/\/arimep.org\/?s={search_term_string}"},"query-input":{"@type":"PropertyValueSpecification","valueRequired":true,"valueName":"search_term_string"}}],"inLanguage":"fr-FR"}]}},"jetpack_sharing_enabled":true,"jetpack_shortlink":"https:\/\/wp.me\/P77Fnr-d5","jetpack-related-posts":[],"_links":{"self":[{"href":"https:\/\/arimep.org\/index.php\/wp-json\/wp\/v2\/pages\/811","targetHints":{"allow":["GET"]}}],"collection":[{"href":"https:\/\/arimep.org\/index.php\/wp-json\/wp\/v2\/pages"}],"about":[{"href":"https:\/\/arimep.org\/index.php\/wp-json\/wp\/v2\/types\/page"}],"author":[{"embeddable":true,"href":"https:\/\/arimep.org\/index.php\/wp-json\/wp\/v2\/users\/2"}],"replies":[{"embeddable":true,"href":"https:\/\/arimep.org\/index.php\/wp-json\/wp\/v2\/comments?post=811"}],"version-history":[{"count":4,"href":"https:\/\/arimep.org\/index.php\/wp-json\/wp\/v2\/pages\/811\/revisions"}],"predecessor-version":[{"id":1549,"href":"https:\/\/arimep.org\/index.php\/wp-json\/wp\/v2\/pages\/811\/revisions\/1549"}],"wp:attachment":[{"href":"https:\/\/arimep.org\/index.php\/wp-json\/wp\/v2\/media?parent=811"}],"curies":[{"name":"wp","href":"https:\/\/api.w.org\/{rel}","templated":true}]}}