{"id":77,"date":"2016-01-07T09:15:33","date_gmt":"2016-01-07T09:15:33","guid":{"rendered":"http:\/\/arimep.org\/?page_id=77"},"modified":"2019-10-10T11:25:53","modified_gmt":"2019-10-10T10:25:53","slug":"statuts-de-lassociation","status":"publish","type":"page","link":"https:\/\/arimep.org\/index.php\/statuts-de-lassociation\/","title":{"rendered":"Statuts de l&rsquo;Association"},"content":{"rendered":"<p><b>L\u2019Association pour la recherche et l\u2019intervention mus\u00e9ale en psychologie<\/b><\/p>\n<p><b>(ARIMEP)<\/b><\/p>\n<p>Article premier:<\/p>\n<p style=\"text-align: justify;\">Il est cr\u00e9\u00e9 une association nomm\u00e9e <strong>Association pour la recherche et l\u2019intervention mus\u00e9ale en psychologie (ARIMEP)<\/strong>. Les buts de cette association sont les suivants :<\/p>\n<ul>\n<li style=\"text-align: justify;\">&#8211; Recenser tous les objets mat\u00e9riels ou immat\u00e9riels appartenant \u00e0 l&rsquo;\u00c9tat ou \u00e0 des propri\u00e9taires priv\u00e9s ou associatifs et ayant jou\u00e9 dans l&rsquo;histoire de la recherche, de l&rsquo;enseignement ou de la pratique en psychologie un r\u00f4le historique.<\/li>\n<li style=\"text-align: justify;\">&#8211; Faire conna\u00eetre aux psychologues et au public l&rsquo;existence de ces divers objets et les conditions dans lesquelles il est possible de les consulter. Favoriser leur accessibilit\u00e9.<\/li>\n<li style=\"text-align: justify;\">&#8211; Agir \u00e0 chaque fois que n\u00e9cessaire pour la conservation de ces objets, en coop\u00e9ration avec tous les acteurs susceptibles d&rsquo;aider \u00e0 la conservation du patrimoine de la psychologie.<\/li>\n<li style=\"text-align: justify;\">&#8211; Entretenir des relations avec les institutions et organisations fran\u00e7aises ou \u00e9trang\u00e8res agissant dans le domaine de la mus\u00e9ologie en psychologie.<\/li>\n<\/ul>\n<p>Article 2:<\/p>\n<p>Le si\u00e8ge de l&rsquo;association est situ\u00e9 chez Madame R\u00e9gine Pas, 7, rue des Ecouffes,&nbsp;75004 Paris. Il pourra \u00eatre chang\u00e9 sur d\u00e9cision du CA.<\/p>\n<p>Article 3:<\/p>\n<p>L&rsquo;ARIMEP comprend quatre types de membres:<\/p>\n<ul>\n<li style=\"text-align: justify;\">&#8211; Les membres actifs sont des personnes physiques qui paient la cotisation de base annuellement fix\u00e9e par l&rsquo;Assembl\u00e9e g\u00e9n\u00e9rale.<\/li>\n<li style=\"text-align: justify;\">&#8211; Les membres donateurs sont des personnes physiques qui paient une cotisation au moins \u00e9gale au double de la cotisation de base.<\/li>\n<li style=\"text-align: justify;\">&#8211; Les membres associ\u00e9s en r\u00e9seau sont des personnes morales qui exercent le m\u00eame type d&rsquo;action que l&rsquo;ARIMEP, et qui s&rsquo;organisent avec elle en un r\u00e9seau national de mus\u00e9ologie de la psychologie.<\/li>\n<li style=\"text-align: justify;\">&#8211; Les membres associ\u00e9s en soutien sont des personnes morales (entreprises priv\u00e9es, UFR ou d\u00e9partements de psychologie, mus\u00e9es existants, collectivit\u00e9s territoriales, etc.) qui souhaitent soutenir l&rsquo;action de l&rsquo;ARIMEP ou collaborer avec elle et qui lui apportent de l&rsquo;argent ou des services.<\/li>\n<\/ul>\n<p style=\"text-align: justify;\">Les personnes morales d\u00e9sign\u00e9es ci-dessus ont un repr\u00e9sentant au CA de l&rsquo;ARIMEP. Si possible, ce repr\u00e9sentant est membre individuel de l&rsquo;ARIMEP. Il a une voix consultative au CA<\/p>\n<p style=\"text-align: justify;\">La qualit\u00e9 de membre de l&rsquo;ARIMEP se perd pour les personnes physiques par d\u00e9mission, radiation automatique en cas de non-paiement de la cotisation ou exclusion prononc\u00e9e par le CA en cas de motif grave portant pr\u00e9judice moral ou mat\u00e9riel \u00e0 l\u2019association, \u00e0 la discipline ou \u00e0 la profession. La personne concern\u00e9e est entendue par le CA avant la prise de la d\u00e9cision d\u2019exclusion. La qualit\u00e9 de membre de l&rsquo;ARIMEP se perd pour les personnes morales exer\u00e7ant le m\u00eame type d&rsquo;action que l&rsquo;ARIMEP en cas de divergences graves sur les objectifs de l&rsquo;action, constat\u00e9e par le CA et apr\u00e8s un vote de l&rsquo;Assembl\u00e9e G\u00e9n\u00e9rale. La qualit\u00e9 de membre de l&rsquo;ARIMEP se perd pour les personnes morales qui sont membres au titre du soutien de l&rsquo;action de l&rsquo;ARIMEP si ce soutien cesse pendant une dur\u00e9e de plus d&rsquo;un an, cessation constat\u00e9e par le tr\u00e9sorier de l&rsquo;ARIMEP.<\/p>\n<p>Les instances de l&rsquo;ARIMEP sont les suivantes :<\/p>\n<p><b>L&rsquo;Assembl\u00e9e G\u00e9n\u00e9rale<\/b>. Elle comprend tous les personnes physiques membres de l&rsquo;ARIMEP \u00e0 jour de leur cotisation. Elle se r\u00e9unit au moins une fois par an et sur d\u00e9cision du Bureau National ou \u00e0 la demande d&rsquo;au moins 1\/3 des membres du CA. Elle \u00e9lit le CA et le Bureau. Elle d\u00e9termine les orientations de l&rsquo;action de l&rsquo;association. Elle fixe chaque ann\u00e9e le montant de la cotisation.<\/p>\n<p>Le <b>Conseil d&rsquo;Administration<\/b> (CA) est compos\u00e9 de deux types de membres : &nbsp; &nbsp; &nbsp; &nbsp; &nbsp; &nbsp; &nbsp; &nbsp; &nbsp; &nbsp; &nbsp; &nbsp; &nbsp; &nbsp; &nbsp; &nbsp; &nbsp; &nbsp;&nbsp;<\/p>\n<p>&#8211; Les personnes qui exercent dans l&rsquo;ARIMEP une fonction pr\u00e9cis\u00e9ment d\u00e9finie dans le r\u00e8glement int\u00e9rieur (bureau, r\u00e9daction du bulletin ou de divers documents, sur papier ou \u00e9lectroniques, inventaires, relations avec d&rsquo;autres organisations ou organismes, gestion d&rsquo;un site web, etc.) ou une mission provisoire.<\/p>\n<p>&#8211; Les repr\u00e9sentants des organisations associ\u00e9es qui sont nomm\u00e9es par celles-ci et ont voix consultative. Le CA est r\u00e9uni au moins deux fois par an et sur d\u00e9cision du Bureau ou \u00e0 la demande d&rsquo;au moins 1\/3 de ses membres.&nbsp;Si n\u00e9cessaire, des r\u00e9unions de CA peuvent se tenir par l&rsquo;interm\u00e9diaire des moyens modernes de communication et donc sans pr\u00e9sence des membres dans un m\u00eame lieu.&nbsp;Le CA est l&rsquo;instance d\u00e9cisionnelle de l&rsquo;ARIMEP entre deux Assembl\u00e9es G\u00e9n\u00e9rales. Il peut en particulier coopter un membre dans le cadre de la mise en place d&rsquo;une nouvelle mission. Cette nomination devra \u00eatre ratifi\u00e9e par l&rsquo;Assembl\u00e9e G\u00e9n\u00e9rale qui suit.&nbsp;<\/p>\n<p>Le <b>Bureau<\/b> est compos\u00e9 d&rsquo;un pr\u00e9sident, d&rsquo;un secr\u00e9taire g\u00e9n\u00e9ral et d&rsquo;un tr\u00e9sorier. Les membres du Bureau sont \u00e9lus pour une dur\u00e9e de trois ans renouvelable une fois. Le Bureau se r\u00e9unit au moins deux fois par an et sur d\u00e9cision du pr\u00e9sident ou \u00e0 la demande conjointe du tr\u00e9sorier et du Secr\u00e9taire G\u00e9n\u00e9ral. Si n\u00e9cessaire, des r\u00e9unions de bureau peuvent se tenir par l&rsquo;interm\u00e9diaire des moyens modernes de communication et donc sans pr\u00e9sence des membres dans un m\u00eame lieu. Sur d\u00e9cision de l&rsquo;Assembl\u00e9e G\u00e9n\u00e9rale, le Pr\u00e9sident, le Secr\u00e9taire G\u00e9n\u00e9ral et le Tr\u00e9sorier peuvent \u00eatre assist\u00e9s d&rsquo;un adjoint.<\/p>\n<p>Article 4:<\/p>\n<p style=\"text-align: justify;\">Le pr\u00e9sident repr\u00e9sente l&rsquo;association dans les actes de la vie civile, aupr\u00e8s des pouvoirs publics et des organismes ext\u00e9rieurs. Il la repr\u00e9sente en justice. Il propose au bureau et au CA des actions correspondant aux n\u00e9cessit\u00e9s du moment. Il veille \u00e0 entretenir de bonnes relations avec les diff\u00e9rentes organisations de psychologues et \u00e0 les tenir au courant des actions de l&rsquo;ARIMEP. Chaque ann\u00e9e, il pr\u00e9sente \u00e0 l&rsquo;Assembl\u00e9e G\u00e9n\u00e9rale un rapport moral.<\/p>\n<p style=\"text-align: justify;\">Article 5:<\/p>\n<p style=\"text-align: justify;\">Le Secr\u00e9taire G\u00e9n\u00e9ral est charg\u00e9, en liaison avec le tr\u00e9sorier, du suivi des adh\u00e9sions \u00e0 l&rsquo;ARIMEP. Il est \u00e9galement charg\u00e9 de tout ce qui concerne la communication interne et externe de l&rsquo;ARIMEP : il r\u00e9dige les comptes-rendus des Assembl\u00e9es G\u00e9n\u00e9rales et des Conseils d&rsquo;Administration, ainsi que les relev\u00e9s de d\u00e9cision du bureau. Il est charg\u00e9 des relations avec la personne exer\u00e7ant la fonction de webmestre de l&rsquo;association.<\/p>\n<p style=\"text-align: justify;\">Article 6:<\/p>\n<p style=\"text-align: justify;\">Le tr\u00e9sorier est charg\u00e9 de la gestion financi\u00e8re de l&rsquo;ARIMEP. Il veille \u00e0 la rentr\u00e9e r\u00e9guli\u00e8re des cotisations et recherche les possibilit\u00e9s de subventions. Il pr\u00e9sente chaque ann\u00e9e un rapport financier \u00e0 l&rsquo;Assembl\u00e9e G\u00e9n\u00e9rale. Il vise \u00e0 ce que l&rsquo;association r\u00e9unisse d\u00e8s que possible les conditions financi\u00e8res pour \u00eatre reconnue d&rsquo;utilit\u00e9 publique.<\/p>\n<p>Article 7<\/p>\n<p style=\"text-align: justify;\">Un r\u00e8glement int\u00e9rieur donne des pr\u00e9cisions suppl\u00e9mentaires sur le fonctionnement de l&rsquo;ARIMEP.<\/p>\n<p style=\"text-align: justify;\">Article 8:<\/p>\n<p style=\"text-align: justify;\">Les statuts de l&rsquo;ARIMEP peuvent \u00eatre modifi\u00e9s par l&rsquo;Assembl\u00e9e G\u00e9n\u00e9rale. L&rsquo;ARIMEP peut \u00eatre dissoute par l&rsquo;Assembl\u00e9e G\u00e9n\u00e9rale, \u00e0 la majorit\u00e9 des 2\/3. Les biens de l&rsquo;association sont alors d\u00e9volus \u00e0 l&rsquo;organisation de psychologues dont les objectifs se rapprochent le plus de ceux de l&rsquo;ARIMEP.<\/p>\n<p>Adopt\u00e9s le 18 Mars 2015 modifi\u00e9s en 2017<\/p>\n<p>*********************************************************<\/p>\n<p style=\"text-align: justify;\">&nbsp;<\/p>\n","protected":false},"excerpt":{"rendered":"<p>L\u2019Association pour la recherche et l\u2019intervention mus\u00e9ale en psychologie (ARIMEP) Article premier: Il est cr\u00e9\u00e9 une association nomm\u00e9e Association pour la recherche et l\u2019intervention mus\u00e9ale en psychologie (ARIMEP). Les buts de cette association sont les suivants : &#8211; Recenser tous les objets mat\u00e9riels ou immat\u00e9riels appartenant \u00e0 l&rsquo;\u00c9tat ou \u00e0 des propri\u00e9taires priv\u00e9s ou associatifs &hellip; <a href=\"https:\/\/arimep.org\/index.php\/statuts-de-lassociation\/\" class=\"more-link\">Continuer la lecture<span class=\"screen-reader-text\"> de &laquo;&nbsp;Statuts de l&rsquo;Association&nbsp;&raquo;<\/span><\/a><\/p>\n","protected":false},"author":1,"featured_media":0,"parent":0,"menu_order":0,"comment_status":"closed","ping_status":"closed","template":"","meta":{"_acf_changed":false,"ngg_post_thumbnail":0,"footnotes":""},"class_list":["post-77","page","type-page","status-publish","hentry"],"acf":[],"yoast_head":"<!-- This site is optimized with the Yoast SEO plugin v27.3 - https:\/\/yoast.com\/product\/yoast-seo-wordpress\/ -->\n<title>Statuts de l&#039;Association - ARIMEP<\/title>\n<meta name=\"robots\" content=\"index, follow, max-snippet:-1, max-image-preview:large, max-video-preview:-1\" \/>\n<link rel=\"canonical\" href=\"https:\/\/arimep.org\/index.php\/statuts-de-lassociation\/\" \/>\n<meta property=\"og:locale\" content=\"fr_FR\" \/>\n<meta property=\"og:type\" content=\"article\" \/>\n<meta property=\"og:title\" content=\"Statuts de l&#039;Association - ARIMEP\" \/>\n<meta property=\"og:description\" content=\"L\u2019Association pour la recherche et l\u2019intervention mus\u00e9ale en psychologie (ARIMEP) Article premier: Il est cr\u00e9\u00e9 une association nomm\u00e9e Association pour la recherche et l\u2019intervention mus\u00e9ale en psychologie (ARIMEP). Les buts de cette association sont les suivants : &#8211; Recenser tous les objets mat\u00e9riels ou immat\u00e9riels appartenant \u00e0 l&rsquo;\u00c9tat ou \u00e0 des propri\u00e9taires priv\u00e9s ou associatifs &hellip; Continuer la lecture de &laquo;&nbsp;Statuts de l&rsquo;Association&nbsp;&raquo;\" \/>\n<meta property=\"og:url\" content=\"https:\/\/arimep.org\/index.php\/statuts-de-lassociation\/\" \/>\n<meta property=\"og:site_name\" content=\"ARIMEP\" \/>\n<meta property=\"article:modified_time\" content=\"2019-10-10T10:25:53+00:00\" \/>\n<meta name=\"twitter:card\" content=\"summary_large_image\" \/>\n<meta name=\"twitter:label1\" content=\"Dur\u00e9e de lecture estim\u00e9e\" \/>\n\t<meta name=\"twitter:data1\" content=\"6 minutes\" \/>\n<script type=\"application\/ld+json\" class=\"yoast-schema-graph\">{\"@context\":\"https:\\\/\\\/schema.org\",\"@graph\":[{\"@type\":\"WebPage\",\"@id\":\"https:\\\/\\\/arimep.org\\\/index.php\\\/statuts-de-lassociation\\\/\",\"url\":\"https:\\\/\\\/arimep.org\\\/index.php\\\/statuts-de-lassociation\\\/\",\"name\":\"Statuts de l'Association - ARIMEP\",\"isPartOf\":{\"@id\":\"https:\\\/\\\/arimep.org\\\/#website\"},\"datePublished\":\"2016-01-07T09:15:33+00:00\",\"dateModified\":\"2019-10-10T10:25:53+00:00\",\"breadcrumb\":{\"@id\":\"https:\\\/\\\/arimep.org\\\/index.php\\\/statuts-de-lassociation\\\/#breadcrumb\"},\"inLanguage\":\"fr-FR\",\"potentialAction\":[{\"@type\":\"ReadAction\",\"target\":[\"https:\\\/\\\/arimep.org\\\/index.php\\\/statuts-de-lassociation\\\/\"]}]},{\"@type\":\"BreadcrumbList\",\"@id\":\"https:\\\/\\\/arimep.org\\\/index.php\\\/statuts-de-lassociation\\\/#breadcrumb\",\"itemListElement\":[{\"@type\":\"ListItem\",\"position\":1,\"name\":\"Accueil\",\"item\":\"https:\\\/\\\/arimep.org\\\/\"},{\"@type\":\"ListItem\",\"position\":2,\"name\":\"Statuts de l&rsquo;Association\"}]},{\"@type\":\"WebSite\",\"@id\":\"https:\\\/\\\/arimep.org\\\/#website\",\"url\":\"https:\\\/\\\/arimep.org\\\/\",\"name\":\"ARIMEP\",\"description\":\"Association pour la Recherche et l&#039;Intervention Mus\u00e9ale en Psychologie\",\"potentialAction\":[{\"@type\":\"SearchAction\",\"target\":{\"@type\":\"EntryPoint\",\"urlTemplate\":\"https:\\\/\\\/arimep.org\\\/?s={search_term_string}\"},\"query-input\":{\"@type\":\"PropertyValueSpecification\",\"valueRequired\":true,\"valueName\":\"search_term_string\"}}],\"inLanguage\":\"fr-FR\"}]}<\/script>\n<!-- \/ Yoast SEO plugin. -->","yoast_head_json":{"title":"Statuts de l'Association - ARIMEP","robots":{"index":"index","follow":"follow","max-snippet":"max-snippet:-1","max-image-preview":"max-image-preview:large","max-video-preview":"max-video-preview:-1"},"canonical":"https:\/\/arimep.org\/index.php\/statuts-de-lassociation\/","og_locale":"fr_FR","og_type":"article","og_title":"Statuts de l'Association - ARIMEP","og_description":"L\u2019Association pour la recherche et l\u2019intervention mus\u00e9ale en psychologie (ARIMEP) Article premier: Il est cr\u00e9\u00e9 une association nomm\u00e9e Association pour la recherche et l\u2019intervention mus\u00e9ale en psychologie (ARIMEP). Les buts de cette association sont les suivants : &#8211; Recenser tous les objets mat\u00e9riels ou immat\u00e9riels appartenant \u00e0 l&rsquo;\u00c9tat ou \u00e0 des propri\u00e9taires priv\u00e9s ou associatifs &hellip; Continuer la lecture de &laquo;&nbsp;Statuts de l&rsquo;Association&nbsp;&raquo;","og_url":"https:\/\/arimep.org\/index.php\/statuts-de-lassociation\/","og_site_name":"ARIMEP","article_modified_time":"2019-10-10T10:25:53+00:00","twitter_card":"summary_large_image","twitter_misc":{"Dur\u00e9e de lecture estim\u00e9e":"6 minutes"},"schema":{"@context":"https:\/\/schema.org","@graph":[{"@type":"WebPage","@id":"https:\/\/arimep.org\/index.php\/statuts-de-lassociation\/","url":"https:\/\/arimep.org\/index.php\/statuts-de-lassociation\/","name":"Statuts de l'Association - ARIMEP","isPartOf":{"@id":"https:\/\/arimep.org\/#website"},"datePublished":"2016-01-07T09:15:33+00:00","dateModified":"2019-10-10T10:25:53+00:00","breadcrumb":{"@id":"https:\/\/arimep.org\/index.php\/statuts-de-lassociation\/#breadcrumb"},"inLanguage":"fr-FR","potentialAction":[{"@type":"ReadAction","target":["https:\/\/arimep.org\/index.php\/statuts-de-lassociation\/"]}]},{"@type":"BreadcrumbList","@id":"https:\/\/arimep.org\/index.php\/statuts-de-lassociation\/#breadcrumb","itemListElement":[{"@type":"ListItem","position":1,"name":"Accueil","item":"https:\/\/arimep.org\/"},{"@type":"ListItem","position":2,"name":"Statuts de l&rsquo;Association"}]},{"@type":"WebSite","@id":"https:\/\/arimep.org\/#website","url":"https:\/\/arimep.org\/","name":"ARIMEP","description":"Association pour la Recherche et l&#039;Intervention Mus\u00e9ale en Psychologie","potentialAction":[{"@type":"SearchAction","target":{"@type":"EntryPoint","urlTemplate":"https:\/\/arimep.org\/?s={search_term_string}"},"query-input":{"@type":"PropertyValueSpecification","valueRequired":true,"valueName":"search_term_string"}}],"inLanguage":"fr-FR"}]}},"jetpack_sharing_enabled":true,"jetpack_shortlink":"https:\/\/wp.me\/P77Fnr-1f","jetpack-related-posts":[],"_links":{"self":[{"href":"https:\/\/arimep.org\/index.php\/wp-json\/wp\/v2\/pages\/77","targetHints":{"allow":["GET"]}}],"collection":[{"href":"https:\/\/arimep.org\/index.php\/wp-json\/wp\/v2\/pages"}],"about":[{"href":"https:\/\/arimep.org\/index.php\/wp-json\/wp\/v2\/types\/page"}],"author":[{"embeddable":true,"href":"https:\/\/arimep.org\/index.php\/wp-json\/wp\/v2\/users\/1"}],"replies":[{"embeddable":true,"href":"https:\/\/arimep.org\/index.php\/wp-json\/wp\/v2\/comments?post=77"}],"version-history":[{"count":8,"href":"https:\/\/arimep.org\/index.php\/wp-json\/wp\/v2\/pages\/77\/revisions"}],"predecessor-version":[{"id":1297,"href":"https:\/\/arimep.org\/index.php\/wp-json\/wp\/v2\/pages\/77\/revisions\/1297"}],"wp:attachment":[{"href":"https:\/\/arimep.org\/index.php\/wp-json\/wp\/v2\/media?parent=77"}],"curies":[{"name":"wp","href":"https:\/\/api.w.org\/{rel}","templated":true}]}}