{"id":587,"date":"2016-06-03T09:27:17","date_gmt":"2016-06-03T08:27:17","guid":{"rendered":"http:\/\/arimep.org\/?page_id=587"},"modified":"2017-02-10T12:27:42","modified_gmt":"2017-02-10T11:27:42","slug":"institutions","status":"publish","type":"page","link":"https:\/\/arimep.org\/index.php\/institutions\/","title":{"rendered":"Institutions et Collections"},"content":{"rendered":"<p><a href=\"https:\/\/arimep.org\/index.php\/stcrp-laboratoire\/\">Le laboratoire de psychologie de la STCRP<\/a><\/p>\n<p><a href=\"http:\/\/orientation.greo.free.fr\/cnudde%20jean.html\">La Collection \u00ab\u00a0Jean CNUDDE\u00a0\u00bb au Mus\u00e9e d&rsquo;histoire naturelle de LILLE<\/a><\/p>\n<p><a href=\"http:\/\/www.psychologie.parisdescartes.fr\/BIBLIOTHEQUES\">La Biblioth\u00e8que Henri PIERON de l&rsquo;Universit\u00e9 Paris V<\/a><\/p>\n<p><a href=\"http:\/\/www.sncf.com\/fr\/groupe\/archives\" target=\"_self\">Le Centre des Archives historiques de la S<\/a><a href=\"http:\/\/www.sncf.com\/fr\/groupe\/archives\">NCF :&nbsp;Service d&rsquo;Archives et de Documentation SNCF (SARDO)<\/a><\/p>\n<p><a href=\"https:\/\/www.sites.univ-rennes2.fr\/crpcc\/lpe\/musee\/page_accueil.html\">Universit\u00e9 de RENNES 2 Haute-Bretagne . Le Mus\u00e9e BOURDON<\/a><\/p>\n<p style=\"text-align: justify;\"><a href=\"http:\/\/www.patstec.fr\/PSETT\" target=\"_self\">La Mission nationale de sauvegarde et de valorisation du patrimoine scientifique et technique contemporain.&nbsp;PATSTEC<\/a><\/p>\n<p>L&rsquo;<a href=\"http:\/\/orientation.greo.free.fr\/batteries\/Batteries%20de%20tests004.jpg\" target=\"_self\">Inetop et sa testoth\u00e8que<\/a><\/p>\n<p>Le&nbsp;<a href=\"http:\/\/www.ch-sainte-anne.fr\/Etablissement\/Historique\/(language)\/fre-FR\">Mus\u00e9e de Sainte-Anne<\/a><\/p>\n<p>&nbsp;<\/p>\n","protected":false},"excerpt":{"rendered":"<p>Le laboratoire de psychologie de la STCRP La Collection \u00ab\u00a0Jean CNUDDE\u00a0\u00bb au Mus\u00e9e d&rsquo;histoire naturelle de LILLE La Biblioth\u00e8que Henri PIERON de l&rsquo;Universit\u00e9 Paris V Le Centre des Archives historiques de la SNCF :&nbsp;Service d&rsquo;Archives et de Documentation SNCF (SARDO) Universit\u00e9 de RENNES 2 Haute-Bretagne . Le Mus\u00e9e BOURDON La Mission nationale de sauvegarde et &hellip; <a href=\"https:\/\/arimep.org\/index.php\/institutions\/\" class=\"more-link\">Continuer la lecture<span class=\"screen-reader-text\"> de &laquo;&nbsp;Institutions et Collections&nbsp;&raquo;<\/span><\/a><\/p>\n","protected":false},"author":2,"featured_media":0,"parent":0,"menu_order":9,"comment_status":"closed","ping_status":"closed","template":"","meta":{"_acf_changed":false,"ngg_post_thumbnail":0,"footnotes":""},"class_list":["post-587","page","type-page","status-publish","hentry"],"acf":[],"yoast_head":"<!-- This site is optimized with the Yoast SEO plugin v27.3 - https:\/\/yoast.com\/product\/yoast-seo-wordpress\/ -->\n<title>Institutions et Collections - ARIMEP<\/title>\n<meta name=\"robots\" content=\"index, follow, max-snippet:-1, max-image-preview:large, max-video-preview:-1\" \/>\n<link rel=\"canonical\" href=\"https:\/\/arimep.org\/index.php\/institutions\/\" \/>\n<meta property=\"og:locale\" content=\"fr_FR\" \/>\n<meta property=\"og:type\" content=\"article\" \/>\n<meta property=\"og:title\" content=\"Institutions et Collections - ARIMEP\" \/>\n<meta property=\"og:description\" content=\"Le laboratoire de psychologie de la STCRP La Collection \u00ab\u00a0Jean CNUDDE\u00a0\u00bb au Mus\u00e9e d&rsquo;histoire naturelle de LILLE La Biblioth\u00e8que Henri PIERON de l&rsquo;Universit\u00e9 Paris V Le Centre des Archives historiques de la SNCF :&nbsp;Service d&rsquo;Archives et de Documentation SNCF (SARDO) Universit\u00e9 de RENNES 2 Haute-Bretagne . Le Mus\u00e9e BOURDON La Mission nationale de sauvegarde et &hellip; Continuer la lecture de &laquo;&nbsp;Institutions et Collections&nbsp;&raquo;\" \/>\n<meta property=\"og:url\" content=\"https:\/\/arimep.org\/index.php\/institutions\/\" \/>\n<meta property=\"og:site_name\" content=\"ARIMEP\" \/>\n<meta property=\"article:modified_time\" content=\"2017-02-10T11:27:42+00:00\" \/>\n<meta name=\"twitter:card\" content=\"summary_large_image\" \/>\n<script type=\"application\/ld+json\" class=\"yoast-schema-graph\">{\"@context\":\"https:\\\/\\\/schema.org\",\"@graph\":[{\"@type\":\"WebPage\",\"@id\":\"https:\\\/\\\/arimep.org\\\/index.php\\\/institutions\\\/\",\"url\":\"https:\\\/\\\/arimep.org\\\/index.php\\\/institutions\\\/\",\"name\":\"Institutions et Collections - ARIMEP\",\"isPartOf\":{\"@id\":\"https:\\\/\\\/arimep.org\\\/#website\"},\"datePublished\":\"2016-06-03T08:27:17+00:00\",\"dateModified\":\"2017-02-10T11:27:42+00:00\",\"breadcrumb\":{\"@id\":\"https:\\\/\\\/arimep.org\\\/index.php\\\/institutions\\\/#breadcrumb\"},\"inLanguage\":\"fr-FR\",\"potentialAction\":[{\"@type\":\"ReadAction\",\"target\":[\"https:\\\/\\\/arimep.org\\\/index.php\\\/institutions\\\/\"]}]},{\"@type\":\"BreadcrumbList\",\"@id\":\"https:\\\/\\\/arimep.org\\\/index.php\\\/institutions\\\/#breadcrumb\",\"itemListElement\":[{\"@type\":\"ListItem\",\"position\":1,\"name\":\"Accueil\",\"item\":\"https:\\\/\\\/arimep.org\\\/\"},{\"@type\":\"ListItem\",\"position\":2,\"name\":\"Institutions et Collections\"}]},{\"@type\":\"WebSite\",\"@id\":\"https:\\\/\\\/arimep.org\\\/#website\",\"url\":\"https:\\\/\\\/arimep.org\\\/\",\"name\":\"ARIMEP\",\"description\":\"Association pour la Recherche et l&#039;Intervention Mus\u00e9ale en Psychologie\",\"potentialAction\":[{\"@type\":\"SearchAction\",\"target\":{\"@type\":\"EntryPoint\",\"urlTemplate\":\"https:\\\/\\\/arimep.org\\\/?s={search_term_string}\"},\"query-input\":{\"@type\":\"PropertyValueSpecification\",\"valueRequired\":true,\"valueName\":\"search_term_string\"}}],\"inLanguage\":\"fr-FR\"}]}<\/script>\n<!-- \/ Yoast SEO plugin. -->","yoast_head_json":{"title":"Institutions et Collections - ARIMEP","robots":{"index":"index","follow":"follow","max-snippet":"max-snippet:-1","max-image-preview":"max-image-preview:large","max-video-preview":"max-video-preview:-1"},"canonical":"https:\/\/arimep.org\/index.php\/institutions\/","og_locale":"fr_FR","og_type":"article","og_title":"Institutions et Collections - ARIMEP","og_description":"Le laboratoire de psychologie de la STCRP La Collection \u00ab\u00a0Jean CNUDDE\u00a0\u00bb au Mus\u00e9e d&rsquo;histoire naturelle de LILLE La Biblioth\u00e8que Henri PIERON de l&rsquo;Universit\u00e9 Paris V Le Centre des Archives historiques de la SNCF :&nbsp;Service d&rsquo;Archives et de Documentation SNCF (SARDO) Universit\u00e9 de RENNES 2 Haute-Bretagne . Le Mus\u00e9e BOURDON La Mission nationale de sauvegarde et &hellip; Continuer la lecture de &laquo;&nbsp;Institutions et Collections&nbsp;&raquo;","og_url":"https:\/\/arimep.org\/index.php\/institutions\/","og_site_name":"ARIMEP","article_modified_time":"2017-02-10T11:27:42+00:00","twitter_card":"summary_large_image","schema":{"@context":"https:\/\/schema.org","@graph":[{"@type":"WebPage","@id":"https:\/\/arimep.org\/index.php\/institutions\/","url":"https:\/\/arimep.org\/index.php\/institutions\/","name":"Institutions et Collections - ARIMEP","isPartOf":{"@id":"https:\/\/arimep.org\/#website"},"datePublished":"2016-06-03T08:27:17+00:00","dateModified":"2017-02-10T11:27:42+00:00","breadcrumb":{"@id":"https:\/\/arimep.org\/index.php\/institutions\/#breadcrumb"},"inLanguage":"fr-FR","potentialAction":[{"@type":"ReadAction","target":["https:\/\/arimep.org\/index.php\/institutions\/"]}]},{"@type":"BreadcrumbList","@id":"https:\/\/arimep.org\/index.php\/institutions\/#breadcrumb","itemListElement":[{"@type":"ListItem","position":1,"name":"Accueil","item":"https:\/\/arimep.org\/"},{"@type":"ListItem","position":2,"name":"Institutions et Collections"}]},{"@type":"WebSite","@id":"https:\/\/arimep.org\/#website","url":"https:\/\/arimep.org\/","name":"ARIMEP","description":"Association pour la Recherche et l&#039;Intervention Mus\u00e9ale en Psychologie","potentialAction":[{"@type":"SearchAction","target":{"@type":"EntryPoint","urlTemplate":"https:\/\/arimep.org\/?s={search_term_string}"},"query-input":{"@type":"PropertyValueSpecification","valueRequired":true,"valueName":"search_term_string"}}],"inLanguage":"fr-FR"}]}},"jetpack_sharing_enabled":true,"jetpack_shortlink":"https:\/\/wp.me\/P77Fnr-9t","jetpack-related-posts":[],"_links":{"self":[{"href":"https:\/\/arimep.org\/index.php\/wp-json\/wp\/v2\/pages\/587","targetHints":{"allow":["GET"]}}],"collection":[{"href":"https:\/\/arimep.org\/index.php\/wp-json\/wp\/v2\/pages"}],"about":[{"href":"https:\/\/arimep.org\/index.php\/wp-json\/wp\/v2\/types\/page"}],"author":[{"embeddable":true,"href":"https:\/\/arimep.org\/index.php\/wp-json\/wp\/v2\/users\/2"}],"replies":[{"embeddable":true,"href":"https:\/\/arimep.org\/index.php\/wp-json\/wp\/v2\/comments?post=587"}],"version-history":[{"count":9,"href":"https:\/\/arimep.org\/index.php\/wp-json\/wp\/v2\/pages\/587\/revisions"}],"predecessor-version":[{"id":863,"href":"https:\/\/arimep.org\/index.php\/wp-json\/wp\/v2\/pages\/587\/revisions\/863"}],"wp:attachment":[{"href":"https:\/\/arimep.org\/index.php\/wp-json\/wp\/v2\/media?parent=587"}],"curies":[{"name":"wp","href":"https:\/\/api.w.org\/{rel}","templated":true}]}}