{"id":57,"date":"2016-01-06T14:02:52","date_gmt":"2016-01-06T14:02:52","guid":{"rendered":"http:\/\/arimep.org\/?page_id=57"},"modified":"2022-06-02T07:50:44","modified_gmt":"2022-06-02T06:50:44","slug":"participer-a-larimep","status":"publish","type":"page","link":"https:\/\/arimep.org\/index.php\/participer-a-larimep\/","title":{"rendered":"Participer \u00e0 l&rsquo;ARIMEP : contributions, adh\u00e9sions, soutiens"},"content":{"rendered":"<p>&nbsp;<\/p>\r\n<p><strong>L&rsquo; Association pour la recherche et l\u2019intervention mus\u00e9ale en psychologie (ARIMEP).<\/strong><\/p>\r\n<div class=\"page\" title=\"Page 1\">\r\n<div class=\"layoutArea\">\r\n<div class=\"column\">\r\n<p style=\"text-align: justify;\"><strong>Les buts de l&rsquo;association sont les suivants :<\/strong><br><strong> \u2022 Recenser et si possible regrouper tous les objets mat\u00e9riels ou immat\u00e9riels appartenant \u00e0 l&rsquo;\u00c9tat ou \u00e0 des propri\u00e9taires priv\u00e9s ou associatifs et ayant jou\u00e9 dans la recherche, l&rsquo;enseignement ou la pratique en psychologie un r\u00f4le. \u2022 Faire conna\u00eetre l&rsquo;existence de ces divers objets et les conditions dans lesquelles il est possible de les consulter.<\/strong><br><strong> \u2022 Agir \u00e0 chaque fois que n\u00e9cessaire pour la conservation de ces objets, en coop\u00e9ration avec tous les acteurs susceptibles d&rsquo;aider \u00e0 la conservation du patrimoine de la psychologie en France.<\/strong><br><strong> \u2022 Entretenir des relations avec les institutions et organisations fran\u00e7aises ou \u00e9trang\u00e8res agissant dans ce m\u00eame domaine de la mus\u00e9ologie en psychologie.<\/strong><\/p>\r\n<p><strong>Adh\u00e9sion :<\/strong><br><strong> Pour devenir adh\u00e9rent et participer \u00e0 la vie de l\u2019association, il suffit :<\/strong><\/p>\r\n<p style=\"text-align: justify;\"><strong>1\/ de compl\u00e9ter le bulletin d&rsquo;adh\u00e9sion disponible ci\u2010dessous, de remplir vos coordonn\u00e9es de contact (personnelles et professionnelles) ainsi que les options propos\u00e9es (inscription \u00e0 la liste de diffusion de l&rsquo;association, diffusion restreinte de vos coordonn\u00e9es aux membres)<\/strong><br><strong> 2\/ de r\u00e9gler la cotisation annuelle, qui permet de prendre part aux votes en assembl\u00e9e g\u00e9n\u00e9rale et par correspondance. De mani\u00e8re \u00e0 permettre la plus large participation possible, la cotisation annuelle pour l&rsquo;ann\u00e9e 2017 a \u00e9t\u00e9 fix\u00e9e \u00e0 une participation minimale de 10 euros.<\/strong><br><strong> 3\/ d&rsquo;envoyer le tout \u00e0 l&rsquo;adresse de notre tr\u00e9sorier (voir bulletin d&rsquo;adh\u00e9sion)<\/strong><\/p>\r\n<p style=\"text-align: justify;\"><strong>4\/ bien que cette option soit facultative, nous vous invitons \u00e0 opter sur le bulletin d&rsquo;adh\u00e9sion pour l&rsquo;abonnement \u00e0 la liste de diffusion \u00e9lectronique r\u00e9serv\u00e9e aux membres de l&rsquo;Association. Cette liste de diffusion est en effet le moyen de communication privil\u00e9gi\u00e9 entre les membres de l&rsquo;association, en dehors de l&rsquo;Assembl\u00e9e g\u00e9n\u00e9rale annuelle. Les \u00e9ventuels privil\u00e8ges ponctuels r\u00e9serv\u00e9s aux adh\u00e9rents (r\u00e9ductions pour des expositions ou des ouvrages, envoi de marques\u2010pages et de flyers, etc.) seront signal\u00e9s par cette voie. Cette liste est aussi le moyen de discuter des actions en cours ou \u00e0 entreprendre.<\/strong><\/p>\r\n<p style=\"text-align: justify;\"><strong>D\u00e8s confirmation de votre adh\u00e9sion, vous serez averti(e) par courriel de votre abonnement \u00e0 la liste.<\/strong><br><strong> Note sur le recueil des donn\u00e9es personnelles : Les informations recueillies sont n\u00e9cessaires pour votre adh\u00e9sion et la bonne gestion de l\u2019Association et ses membres. Elles sont destin\u00e9es uniquement aux membres du Bureau et ne sont pas c\u00e9d\u00e9es ou transmises \u00e0 des tiers. Elles font l\u2019objet d\u2019un traitement informatique, non soumis \u00e0 d\u00e9claration au titre de la dispense n\u00b0 8 issue de la d\u00e9lib\u00e9ration CNIL n\u00b02006\u2010130 du 9 mai 2006 (J.O n\u00b0128 du 3 juin 2006 ). En application de la loi du 6 janvier 1978, vous b\u00e9n\u00e9ficiez d\u2019un droit d\u2019acc\u00e8s, de rectification ou d\u2019opposition aux informations qui vous concernent. Pour exercer ce droit et obtenir communication des informations vous concernant, veuillez vous adresser \u00e0 la Secr\u00e9taire de l\u2019Association (R\u00e9gine PLAS, 7 rue des Ecouffes, 75004 PARIS).<\/strong><\/p>\r\n<p>&nbsp;<\/p>\r\n<p><strong>Bulletin d\u2019adh\u00e9sion Ann\u00e9e 2021<\/strong><\/p>\r\n<p><strong>ARIMEP<\/strong> Association pour la recherche et l\u2019intervention mus\u00e9ale en psychologie. Association Loi 1901M., Mme &nbsp; &nbsp; &nbsp; &nbsp; &nbsp; Nom &nbsp; &nbsp; &nbsp; &nbsp; &nbsp; &nbsp; &nbsp; &nbsp; &nbsp; &nbsp; &nbsp; &nbsp; &nbsp; &nbsp; &nbsp; &nbsp; &nbsp; &nbsp; &nbsp; &nbsp; &nbsp; Pr\u00e9nom:<\/p>\r\n<p>Adresse personnelle ou professionnelle :<\/p>\r\n<p>Code postal :&nbsp; &nbsp; &nbsp; &nbsp; &nbsp; &nbsp; &nbsp; &nbsp; &nbsp; &nbsp; &nbsp; &nbsp; &nbsp; &nbsp; Ville :&nbsp; &nbsp; &nbsp; &nbsp; &nbsp; &nbsp; &nbsp; &nbsp; &nbsp; &nbsp; &nbsp; &nbsp; &nbsp; &nbsp; &nbsp; &nbsp; &nbsp; &nbsp; &nbsp; &nbsp; &nbsp; &nbsp; &nbsp; &nbsp; &nbsp; &nbsp; &nbsp; &nbsp; &nbsp; &nbsp; &nbsp; &nbsp; Pays :<\/p>\r\n<p>Courriel :&nbsp; &nbsp; &nbsp; &nbsp; &nbsp; &nbsp; &nbsp; &nbsp; &nbsp; &nbsp; &nbsp; &nbsp; &nbsp; &nbsp; &nbsp; &nbsp; &nbsp; &nbsp; &nbsp; &nbsp; &nbsp; &nbsp; &nbsp; &nbsp; &nbsp; &nbsp; &nbsp; &nbsp; &nbsp; &nbsp; &nbsp; &nbsp; &nbsp; &nbsp; &nbsp; &nbsp; &nbsp; &nbsp; &nbsp; &nbsp; &nbsp; &nbsp; &nbsp; &nbsp; &nbsp; &nbsp; &nbsp; &nbsp; &nbsp; Tel (facultatif, non diffus\u00e9) :<\/p>\r\n<p>Apr\u00e8s avoir pris connaissance et accept\u00e9 les Statuts et le R\u00e8glement int\u00e9rieur consultables sur le site web de l\u2019ARIMEP, je d\u00e9sire adh\u00e9rer \u00e0 l\u2019ARIMEP et verse \u00e0 ce titre la somme de \u25a1 10 \u20ac (minimum pour les particuliers) \u25a1 20 \u20ac \u25a1 30 \u20ac \u25a1 Autre montant<\/p>\r\n<p>\u25a1 accepte \u25a1 n&rsquo;accepte pas d&rsquo;\u00eatre inscrit sur la liste de diffusion \u00e9lectronique de l&rsquo;Association<\/p>\r\n<p>\u25a1 accepte \u25a1 n&rsquo;accepte pas que mes coordonn\u00e9es soient communiqu\u00e9es \u00e0 d\u2019autres membres de l\u2019Association<\/p>\r\n<p>Date et signature :<\/p>\r\n<p>Ce bulletin compl\u00e9t\u00e9 est \u00e0 adresser par voie postale, accompagn\u00e9 du r\u00e8glement de cotisation par ch\u00e8que \u00e0 l&rsquo;ordre de \u00ab ARIMEP\u00bb \u00e0 <strong>Mme<\/strong>&nbsp;<strong>R\u00e9gine PLAS, ARIMEP, 7 rue des Ecouffes, 75004 PARIS<\/strong>.<\/p>\r\n<p><strong>En attente de nouvelles coordonn\u00e9es bancaires pour les virements<\/strong><\/p>\r\n<\/div>\r\n<\/div>\r\n<\/div>\r\n\r\n\r\n\r\n<div class=\"wp-block-file\"><a href=\"https:\/\/arimep.org\/wp-content\/uploads\/2021\/03\/adhesion-2021-.pdf\">adh\u00e9sion 2021<\/a><\/div>\r\n\r\n\r\n\r\n<p>&nbsp;<\/p>\r\n\r\n\r\n\r\n\r\n\r\n<p><span style=\"color: #000000; font-family: Arial; font-size: medium;\"><b>Bulletin pour les Associations et les Institutions qui souhaitent apporter leur soutien \u00e0 l\u2019Association Ann\u00e9e 2021 &nbsp;&nbsp;<\/b><\/span><span style=\"color: #000000; font-family: Arial; font-size: medium;\"><b>ARIMEP<\/b> Association pour la recherche et l\u2019intervention mus\u00e9ale en psychologie. Association Loi 1901<\/span><\/p>\r\n<p align=\"justify\"><span style=\"color: #000000; font-family: Arial; font-size: medium;\">Nom<span class=\"Apple-converted-space\">&nbsp; &nbsp; &nbsp; &nbsp; &nbsp; &nbsp; &nbsp; &nbsp; &nbsp; &nbsp; &nbsp; &nbsp; &nbsp; &nbsp; &nbsp; &nbsp; &nbsp; &nbsp; &nbsp; &nbsp; &nbsp; &nbsp; &nbsp;<\/span><\/span><\/p>\r\n<p align=\"justify\"><span style=\"color: #000000; font-family: Arial; font-size: medium;\">Adresse <\/span><\/p>\r\n<p align=\"justify\"><span style=\"color: #000000; font-family: Arial; font-size: medium;\">Code postal :<span class=\"Apple-converted-space\">&nbsp; &nbsp; &nbsp; &nbsp; &nbsp; &nbsp; &nbsp; &nbsp; &nbsp; &nbsp; &nbsp; &nbsp; &nbsp; &nbsp; <\/span>Ville :<span class=\"Apple-converted-space\">&nbsp; &nbsp; &nbsp; &nbsp; &nbsp; &nbsp; &nbsp; &nbsp; &nbsp; &nbsp; &nbsp; &nbsp; &nbsp; &nbsp; &nbsp; &nbsp; &nbsp; &nbsp; &nbsp; &nbsp; &nbsp; &nbsp; &nbsp; &nbsp; &nbsp; &nbsp; &nbsp; &nbsp; &nbsp; &nbsp; &nbsp; &nbsp; <\/span>Pays :<\/span><\/p>\r\n<p align=\"justify\"><span style=\"color: #000000; font-family: Arial; font-size: medium;\">Courriel :<span class=\"Apple-converted-space\">&nbsp; &nbsp; &nbsp; &nbsp; &nbsp; &nbsp; &nbsp; &nbsp; &nbsp; &nbsp; &nbsp; &nbsp; &nbsp; &nbsp; &nbsp; &nbsp; &nbsp; &nbsp; &nbsp; &nbsp; &nbsp; &nbsp; &nbsp; &nbsp; &nbsp; &nbsp; &nbsp; &nbsp; &nbsp; &nbsp; &nbsp; &nbsp; &nbsp; &nbsp; &nbsp; &nbsp; &nbsp; &nbsp; &nbsp; &nbsp; &nbsp; &nbsp; &nbsp; &nbsp; &nbsp; &nbsp; &nbsp; &nbsp; &nbsp; <\/span>Tel (facultatif, non diffus\u00e9) :<\/span><\/p>\r\n<p align=\"justify\"><span style=\"color: #000000; font-family: Arial; font-size: medium;\">Apr\u00e8s avoir pris connaissance et accept\u00e9 les Statuts et le R\u00e8glement int\u00e9rieur consultables sur le site web de l\u2019ARIMEP, je d\u00e9sire adh\u00e9rer \u00e0 l\u2019ARIMEP et verse \u00e0 ce titre la somme de <\/span><span style=\"color: #000000; font-family: Lucida Grande; font-size: medium;\">\u25a1<\/span><span style=\"color: #000000; font-family: Arial; font-size: medium;\"> 30 \u20ac <\/span><span style=\"color: #000000; font-family: Lucida Grande; font-size: medium;\">\u25a1<\/span><span style=\"color: #000000; font-family: Arial; font-size: medium;\"> Autre montant<\/span><\/p>\r\n<p align=\"justify\"><span style=\"color: #000000; font-family: Lucida Grande; font-size: medium;\">\u25a1<\/span><span style=\"color: #000000; font-family: Arial; font-size: medium;\"> accepte <\/span><span style=\"color: #000000; font-family: Lucida Grande; font-size: medium;\">\u25a1<\/span><span style=\"color: #000000; font-family: Arial; font-size: medium;\"> n&rsquo;accepte pas d&rsquo;\u00eatre inscrit sur la liste de diffusion \u00e9lectronique de l&rsquo;Association <\/span><\/p>\r\n<p align=\"justify\"><span style=\"color: #000000; font-family: Lucida Grande; font-size: medium;\">\u25a1<\/span><span style=\"color: #000000; font-family: Arial; font-size: medium;\"> accepte <\/span><span style=\"color: #000000; font-family: Lucida Grande; font-size: medium;\">\u25a1<\/span><span style=\"color: #000000; font-family: Arial; font-size: medium;\"> n&rsquo;accepte pas que mes coordonn\u00e9es soient communiqu\u00e9es \u00e0 d\u2019autres membres ou soutiens de l\u2019Association <\/span><\/p>\r\n<p align=\"justify\"><span style=\"color: #000000; font-family: Arial; font-size: medium;\">Date et signature :<\/span><\/p>\r\n<p align=\"justify\"><span style=\"color: #000000; font-family: Arial; font-size: medium;\">Ce bulletin compl\u00e9t\u00e9 est \u00e0 adresser par voie postale, le r\u00e8glement par ch\u00e8que \u00e0 l&rsquo;ordre de \u00ab ARIMEP\u00bb. \u00e0 <strong>Mme<\/strong>&nbsp;<strong>R\u00e9gine PLAS, ARIMEP, 7 rue des Ecouffes, 75004 PARIS.<\/strong><\/span><span style=\"color: #222222; font-family: Arial; font-size: medium;\">&nbsp;<\/span><\/p>\r\n<p><strong>En attente de nouvelles coordonn\u00e9es bancaires pour les virements<\/strong><\/p>\r\n<p><a href=\"https:\/\/arimep.org\/wp-content\/uploads\/2021\/03\/soutien-2021.pdf\">soutien 2021<\/a><\/p>\r\n","protected":false},"excerpt":{"rendered":"<p>&nbsp; L&rsquo; Association pour la recherche et l\u2019intervention mus\u00e9ale en psychologie (ARIMEP). Les buts de l&rsquo;association sont les suivants : \u2022 Recenser et si possible regrouper tous les objets mat\u00e9riels ou immat\u00e9riels appartenant \u00e0 l&rsquo;\u00c9tat ou \u00e0 des propri\u00e9taires priv\u00e9s ou associatifs et ayant jou\u00e9 dans la recherche, l&rsquo;enseignement ou la pratique en psychologie un &hellip; <a href=\"https:\/\/arimep.org\/index.php\/participer-a-larimep\/\" class=\"more-link\">Continuer la lecture<span class=\"screen-reader-text\"> de &laquo;&nbsp;Participer \u00e0 l&rsquo;ARIMEP : contributions, adh\u00e9sions, soutiens&nbsp;&raquo;<\/span><\/a><\/p>\n","protected":false},"author":1,"featured_media":0,"parent":0,"menu_order":0,"comment_status":"closed","ping_status":"closed","template":"","meta":{"_acf_changed":false,"ngg_post_thumbnail":0,"footnotes":""},"class_list":["post-57","page","type-page","status-publish","hentry"],"acf":[],"yoast_head":"<!-- This site is optimized with the Yoast SEO plugin v27.3 - https:\/\/yoast.com\/product\/yoast-seo-wordpress\/ -->\n<title>Participer \u00e0 l&#039;ARIMEP : contributions, adh\u00e9sions, soutiens - ARIMEP<\/title>\n<meta name=\"robots\" content=\"index, follow, max-snippet:-1, max-image-preview:large, max-video-preview:-1\" \/>\n<link rel=\"canonical\" href=\"https:\/\/arimep.org\/index.php\/participer-a-larimep\/\" \/>\n<meta property=\"og:locale\" content=\"fr_FR\" \/>\n<meta property=\"og:type\" content=\"article\" \/>\n<meta property=\"og:title\" content=\"Participer \u00e0 l&#039;ARIMEP : contributions, adh\u00e9sions, soutiens - ARIMEP\" \/>\n<meta property=\"og:description\" content=\"&nbsp; L&rsquo; Association pour la recherche et l\u2019intervention mus\u00e9ale en psychologie (ARIMEP). Les buts de l&rsquo;association sont les suivants : \u2022 Recenser et si possible regrouper tous les objets mat\u00e9riels ou immat\u00e9riels appartenant \u00e0 l&rsquo;\u00c9tat ou \u00e0 des propri\u00e9taires priv\u00e9s ou associatifs et ayant jou\u00e9 dans la recherche, l&rsquo;enseignement ou la pratique en psychologie un &hellip; Continuer la lecture de &laquo;&nbsp;Participer \u00e0 l&rsquo;ARIMEP : contributions, adh\u00e9sions, soutiens&nbsp;&raquo;\" \/>\n<meta property=\"og:url\" content=\"https:\/\/arimep.org\/index.php\/participer-a-larimep\/\" \/>\n<meta property=\"og:site_name\" content=\"ARIMEP\" \/>\n<meta property=\"article:modified_time\" content=\"2022-06-02T06:50:44+00:00\" \/>\n<meta name=\"twitter:card\" content=\"summary_large_image\" \/>\n<meta name=\"twitter:label1\" content=\"Dur\u00e9e de lecture estim\u00e9e\" \/>\n\t<meta name=\"twitter:data1\" content=\"4 minutes\" \/>\n<script type=\"application\/ld+json\" class=\"yoast-schema-graph\">{\"@context\":\"https:\\\/\\\/schema.org\",\"@graph\":[{\"@type\":\"WebPage\",\"@id\":\"https:\\\/\\\/arimep.org\\\/index.php\\\/participer-a-larimep\\\/\",\"url\":\"https:\\\/\\\/arimep.org\\\/index.php\\\/participer-a-larimep\\\/\",\"name\":\"Participer \u00e0 l'ARIMEP : contributions, adh\u00e9sions, soutiens - ARIMEP\",\"isPartOf\":{\"@id\":\"https:\\\/\\\/arimep.org\\\/#website\"},\"datePublished\":\"2016-01-06T14:02:52+00:00\",\"dateModified\":\"2022-06-02T06:50:44+00:00\",\"breadcrumb\":{\"@id\":\"https:\\\/\\\/arimep.org\\\/index.php\\\/participer-a-larimep\\\/#breadcrumb\"},\"inLanguage\":\"fr-FR\",\"potentialAction\":[{\"@type\":\"ReadAction\",\"target\":[\"https:\\\/\\\/arimep.org\\\/index.php\\\/participer-a-larimep\\\/\"]}]},{\"@type\":\"BreadcrumbList\",\"@id\":\"https:\\\/\\\/arimep.org\\\/index.php\\\/participer-a-larimep\\\/#breadcrumb\",\"itemListElement\":[{\"@type\":\"ListItem\",\"position\":1,\"name\":\"Accueil\",\"item\":\"https:\\\/\\\/arimep.org\\\/\"},{\"@type\":\"ListItem\",\"position\":2,\"name\":\"Participer \u00e0 l&#8217;ARIMEP : contributions, adh\u00e9sions, soutiens\"}]},{\"@type\":\"WebSite\",\"@id\":\"https:\\\/\\\/arimep.org\\\/#website\",\"url\":\"https:\\\/\\\/arimep.org\\\/\",\"name\":\"ARIMEP\",\"description\":\"Association pour la Recherche et l&#039;Intervention Mus\u00e9ale en Psychologie\",\"potentialAction\":[{\"@type\":\"SearchAction\",\"target\":{\"@type\":\"EntryPoint\",\"urlTemplate\":\"https:\\\/\\\/arimep.org\\\/?s={search_term_string}\"},\"query-input\":{\"@type\":\"PropertyValueSpecification\",\"valueRequired\":true,\"valueName\":\"search_term_string\"}}],\"inLanguage\":\"fr-FR\"}]}<\/script>\n<!-- \/ Yoast SEO plugin. -->","yoast_head_json":{"title":"Participer \u00e0 l'ARIMEP : contributions, adh\u00e9sions, soutiens - ARIMEP","robots":{"index":"index","follow":"follow","max-snippet":"max-snippet:-1","max-image-preview":"max-image-preview:large","max-video-preview":"max-video-preview:-1"},"canonical":"https:\/\/arimep.org\/index.php\/participer-a-larimep\/","og_locale":"fr_FR","og_type":"article","og_title":"Participer \u00e0 l'ARIMEP : contributions, adh\u00e9sions, soutiens - ARIMEP","og_description":"&nbsp; L&rsquo; Association pour la recherche et l\u2019intervention mus\u00e9ale en psychologie (ARIMEP). Les buts de l&rsquo;association sont les suivants : \u2022 Recenser et si possible regrouper tous les objets mat\u00e9riels ou immat\u00e9riels appartenant \u00e0 l&rsquo;\u00c9tat ou \u00e0 des propri\u00e9taires priv\u00e9s ou associatifs et ayant jou\u00e9 dans la recherche, l&rsquo;enseignement ou la pratique en psychologie un &hellip; Continuer la lecture de &laquo;&nbsp;Participer \u00e0 l&rsquo;ARIMEP : contributions, adh\u00e9sions, soutiens&nbsp;&raquo;","og_url":"https:\/\/arimep.org\/index.php\/participer-a-larimep\/","og_site_name":"ARIMEP","article_modified_time":"2022-06-02T06:50:44+00:00","twitter_card":"summary_large_image","twitter_misc":{"Dur\u00e9e de lecture estim\u00e9e":"4 minutes"},"schema":{"@context":"https:\/\/schema.org","@graph":[{"@type":"WebPage","@id":"https:\/\/arimep.org\/index.php\/participer-a-larimep\/","url":"https:\/\/arimep.org\/index.php\/participer-a-larimep\/","name":"Participer \u00e0 l'ARIMEP : contributions, adh\u00e9sions, soutiens - ARIMEP","isPartOf":{"@id":"https:\/\/arimep.org\/#website"},"datePublished":"2016-01-06T14:02:52+00:00","dateModified":"2022-06-02T06:50:44+00:00","breadcrumb":{"@id":"https:\/\/arimep.org\/index.php\/participer-a-larimep\/#breadcrumb"},"inLanguage":"fr-FR","potentialAction":[{"@type":"ReadAction","target":["https:\/\/arimep.org\/index.php\/participer-a-larimep\/"]}]},{"@type":"BreadcrumbList","@id":"https:\/\/arimep.org\/index.php\/participer-a-larimep\/#breadcrumb","itemListElement":[{"@type":"ListItem","position":1,"name":"Accueil","item":"https:\/\/arimep.org\/"},{"@type":"ListItem","position":2,"name":"Participer \u00e0 l&#8217;ARIMEP : contributions, adh\u00e9sions, soutiens"}]},{"@type":"WebSite","@id":"https:\/\/arimep.org\/#website","url":"https:\/\/arimep.org\/","name":"ARIMEP","description":"Association pour la Recherche et l&#039;Intervention Mus\u00e9ale en Psychologie","potentialAction":[{"@type":"SearchAction","target":{"@type":"EntryPoint","urlTemplate":"https:\/\/arimep.org\/?s={search_term_string}"},"query-input":{"@type":"PropertyValueSpecification","valueRequired":true,"valueName":"search_term_string"}}],"inLanguage":"fr-FR"}]}},"jetpack_sharing_enabled":true,"jetpack_shortlink":"https:\/\/wp.me\/P77Fnr-V","jetpack-related-posts":[],"_links":{"self":[{"href":"https:\/\/arimep.org\/index.php\/wp-json\/wp\/v2\/pages\/57","targetHints":{"allow":["GET"]}}],"collection":[{"href":"https:\/\/arimep.org\/index.php\/wp-json\/wp\/v2\/pages"}],"about":[{"href":"https:\/\/arimep.org\/index.php\/wp-json\/wp\/v2\/types\/page"}],"author":[{"embeddable":true,"href":"https:\/\/arimep.org\/index.php\/wp-json\/wp\/v2\/users\/1"}],"replies":[{"embeddable":true,"href":"https:\/\/arimep.org\/index.php\/wp-json\/wp\/v2\/comments?post=57"}],"version-history":[{"count":52,"href":"https:\/\/arimep.org\/index.php\/wp-json\/wp\/v2\/pages\/57\/revisions"}],"predecessor-version":[{"id":1807,"href":"https:\/\/arimep.org\/index.php\/wp-json\/wp\/v2\/pages\/57\/revisions\/1807"}],"wp:attachment":[{"href":"https:\/\/arimep.org\/index.php\/wp-json\/wp\/v2\/media?parent=57"}],"curies":[{"name":"wp","href":"https:\/\/api.w.org\/{rel}","templated":true}]}}