{"id":289,"date":"2016-03-01T21:27:34","date_gmt":"2016-03-01T20:27:34","guid":{"rendered":"http:\/\/arimep.org\/?page_id=289"},"modified":"2016-06-07T15:06:07","modified_gmt":"2016-06-07T14:06:07","slug":"films-et-videos","status":"publish","type":"page","link":"https:\/\/arimep.org\/index.php\/films-et-videos\/","title":{"rendered":"Films et Vid\u00e9os"},"content":{"rendered":"<p><b>DOCUMENTS AUDIO-VISUELS SUR CANAL U<\/b><\/p>\n<p>Depuis 1999, <a href=\"https:\/\/www.canal-u.tv\/\">Canal U<\/a> \u00a0est la vid\u00e9oth\u00e8que num\u00e9rique en ligne de l\u2019Enseignement sup\u00e9rieur<\/p>\n<p style=\"text-align: justify;\">On y trouve des vid\u00e9os pouvant \u00eatre consid\u00e9r\u00e9es comme des archives de la psychologie, ainsi que des conf\u00e9rences, des documentaires ou des colloques relatifs \u00e0 l\u2019histoire de la discipline. Toutes les vid\u00e9os propos\u00e9es par Canal-U sont accessibles gratuitement en streaming, certaines sont aussi disponibles en t\u00e9l\u00e9chargement.<\/p>\n<p style=\"text-align: justify;\">Mais pour s\u00e9lectionner ces vid\u00e9os, une question se pose\u00a0: tout document de quelque int\u00e9r\u00eat, et quel que soit son support, peut \u00eatre conserv\u00e9 pour t\u00e9moigner du pass\u00e9, mais \u00e0 partir de quand peut-il \u00eatre consid\u00e9r\u00e9 et trait\u00e9 comme une archive\u00a0? Il va de soi que cette question ne peut pas recevoir une r\u00e9ponse simple, par exemple en termes d\u2019\u00a0\u00ab\u00a0anciennet\u00e9\u00a0\u00bb du document. Pour \u00e9viter d\u2019engager une longue discussion sur divers probl\u00e8mes, relatifs par exemple \u00e0 la p\u00e9riodisation en histoire ou au statut des documents utilis\u00e9s par l\u2019historien, on a adopt\u00e9 ici un crit\u00e8re purement pragmatique, mais certainement discutable\u00a0: sont consid\u00e9r\u00e9es comme archives toutes les vid\u00e9os qu\u2019on pourrait choisir pour illustrer un cours d\u2019histoire de la psychologie. Ceci \u00e9tant dit, rien n\u2019emp\u00eache quiconque de faire sa propre s\u00e9lection en consultant Canal-U ou de proposer d\u2019ajouter des documents \u00e0 cette liste.<\/p>\n<p><b>I &#8211; ARCHIVES DE LA PSYCHOLOGIE<\/b><\/p>\n<ul>\n<li><b><a href=\"https:\/\/arimep.org\/index.php\/2016\/03\/01\/rene-spitz\/\">Ren\u00e9 SPITZ\u00a0 (1947)<\/a><\/b><\/li>\n<li><b><a href=\"https:\/\/arimep.org\/index.php\/2016\/03\/01\/andre-soulairac-salem-shentoub\/\">Andr\u00e9 SOULAIRAC, Salem SHENTOUB (1960)<\/a><\/b><\/li>\n<li><b><a href=\"https:\/\/arimep.org\/index.php\/2016\/03\/01\/301\/\">Jean BEUCHET (1963)<\/a><\/b><\/li>\n<li><b><a href=\"https:\/\/arimep.org\/index.php\/2016\/03\/01\/irene-lezine-marie-madeleine-braun-lamesch\/\">Ir\u00e8ne\u00a0 L\u00c9ZINE, Marie-Madeleine BRAUN-LAMESCH (1965)<\/a><\/b><\/li>\n<li><b><a href=\"https:\/\/arimep.org\/index.php\/2016\/03\/01\/pierre-barnley-irene-casati-irene-lezine\/\">Pierre BARNLEY, Ir\u00e8ne CASATI, Ir\u00e8ne LEZINE (1966)<\/a><\/b><\/li>\n<li><b><a href=\"https:\/\/arimep.org\/index.php\/2016\/03\/15\/hubert-montagner\/\">Hubert MONTAGNER\u00a0<\/a><\/b><\/li>\n<li><b><a href=\"https:\/\/arimep.org\/index.php\/2016\/04\/05\/lezine-irene-les-jeux-de-lenfant\/\">Ir\u00e8ne L\u00c9ZINE (1972)<\/a><\/b><\/li>\n<li><b><a href=\"https:\/\/arimep.org\/index.php\/2016\/04\/05\/zazzo-rene-a-travers-le-miroir\/\">Ren\u00e9 ZAZZO (1973)<\/a><\/b><\/li>\n<li><b><a href=\"https:\/\/arimep.org\/index.php\/2016\/04\/05\/rapoport-daniele-levy-jeanine\/\">Danielle RAPOPORT, Janine LEVY (1978)<\/a><\/b><\/li>\n<li><b><a href=\"https:\/\/arimep.org\/index.php\/2016\/04\/05\/dubon-denise-corinne-les-jeunes-enfants\/\">Denise Corinne DUBON (1985)<\/a><\/b><\/li>\n<li><b><a href=\"https:\/\/arimep.org\/index.php\/2016\/04\/05\/segurel-chardard-christine\/\">Christine SEGUREL-CHARDARD (1985)<\/a><\/b><\/li>\n<\/ul>\n<p><b><a href=\"https:\/\/arimep.org\/index.php\/2016\/03\/01\/eric-duvivier\/\">Fonds \u00c9RIC DUVIVIER<\/a><\/b><\/p>\n<p style=\"text-align: justify;\">\u00c9ric Duvivier (1928-) est un cin\u00e9aste qui s\u2019est sp\u00e9cialis\u00e9 dans la r\u00e9alisation de films chirurgicaux et m\u00e9dicaux. Il a cr\u00e9\u00e9, d\u00e8s 1947, le Centre international du film m\u00e9dical. C\u2019est surtout gr\u00e2ce \u00e0 ses films consacr\u00e9s \u00e0 la psychologie et \u00e0 la psychiatrie, r\u00e9alis\u00e9s parfois en faisant appel \u00e0 des com\u00e9diens, qu\u2019il se fera conna\u00eetre.<\/p>\n<p><b>II- COLLOQUES, ENTRETIENS, CONF\u00c9RENCES<\/b><\/p>\n<ul>\n<li><b>Conf\u00e9rences<\/b><\/li>\n<\/ul>\n<p><b><a href=\"https:\/\/arimep.org\/index.php\/2016\/04\/05\/lautrey-jacques\/\">Jacques LAUTREY (2001)<\/a><\/b><\/p>\n<p><a href=\"https:\/\/arimep.org\/index.php\/2016\/03\/15\/regine-plas\/\"><b>R\u00e9gine PLAS (2013)<\/b><b>\u00a0<\/b><\/a><\/p>\n<ul>\n<li><b>Colloque<\/b><\/li>\n<\/ul>\n<p><b><a href=\"https:\/\/arimep.org\/index.php\/2016\/04\/05\/cles-des-songes-et-sciences-des-reves\/\">Cl\u00e9s des songes et sciences des r\u00eaves, Paris, 2012<\/a><\/b><\/p>\n<ul>\n<li><b>Entretiens<\/b><\/li>\n<\/ul>\n<p><a href=\"https:\/\/arimep.org\/index.php\/2016\/03\/01\/eric-brangier-et-annie-drouin\/\"><b>Eric BRANGIER et Annie DROUIN (2013<\/b>)<\/a><\/p>\n<p style=\"text-align: center;\">Fiche r\u00e9dig\u00e9e par<strong> R\u00e9gine PLAS<\/strong><\/p>\n","protected":false},"excerpt":{"rendered":"<p>DOCUMENTS AUDIO-VISUELS SUR CANAL U Depuis 1999, Canal U \u00a0est la vid\u00e9oth\u00e8que num\u00e9rique en ligne de l\u2019Enseignement sup\u00e9rieur On y trouve des vid\u00e9os pouvant \u00eatre consid\u00e9r\u00e9es comme des archives de la psychologie, ainsi que des conf\u00e9rences, des documentaires ou des colloques relatifs \u00e0 l\u2019histoire de la discipline. Toutes les vid\u00e9os propos\u00e9es par Canal-U sont accessibles &hellip; <a href=\"https:\/\/arimep.org\/index.php\/films-et-videos\/\" class=\"more-link\">Continuer la lecture<span class=\"screen-reader-text\"> de &laquo;&nbsp;Films et Vid\u00e9os&nbsp;&raquo;<\/span><\/a><\/p>\n","protected":false},"author":1,"featured_media":0,"parent":0,"menu_order":4,"comment_status":"closed","ping_status":"closed","template":"","meta":{"_acf_changed":false,"ngg_post_thumbnail":0,"footnotes":""},"class_list":["post-289","page","type-page","status-publish","hentry"],"acf":[],"yoast_head":"<!-- This site is optimized with the Yoast SEO plugin v27.3 - https:\/\/yoast.com\/product\/yoast-seo-wordpress\/ -->\n<title>Films et Vid\u00e9os - ARIMEP<\/title>\n<meta name=\"robots\" content=\"index, follow, max-snippet:-1, max-image-preview:large, max-video-preview:-1\" \/>\n<link rel=\"canonical\" href=\"https:\/\/arimep.org\/index.php\/films-et-videos\/\" \/>\n<meta property=\"og:locale\" content=\"fr_FR\" \/>\n<meta property=\"og:type\" content=\"article\" \/>\n<meta property=\"og:title\" content=\"Films et Vid\u00e9os - ARIMEP\" \/>\n<meta property=\"og:description\" content=\"DOCUMENTS AUDIO-VISUELS SUR CANAL U Depuis 1999, Canal U \u00a0est la vid\u00e9oth\u00e8que num\u00e9rique en ligne de l\u2019Enseignement sup\u00e9rieur On y trouve des vid\u00e9os pouvant \u00eatre consid\u00e9r\u00e9es comme des archives de la psychologie, ainsi que des conf\u00e9rences, des documentaires ou des colloques relatifs \u00e0 l\u2019histoire de la discipline. Toutes les vid\u00e9os propos\u00e9es par Canal-U sont accessibles &hellip; Continuer la lecture de &laquo;&nbsp;Films et Vid\u00e9os&nbsp;&raquo;\" \/>\n<meta property=\"og:url\" content=\"https:\/\/arimep.org\/index.php\/films-et-videos\/\" \/>\n<meta property=\"og:site_name\" content=\"ARIMEP\" \/>\n<meta property=\"article:modified_time\" content=\"2016-06-07T14:06:07+00:00\" \/>\n<meta name=\"twitter:card\" content=\"summary_large_image\" \/>\n<meta name=\"twitter:label1\" content=\"Dur\u00e9e de lecture estim\u00e9e\" \/>\n\t<meta name=\"twitter:data1\" content=\"2 minutes\" \/>\n<script type=\"application\/ld+json\" class=\"yoast-schema-graph\">{\"@context\":\"https:\\\/\\\/schema.org\",\"@graph\":[{\"@type\":\"WebPage\",\"@id\":\"https:\\\/\\\/arimep.org\\\/index.php\\\/films-et-videos\\\/\",\"url\":\"https:\\\/\\\/arimep.org\\\/index.php\\\/films-et-videos\\\/\",\"name\":\"Films et Vid\u00e9os - ARIMEP\",\"isPartOf\":{\"@id\":\"https:\\\/\\\/arimep.org\\\/#website\"},\"datePublished\":\"2016-03-01T20:27:34+00:00\",\"dateModified\":\"2016-06-07T14:06:07+00:00\",\"breadcrumb\":{\"@id\":\"https:\\\/\\\/arimep.org\\\/index.php\\\/films-et-videos\\\/#breadcrumb\"},\"inLanguage\":\"fr-FR\",\"potentialAction\":[{\"@type\":\"ReadAction\",\"target\":[\"https:\\\/\\\/arimep.org\\\/index.php\\\/films-et-videos\\\/\"]}]},{\"@type\":\"BreadcrumbList\",\"@id\":\"https:\\\/\\\/arimep.org\\\/index.php\\\/films-et-videos\\\/#breadcrumb\",\"itemListElement\":[{\"@type\":\"ListItem\",\"position\":1,\"name\":\"Accueil\",\"item\":\"https:\\\/\\\/arimep.org\\\/\"},{\"@type\":\"ListItem\",\"position\":2,\"name\":\"Films et Vid\u00e9os\"}]},{\"@type\":\"WebSite\",\"@id\":\"https:\\\/\\\/arimep.org\\\/#website\",\"url\":\"https:\\\/\\\/arimep.org\\\/\",\"name\":\"ARIMEP\",\"description\":\"Association pour la Recherche et l&#039;Intervention Mus\u00e9ale en Psychologie\",\"potentialAction\":[{\"@type\":\"SearchAction\",\"target\":{\"@type\":\"EntryPoint\",\"urlTemplate\":\"https:\\\/\\\/arimep.org\\\/?s={search_term_string}\"},\"query-input\":{\"@type\":\"PropertyValueSpecification\",\"valueRequired\":true,\"valueName\":\"search_term_string\"}}],\"inLanguage\":\"fr-FR\"}]}<\/script>\n<!-- \/ Yoast SEO plugin. -->","yoast_head_json":{"title":"Films et Vid\u00e9os - ARIMEP","robots":{"index":"index","follow":"follow","max-snippet":"max-snippet:-1","max-image-preview":"max-image-preview:large","max-video-preview":"max-video-preview:-1"},"canonical":"https:\/\/arimep.org\/index.php\/films-et-videos\/","og_locale":"fr_FR","og_type":"article","og_title":"Films et Vid\u00e9os - ARIMEP","og_description":"DOCUMENTS AUDIO-VISUELS SUR CANAL U Depuis 1999, Canal U \u00a0est la vid\u00e9oth\u00e8que num\u00e9rique en ligne de l\u2019Enseignement sup\u00e9rieur On y trouve des vid\u00e9os pouvant \u00eatre consid\u00e9r\u00e9es comme des archives de la psychologie, ainsi que des conf\u00e9rences, des documentaires ou des colloques relatifs \u00e0 l\u2019histoire de la discipline. Toutes les vid\u00e9os propos\u00e9es par Canal-U sont accessibles &hellip; Continuer la lecture de &laquo;&nbsp;Films et Vid\u00e9os&nbsp;&raquo;","og_url":"https:\/\/arimep.org\/index.php\/films-et-videos\/","og_site_name":"ARIMEP","article_modified_time":"2016-06-07T14:06:07+00:00","twitter_card":"summary_large_image","twitter_misc":{"Dur\u00e9e de lecture estim\u00e9e":"2 minutes"},"schema":{"@context":"https:\/\/schema.org","@graph":[{"@type":"WebPage","@id":"https:\/\/arimep.org\/index.php\/films-et-videos\/","url":"https:\/\/arimep.org\/index.php\/films-et-videos\/","name":"Films et Vid\u00e9os - ARIMEP","isPartOf":{"@id":"https:\/\/arimep.org\/#website"},"datePublished":"2016-03-01T20:27:34+00:00","dateModified":"2016-06-07T14:06:07+00:00","breadcrumb":{"@id":"https:\/\/arimep.org\/index.php\/films-et-videos\/#breadcrumb"},"inLanguage":"fr-FR","potentialAction":[{"@type":"ReadAction","target":["https:\/\/arimep.org\/index.php\/films-et-videos\/"]}]},{"@type":"BreadcrumbList","@id":"https:\/\/arimep.org\/index.php\/films-et-videos\/#breadcrumb","itemListElement":[{"@type":"ListItem","position":1,"name":"Accueil","item":"https:\/\/arimep.org\/"},{"@type":"ListItem","position":2,"name":"Films et Vid\u00e9os"}]},{"@type":"WebSite","@id":"https:\/\/arimep.org\/#website","url":"https:\/\/arimep.org\/","name":"ARIMEP","description":"Association pour la Recherche et l&#039;Intervention Mus\u00e9ale en Psychologie","potentialAction":[{"@type":"SearchAction","target":{"@type":"EntryPoint","urlTemplate":"https:\/\/arimep.org\/?s={search_term_string}"},"query-input":{"@type":"PropertyValueSpecification","valueRequired":true,"valueName":"search_term_string"}}],"inLanguage":"fr-FR"}]}},"jetpack_sharing_enabled":true,"jetpack_shortlink":"https:\/\/wp.me\/P77Fnr-4F","jetpack-related-posts":[],"_links":{"self":[{"href":"https:\/\/arimep.org\/index.php\/wp-json\/wp\/v2\/pages\/289","targetHints":{"allow":["GET"]}}],"collection":[{"href":"https:\/\/arimep.org\/index.php\/wp-json\/wp\/v2\/pages"}],"about":[{"href":"https:\/\/arimep.org\/index.php\/wp-json\/wp\/v2\/types\/page"}],"author":[{"embeddable":true,"href":"https:\/\/arimep.org\/index.php\/wp-json\/wp\/v2\/users\/1"}],"replies":[{"embeddable":true,"href":"https:\/\/arimep.org\/index.php\/wp-json\/wp\/v2\/comments?post=289"}],"version-history":[{"count":7,"href":"https:\/\/arimep.org\/index.php\/wp-json\/wp\/v2\/pages\/289\/revisions"}],"predecessor-version":[{"id":550,"href":"https:\/\/arimep.org\/index.php\/wp-json\/wp\/v2\/pages\/289\/revisions\/550"}],"wp:attachment":[{"href":"https:\/\/arimep.org\/index.php\/wp-json\/wp\/v2\/media?parent=289"}],"curies":[{"name":"wp","href":"https:\/\/api.w.org\/{rel}","templated":true}]}}