{"id":254,"date":"2016-02-15T21:38:55","date_gmt":"2016-02-15T20:38:55","guid":{"rendered":"http:\/\/arimep.org\/?page_id=254"},"modified":"2018-05-29T16:21:17","modified_gmt":"2018-05-29T15:21:17","slug":"contributeurs","status":"publish","type":"page","link":"https:\/\/arimep.org\/index.php\/contributeurs\/","title":{"rendered":"Contributeurs"},"content":{"rendered":"<p><strong>R\u00e9my AMOUROUX<\/strong><\/p>\n<p style=\"padding-left: 30px;\"><a href=\"https:\/\/arimep.org\/index.php\/2016\/02\/15\/marie-bonaparte\/\">Marie Bonaparte<\/a><\/p>\n<p><strong>R\u00e9gine PLAS<\/strong><\/p>\n<p style=\"padding-left: 30px;\"><a href=\"https:\/\/arimep.org\/index.php\/2016\/02\/25\/halbwachs-maurice\/\">Maurice Halbwachs<\/a><\/p>\n<p style=\"padding-left: 30px;\"><a href=\"https:\/\/arimep.org\/index.php\/archives-des-psychologues\/janet-pierre\/\">Pierre Janet<\/a><\/p>\n<p style=\"padding-left: 30px;\"><a href=\"https:\/\/arimep.org\/index.php\/archives-des-psychologues\/meyerson-ignace\/\">Ignace Meyerson<\/a><\/p>\n<p style=\"padding-left: 30px;\"><a href=\"https:\/\/arimep.org\/index.php\/archives-des-psychologues\/pieron-henri\/\">Henri Pieron<\/a><\/p>\n<p style=\"padding-left: 30px;\"><a href=\"https:\/\/arimep.org\/index.php\/archives-des-psychologues\/wallon-henri\/\">Henri Wallon<\/a><\/p>\n<p><strong>Robert SIMONNET<\/strong><\/p>\n<p style=\"padding-left: 30px;\"><a href=\"https:\/\/arimep.org\/index.php\/2016\/01\/12\/orthokinesimetre-de-bize\/\">Orthokinesimetre de Bize<\/a><\/p>\n<p style=\"padding-left: 30px;\"><a href=\"https:\/\/arimep.org\/index.php\/appareils-utilises-en-psychologie\/dexterite-manuelle-de-bonnardel\/\">Dext\u00e9rit\u00e9 manuelle de Bonnardel<\/a><\/p>\n<p style=\"padding-left: 30px;\"><a href=\"https:\/\/arimep.org\/index.php\/2016\/01\/28\/developpement-moteur-quotient-moteur-dozeretski\/\">D\u00e9veloppement moteur quotient moteur d&rsquo;Ozeretski<\/a><\/p>\n<p style=\"padding-left: 30px;\"><a href=\"https:\/\/arimep.org\/index.php\/2016\/01\/28\/fil-de-fer-de-goguelin-et-valin\/\">Fil de fer de Goguelin et Valin<\/a><\/p>\n<p style=\"padding-left: 30px;\"><a href=\"https:\/\/arimep.org\/index.php\/appareils-utilises-en-psychologie\/test-du-pointage-de-lahy\/\">Test du pointage de Lahy<\/a><\/p>\n<p>&nbsp; &nbsp; &nbsp; &nbsp;&nbsp;<a href=\"https:\/\/arimep.org\/index.php\/2016\/03\/15\/test-du-tourneur\/\">Lahy : Le Test du Tourneur<\/a><\/p>\n<p>&nbsp; &nbsp; &nbsp; &nbsp;&nbsp;<a href=\"https:\/\/arimep.org\/index.php\/2016\/03\/19\/tourneur-tridimensionnel-de-goguelin\/\">Goguelin : Le Tourneur tridimensionnel<\/a><\/p>\n<p style=\"padding-left: 30px;\"><a href=\"https:\/\/arimep.org\/index.php\/2016\/01\/28\/dexterite-de-moede\/\">Dext\u00e9rit\u00e9 de Moede<\/a><\/p>\n<p style=\"padding-left: 30px;\"><a href=\"https:\/\/arimep.org\/index.php\/2016\/01\/28\/disques-de-walter-habilete-manuelle\/\">Disques de Walter<\/a><\/p>\n<p>&nbsp; &nbsp; &nbsp; &nbsp;&nbsp;<a href=\"https:\/\/arimep.org\/index.php\/2016\/01\/12\/habilete-digitale-et-dexterite-manuelle\/\">Habilet\u00e9 digitale&nbsp;et dext\u00e9rit\u00e9 manuelle<\/a>. La BGA<\/p>\n<p>&nbsp; &nbsp; &nbsp; &nbsp;&nbsp;<a href=\"https:\/\/arimep.org\/index.php\/2016\/03\/17\/test-dm-de-denise-guyot\/\">Guyot D. : Le Test DM<\/a><\/p>\n<p>&nbsp; &nbsp; &nbsp; &nbsp;&nbsp;<a href=\"https:\/\/arimep.org\/index.php\/2016\/03\/17\/test-ppi-poly-psycho-informatique-de-bonnardel-et-simonnet\/\">Bonnardel, Simonnet : Le test PPI<\/a><\/p>\n<p>&nbsp; &nbsp; &nbsp; &nbsp;&nbsp;<a href=\"https:\/\/arimep.org\/index.php\/sample-page\/transmission-de-mouvements\/\">Galifret : La transmission de mouvements<\/a><\/p>\n<p style=\"padding-left: 30px;\">&nbsp;<\/p>\n","protected":false},"excerpt":{"rendered":"<p>R\u00e9my AMOUROUX Marie Bonaparte R\u00e9gine PLAS Maurice Halbwachs Pierre Janet Ignace Meyerson Henri Pieron Henri Wallon Robert SIMONNET Orthokinesimetre de Bize Dext\u00e9rit\u00e9 manuelle de Bonnardel D\u00e9veloppement moteur quotient moteur d&rsquo;Ozeretski Fil de fer de Goguelin et Valin Test du pointage de Lahy &nbsp; &nbsp; &nbsp; &nbsp;&nbsp;Lahy : Le Test du Tourneur &nbsp; &nbsp; &nbsp; &nbsp;&nbsp;Goguelin &hellip; <a href=\"https:\/\/arimep.org\/index.php\/contributeurs\/\" class=\"more-link\">Continuer la lecture<span class=\"screen-reader-text\"> de &laquo;&nbsp;Contributeurs&nbsp;&raquo;<\/span><\/a><\/p>\n","protected":false},"author":1,"featured_media":0,"parent":0,"menu_order":2,"comment_status":"closed","ping_status":"closed","template":"","meta":{"_acf_changed":false,"ngg_post_thumbnail":0,"footnotes":""},"class_list":["post-254","page","type-page","status-publish","hentry"],"acf":[],"yoast_head":"<!-- This site is optimized with the Yoast SEO plugin v27.3 - https:\/\/yoast.com\/product\/yoast-seo-wordpress\/ -->\n<title>Contributeurs - ARIMEP<\/title>\n<meta name=\"robots\" content=\"index, follow, max-snippet:-1, max-image-preview:large, max-video-preview:-1\" \/>\n<link rel=\"canonical\" href=\"https:\/\/arimep.org\/index.php\/contributeurs\/\" \/>\n<meta property=\"og:locale\" content=\"fr_FR\" \/>\n<meta property=\"og:type\" content=\"article\" \/>\n<meta property=\"og:title\" content=\"Contributeurs - ARIMEP\" \/>\n<meta property=\"og:description\" content=\"R\u00e9my AMOUROUX Marie Bonaparte R\u00e9gine PLAS Maurice Halbwachs Pierre Janet Ignace Meyerson Henri Pieron Henri Wallon Robert SIMONNET Orthokinesimetre de Bize Dext\u00e9rit\u00e9 manuelle de Bonnardel D\u00e9veloppement moteur quotient moteur d&rsquo;Ozeretski Fil de fer de Goguelin et Valin Test du pointage de Lahy &nbsp; &nbsp; &nbsp; &nbsp;&nbsp;Lahy : Le Test du Tourneur &nbsp; &nbsp; &nbsp; &nbsp;&nbsp;Goguelin &hellip; Continuer la lecture de &laquo;&nbsp;Contributeurs&nbsp;&raquo;\" \/>\n<meta property=\"og:url\" content=\"https:\/\/arimep.org\/index.php\/contributeurs\/\" \/>\n<meta property=\"og:site_name\" content=\"ARIMEP\" \/>\n<meta property=\"article:modified_time\" content=\"2018-05-29T15:21:17+00:00\" \/>\n<meta name=\"twitter:card\" content=\"summary_large_image\" \/>\n<meta name=\"twitter:label1\" content=\"Dur\u00e9e de lecture estim\u00e9e\" \/>\n\t<meta name=\"twitter:data1\" content=\"1 minute\" \/>\n<script type=\"application\/ld+json\" class=\"yoast-schema-graph\">{\"@context\":\"https:\\\/\\\/schema.org\",\"@graph\":[{\"@type\":\"WebPage\",\"@id\":\"https:\\\/\\\/arimep.org\\\/index.php\\\/contributeurs\\\/\",\"url\":\"https:\\\/\\\/arimep.org\\\/index.php\\\/contributeurs\\\/\",\"name\":\"Contributeurs - ARIMEP\",\"isPartOf\":{\"@id\":\"https:\\\/\\\/arimep.org\\\/#website\"},\"datePublished\":\"2016-02-15T20:38:55+00:00\",\"dateModified\":\"2018-05-29T15:21:17+00:00\",\"breadcrumb\":{\"@id\":\"https:\\\/\\\/arimep.org\\\/index.php\\\/contributeurs\\\/#breadcrumb\"},\"inLanguage\":\"fr-FR\",\"potentialAction\":[{\"@type\":\"ReadAction\",\"target\":[\"https:\\\/\\\/arimep.org\\\/index.php\\\/contributeurs\\\/\"]}]},{\"@type\":\"BreadcrumbList\",\"@id\":\"https:\\\/\\\/arimep.org\\\/index.php\\\/contributeurs\\\/#breadcrumb\",\"itemListElement\":[{\"@type\":\"ListItem\",\"position\":1,\"name\":\"Accueil\",\"item\":\"https:\\\/\\\/arimep.org\\\/\"},{\"@type\":\"ListItem\",\"position\":2,\"name\":\"Contributeurs\"}]},{\"@type\":\"WebSite\",\"@id\":\"https:\\\/\\\/arimep.org\\\/#website\",\"url\":\"https:\\\/\\\/arimep.org\\\/\",\"name\":\"ARIMEP\",\"description\":\"Association pour la Recherche et l&#039;Intervention Mus\u00e9ale en Psychologie\",\"potentialAction\":[{\"@type\":\"SearchAction\",\"target\":{\"@type\":\"EntryPoint\",\"urlTemplate\":\"https:\\\/\\\/arimep.org\\\/?s={search_term_string}\"},\"query-input\":{\"@type\":\"PropertyValueSpecification\",\"valueRequired\":true,\"valueName\":\"search_term_string\"}}],\"inLanguage\":\"fr-FR\"}]}<\/script>\n<!-- \/ Yoast SEO plugin. -->","yoast_head_json":{"title":"Contributeurs - ARIMEP","robots":{"index":"index","follow":"follow","max-snippet":"max-snippet:-1","max-image-preview":"max-image-preview:large","max-video-preview":"max-video-preview:-1"},"canonical":"https:\/\/arimep.org\/index.php\/contributeurs\/","og_locale":"fr_FR","og_type":"article","og_title":"Contributeurs - ARIMEP","og_description":"R\u00e9my AMOUROUX Marie Bonaparte R\u00e9gine PLAS Maurice Halbwachs Pierre Janet Ignace Meyerson Henri Pieron Henri Wallon Robert SIMONNET Orthokinesimetre de Bize Dext\u00e9rit\u00e9 manuelle de Bonnardel D\u00e9veloppement moteur quotient moteur d&rsquo;Ozeretski Fil de fer de Goguelin et Valin Test du pointage de Lahy &nbsp; &nbsp; &nbsp; &nbsp;&nbsp;Lahy : Le Test du Tourneur &nbsp; &nbsp; &nbsp; &nbsp;&nbsp;Goguelin &hellip; Continuer la lecture de &laquo;&nbsp;Contributeurs&nbsp;&raquo;","og_url":"https:\/\/arimep.org\/index.php\/contributeurs\/","og_site_name":"ARIMEP","article_modified_time":"2018-05-29T15:21:17+00:00","twitter_card":"summary_large_image","twitter_misc":{"Dur\u00e9e de lecture estim\u00e9e":"1 minute"},"schema":{"@context":"https:\/\/schema.org","@graph":[{"@type":"WebPage","@id":"https:\/\/arimep.org\/index.php\/contributeurs\/","url":"https:\/\/arimep.org\/index.php\/contributeurs\/","name":"Contributeurs - ARIMEP","isPartOf":{"@id":"https:\/\/arimep.org\/#website"},"datePublished":"2016-02-15T20:38:55+00:00","dateModified":"2018-05-29T15:21:17+00:00","breadcrumb":{"@id":"https:\/\/arimep.org\/index.php\/contributeurs\/#breadcrumb"},"inLanguage":"fr-FR","potentialAction":[{"@type":"ReadAction","target":["https:\/\/arimep.org\/index.php\/contributeurs\/"]}]},{"@type":"BreadcrumbList","@id":"https:\/\/arimep.org\/index.php\/contributeurs\/#breadcrumb","itemListElement":[{"@type":"ListItem","position":1,"name":"Accueil","item":"https:\/\/arimep.org\/"},{"@type":"ListItem","position":2,"name":"Contributeurs"}]},{"@type":"WebSite","@id":"https:\/\/arimep.org\/#website","url":"https:\/\/arimep.org\/","name":"ARIMEP","description":"Association pour la Recherche et l&#039;Intervention Mus\u00e9ale en Psychologie","potentialAction":[{"@type":"SearchAction","target":{"@type":"EntryPoint","urlTemplate":"https:\/\/arimep.org\/?s={search_term_string}"},"query-input":{"@type":"PropertyValueSpecification","valueRequired":true,"valueName":"search_term_string"}}],"inLanguage":"fr-FR"}]}},"jetpack_sharing_enabled":true,"jetpack_shortlink":"https:\/\/wp.me\/P77Fnr-46","jetpack-related-posts":[],"_links":{"self":[{"href":"https:\/\/arimep.org\/index.php\/wp-json\/wp\/v2\/pages\/254","targetHints":{"allow":["GET"]}}],"collection":[{"href":"https:\/\/arimep.org\/index.php\/wp-json\/wp\/v2\/pages"}],"about":[{"href":"https:\/\/arimep.org\/index.php\/wp-json\/wp\/v2\/types\/page"}],"author":[{"embeddable":true,"href":"https:\/\/arimep.org\/index.php\/wp-json\/wp\/v2\/users\/1"}],"replies":[{"embeddable":true,"href":"https:\/\/arimep.org\/index.php\/wp-json\/wp\/v2\/comments?post=254"}],"version-history":[{"count":8,"href":"https:\/\/arimep.org\/index.php\/wp-json\/wp\/v2\/pages\/254\/revisions"}],"predecessor-version":[{"id":1344,"href":"https:\/\/arimep.org\/index.php\/wp-json\/wp\/v2\/pages\/254\/revisions\/1344"}],"wp:attachment":[{"href":"https:\/\/arimep.org\/index.php\/wp-json\/wp\/v2\/media?parent=254"}],"curies":[{"name":"wp","href":"https:\/\/api.w.org\/{rel}","templated":true}]}}