{"id":2,"date":"2016-01-02T19:26:23","date_gmt":"2016-01-02T19:26:23","guid":{"rendered":"http:\/\/arimep.org\/?page_id=2"},"modified":"2021-06-13T08:59:04","modified_gmt":"2021-06-13T07:59:04","slug":"appareils-utilises-en-psychologie","status":"publish","type":"page","link":"https:\/\/arimep.org\/index.php\/appareils-utilises-en-psychologie\/","title":{"rendered":"Appareils utilis\u00e9s en Psychologie"},"content":{"rendered":"<p><a href=\"https:\/\/arimep.org\/index.php\/2016\/01\/12\/orthokinesimetre-de-bize\/\">BIZE : Orthokin\u00e9sim\u00e8tre<\/a><\/p>\n<p><a href=\"https:\/\/arimep.org\/index.php\/2016\/03\/16\/test-omega-de-bonnardel\/\">BONNARDEL : Le test Om\u00e9ga<\/a><\/p>\n<p><a href=\"https:\/\/arimep.org\/index.php\/2016\/04\/06\/sinusoide-de-r-bonnardel\/\">BONNARDEL : La Sinuso\u00efde<\/a><\/p>\n<p><a href=\"https:\/\/arimep.org\/index.php\/dexterite-manuelle-de-bonnardel\/\">BONNARDEL : Dext\u00e9rit\u00e9 manuelle<\/a><\/p>\n<p><a href=\"https:\/\/arimep.org\/index.php\/2016\/03\/17\/test-ppi-poly-psycho-informatique-de-bonnardel-et-simonnet\/\">BONNARDEL, SIMONNET : Le test PPI<\/a><\/p>\n<p><a href=\"https:\/\/arimep.org\/index.php\/sample-page\/transmission-de-mouvements\/\">GALIFRET : La transmission de mouvements<\/a><\/p>\n<p><a href=\"https:\/\/arimep.org\/index.php\/2016\/01\/28\/fil-de-fer-de-goguelin-et-valin\/\">GOGUELIN, VALIN : le Fil de Fer<\/a><\/p>\n<p><a href=\"https:\/\/arimep.org\/index.php\/2016\/03\/19\/tourneur-tridimensionnel-de-goguelin\/\">GOGUELIN : Le Tourneur tridimensionnel<\/a><\/p>\n<p><a href=\"https:\/\/arimep.org\/index.php\/2016\/03\/17\/test-dm-de-denise-guyot\/\">GUYOT D. : Le Test DM<\/a><\/p>\n<p><a href=\"https:\/\/arimep.org\/index.php\/2016\/01\/12\/habilete-digitale-et-dexterite-manuelle\/\">Habilet\u00e9 digitale&nbsp;et dext\u00e9rit\u00e9 manuelle<\/a>. La BGA<\/p>\n<p><a href=\"https:\/\/arimep.org\/index.php\/appareils-utilises-en-psychologie\/test-du-pointage-de-lahy\/\">LAHY : Le test du pointage<\/a><\/p>\n<p><a href=\"https:\/\/arimep.org\/index.php\/2016\/03\/15\/test-du-tourneur\/\">LAHY : Le Test du Tourneur<\/a><\/p>\n<p><a href=\"https:\/\/arimep.org\/index.php\/2016\/01\/28\/dexterite-de-moede\/\">MOEDE : Test Dext\u00e9rit\u00e9<\/a><\/p>\n<p><a href=\"https:\/\/arimep.org\/index.php\/2016\/01\/28\/developpement-moteur-quotient-moteur-dozeretski\/\">OZERETSKI : Le D\u00e9veloppement moteur<\/a><\/p>\n<p><a href=\"https:\/\/arimep.org\/index.php\/2016\/01\/28\/disques-de-walter-habilete-manuelle\/\">WALTER : Les Disques<\/a>. Habilet\u00e9 manuelle<\/p>\n","protected":false},"excerpt":{"rendered":"<p>BIZE : Orthokin\u00e9sim\u00e8tre BONNARDEL : Le test Om\u00e9ga BONNARDEL : La Sinuso\u00efde BONNARDEL : Dext\u00e9rit\u00e9 manuelle BONNARDEL, SIMONNET : Le test PPI GALIFRET : La transmission de mouvements GOGUELIN, VALIN : le Fil de Fer GOGUELIN : Le Tourneur tridimensionnel GUYOT D. : Le Test DM Habilet\u00e9 digitale&nbsp;et dext\u00e9rit\u00e9 manuelle. La BGA LAHY : Le &hellip; <a href=\"https:\/\/arimep.org\/index.php\/appareils-utilises-en-psychologie\/\" class=\"more-link\">Continuer la lecture<span class=\"screen-reader-text\"> de &laquo;&nbsp;Appareils utilis\u00e9s en Psychologie&nbsp;&raquo;<\/span><\/a><\/p>\n","protected":false},"author":1,"featured_media":0,"parent":0,"menu_order":1,"comment_status":"closed","ping_status":"open","template":"","meta":{"_acf_changed":false,"ngg_post_thumbnail":0,"footnotes":""},"class_list":["post-2","page","type-page","status-publish","hentry"],"acf":[],"yoast_head":"<!-- This site is optimized with the Yoast SEO plugin v27.3 - https:\/\/yoast.com\/product\/yoast-seo-wordpress\/ -->\n<title>Appareils utilis\u00e9s en Psychologie - ARIMEP<\/title>\n<meta name=\"robots\" content=\"index, follow, max-snippet:-1, max-image-preview:large, max-video-preview:-1\" \/>\n<link rel=\"canonical\" href=\"https:\/\/arimep.org\/index.php\/appareils-utilises-en-psychologie\/\" \/>\n<meta property=\"og:locale\" content=\"fr_FR\" \/>\n<meta property=\"og:type\" content=\"article\" \/>\n<meta property=\"og:title\" content=\"Appareils utilis\u00e9s en Psychologie - ARIMEP\" \/>\n<meta property=\"og:description\" content=\"BIZE : Orthokin\u00e9sim\u00e8tre BONNARDEL : Le test Om\u00e9ga BONNARDEL : La Sinuso\u00efde BONNARDEL : Dext\u00e9rit\u00e9 manuelle BONNARDEL, SIMONNET : Le test PPI GALIFRET : La transmission de mouvements GOGUELIN, VALIN : le Fil de Fer GOGUELIN : Le Tourneur tridimensionnel GUYOT D. : Le Test DM Habilet\u00e9 digitale&nbsp;et dext\u00e9rit\u00e9 manuelle. La BGA LAHY : Le &hellip; Continuer la lecture de &laquo;&nbsp;Appareils utilis\u00e9s en Psychologie&nbsp;&raquo;\" \/>\n<meta property=\"og:url\" content=\"https:\/\/arimep.org\/index.php\/appareils-utilises-en-psychologie\/\" \/>\n<meta property=\"og:site_name\" content=\"ARIMEP\" \/>\n<meta property=\"article:modified_time\" content=\"2021-06-13T07:59:04+00:00\" \/>\n<meta name=\"twitter:card\" content=\"summary_large_image\" \/>\n<meta name=\"twitter:label1\" content=\"Dur\u00e9e de lecture estim\u00e9e\" \/>\n\t<meta name=\"twitter:data1\" content=\"1 minute\" \/>\n<script type=\"application\/ld+json\" class=\"yoast-schema-graph\">{\"@context\":\"https:\\\/\\\/schema.org\",\"@graph\":[{\"@type\":\"WebPage\",\"@id\":\"https:\\\/\\\/arimep.org\\\/index.php\\\/appareils-utilises-en-psychologie\\\/\",\"url\":\"https:\\\/\\\/arimep.org\\\/index.php\\\/appareils-utilises-en-psychologie\\\/\",\"name\":\"Appareils utilis\u00e9s en Psychologie - ARIMEP\",\"isPartOf\":{\"@id\":\"https:\\\/\\\/arimep.org\\\/#website\"},\"datePublished\":\"2016-01-02T19:26:23+00:00\",\"dateModified\":\"2021-06-13T07:59:04+00:00\",\"breadcrumb\":{\"@id\":\"https:\\\/\\\/arimep.org\\\/index.php\\\/appareils-utilises-en-psychologie\\\/#breadcrumb\"},\"inLanguage\":\"fr-FR\",\"potentialAction\":[{\"@type\":\"ReadAction\",\"target\":[\"https:\\\/\\\/arimep.org\\\/index.php\\\/appareils-utilises-en-psychologie\\\/\"]}]},{\"@type\":\"BreadcrumbList\",\"@id\":\"https:\\\/\\\/arimep.org\\\/index.php\\\/appareils-utilises-en-psychologie\\\/#breadcrumb\",\"itemListElement\":[{\"@type\":\"ListItem\",\"position\":1,\"name\":\"Accueil\",\"item\":\"https:\\\/\\\/arimep.org\\\/\"},{\"@type\":\"ListItem\",\"position\":2,\"name\":\"Appareils utilis\u00e9s en Psychologie\"}]},{\"@type\":\"WebSite\",\"@id\":\"https:\\\/\\\/arimep.org\\\/#website\",\"url\":\"https:\\\/\\\/arimep.org\\\/\",\"name\":\"ARIMEP\",\"description\":\"Association pour la Recherche et l&#039;Intervention Mus\u00e9ale en Psychologie\",\"potentialAction\":[{\"@type\":\"SearchAction\",\"target\":{\"@type\":\"EntryPoint\",\"urlTemplate\":\"https:\\\/\\\/arimep.org\\\/?s={search_term_string}\"},\"query-input\":{\"@type\":\"PropertyValueSpecification\",\"valueRequired\":true,\"valueName\":\"search_term_string\"}}],\"inLanguage\":\"fr-FR\"}]}<\/script>\n<!-- \/ Yoast SEO plugin. -->","yoast_head_json":{"title":"Appareils utilis\u00e9s en Psychologie - ARIMEP","robots":{"index":"index","follow":"follow","max-snippet":"max-snippet:-1","max-image-preview":"max-image-preview:large","max-video-preview":"max-video-preview:-1"},"canonical":"https:\/\/arimep.org\/index.php\/appareils-utilises-en-psychologie\/","og_locale":"fr_FR","og_type":"article","og_title":"Appareils utilis\u00e9s en Psychologie - ARIMEP","og_description":"BIZE : Orthokin\u00e9sim\u00e8tre BONNARDEL : Le test Om\u00e9ga BONNARDEL : La Sinuso\u00efde BONNARDEL : Dext\u00e9rit\u00e9 manuelle BONNARDEL, SIMONNET : Le test PPI GALIFRET : La transmission de mouvements GOGUELIN, VALIN : le Fil de Fer GOGUELIN : Le Tourneur tridimensionnel GUYOT D. : Le Test DM Habilet\u00e9 digitale&nbsp;et dext\u00e9rit\u00e9 manuelle. La BGA LAHY : Le &hellip; Continuer la lecture de &laquo;&nbsp;Appareils utilis\u00e9s en Psychologie&nbsp;&raquo;","og_url":"https:\/\/arimep.org\/index.php\/appareils-utilises-en-psychologie\/","og_site_name":"ARIMEP","article_modified_time":"2021-06-13T07:59:04+00:00","twitter_card":"summary_large_image","twitter_misc":{"Dur\u00e9e de lecture estim\u00e9e":"1 minute"},"schema":{"@context":"https:\/\/schema.org","@graph":[{"@type":"WebPage","@id":"https:\/\/arimep.org\/index.php\/appareils-utilises-en-psychologie\/","url":"https:\/\/arimep.org\/index.php\/appareils-utilises-en-psychologie\/","name":"Appareils utilis\u00e9s en Psychologie - ARIMEP","isPartOf":{"@id":"https:\/\/arimep.org\/#website"},"datePublished":"2016-01-02T19:26:23+00:00","dateModified":"2021-06-13T07:59:04+00:00","breadcrumb":{"@id":"https:\/\/arimep.org\/index.php\/appareils-utilises-en-psychologie\/#breadcrumb"},"inLanguage":"fr-FR","potentialAction":[{"@type":"ReadAction","target":["https:\/\/arimep.org\/index.php\/appareils-utilises-en-psychologie\/"]}]},{"@type":"BreadcrumbList","@id":"https:\/\/arimep.org\/index.php\/appareils-utilises-en-psychologie\/#breadcrumb","itemListElement":[{"@type":"ListItem","position":1,"name":"Accueil","item":"https:\/\/arimep.org\/"},{"@type":"ListItem","position":2,"name":"Appareils utilis\u00e9s en Psychologie"}]},{"@type":"WebSite","@id":"https:\/\/arimep.org\/#website","url":"https:\/\/arimep.org\/","name":"ARIMEP","description":"Association pour la Recherche et l&#039;Intervention Mus\u00e9ale en Psychologie","potentialAction":[{"@type":"SearchAction","target":{"@type":"EntryPoint","urlTemplate":"https:\/\/arimep.org\/?s={search_term_string}"},"query-input":{"@type":"PropertyValueSpecification","valueRequired":true,"valueName":"search_term_string"}}],"inLanguage":"fr-FR"}]}},"jetpack_sharing_enabled":true,"jetpack_shortlink":"https:\/\/wp.me\/P77Fnr-2","jetpack-related-posts":[],"_links":{"self":[{"href":"https:\/\/arimep.org\/index.php\/wp-json\/wp\/v2\/pages\/2","targetHints":{"allow":["GET"]}}],"collection":[{"href":"https:\/\/arimep.org\/index.php\/wp-json\/wp\/v2\/pages"}],"about":[{"href":"https:\/\/arimep.org\/index.php\/wp-json\/wp\/v2\/types\/page"}],"author":[{"embeddable":true,"href":"https:\/\/arimep.org\/index.php\/wp-json\/wp\/v2\/users\/1"}],"replies":[{"embeddable":true,"href":"https:\/\/arimep.org\/index.php\/wp-json\/wp\/v2\/comments?post=2"}],"version-history":[{"count":13,"href":"https:\/\/arimep.org\/index.php\/wp-json\/wp\/v2\/pages\/2\/revisions"}],"predecessor-version":[{"id":1703,"href":"https:\/\/arimep.org\/index.php\/wp-json\/wp\/v2\/pages\/2\/revisions\/1703"}],"wp:attachment":[{"href":"https:\/\/arimep.org\/index.php\/wp-json\/wp\/v2\/media?parent=2"}],"curies":[{"name":"wp","href":"https:\/\/api.w.org\/{rel}","templated":true}]}}