{"id":196,"date":"2016-02-02T19:09:25","date_gmt":"2016-02-02T19:09:25","guid":{"rendered":"http:\/\/arimep.org\/?page_id=196"},"modified":"2020-01-22T10:48:54","modified_gmt":"2020-01-22T09:48:54","slug":"liens-arimep","status":"publish","type":"page","link":"https:\/\/arimep.org\/index.php\/liens-arimep\/","title":{"rendered":"Liens vers d&rsquo;autres ressources"},"content":{"rendered":"<p>&nbsp;<\/p>\n<p><a href=\"http:\/\/parisdescartes.libguides.com\/les_bibliotheques\/pieron\">La Biblioth\u00e8que Henri Pieron<\/a><\/p>\n<p><a href=\"http:\/\/aepu.fr\">L&rsquo; Association des Enseignants-chercheurs en Psychologie des Universit\u00e9s. AEPU<\/a><\/p>\n<p><a href=\"http:\/\/acop-asso.org\/\u200e\">L&rsquo;Association des conseillers d&rsquo;orientation-psychologues de France<\/a>.&nbsp;<a href=\"http:\/\/acop-asso.org\/\u200e\">ACOP-France<\/a><\/p>\n<p><a href=\"http:\/\/www.psychologues-psychologie.net\/\">La F\u00e9d\u00e9ration fran\u00e7aise des psychologues et de psychologie. FFPP<\/a><\/p>\n<p><a href=\"http:\/\/orientation.greo.free.fr\/\">Le Groupe de recherches sur l&rsquo;\u00e9volution de l&rsquo;orientation scolaire et professionnelle. GREO<\/a><\/p>\n<p><a href=\"http:\/\/sfpsy.org\">La Soci\u00e9t\u00e9 Fran\u00e7aise de Psychologie . SFP<\/a><\/p>\n<p><a href=\"http:\/\/lecapsy.e-monsite.com\/pages\/l-association\/qui-sommes-nous.html\">Le CAP &#8211; Club&nbsp;des Anciens Psychologues<\/a><\/p>\n<p><a href=\"http:\/\/www.archives-nationales.culture.gouv.fr\/\">Les Archives nationales<\/a><\/p>\n<p><a href=\"http:\/\/www.archivesnationales.culture.gouv.fr\/camt\/\">Les archives nationales du monde du travail<\/a><\/p>\n<p style=\"text-align: justify;\">L&rsquo;<a href=\"http:\/\/www.archivesdefrance.culture.gouv.fr\/\">Annuaire des services publics d&rsquo;archives<\/a><\/p>\n<p style=\"text-align: justify;\">Le&nbsp;<a href=\"http:\/\/www.culture.fr\">Minist\u00e8re de la culture<\/a>&nbsp;<\/p>\n<p style=\"text-align: justify;\"><a href=\"http:\/\/www.patstec.fr\/PSETT\/ressources\/9BEAAB0NxxlHcHpRTVBuenpEAAA#A1\">La Mission nationale de sauvegarde et de valorisation du patrimoine scientifique et technique contemporain.&nbsp;PATSTEC<\/a><\/p>\n<p><a href=\"http:\/\/www.sncf.com\/fr\/groupe\/archives\" target=\"_self\" rel=\"noopener noreferrer\">&nbsp;Le Centre des Archives historiques de la S<\/a><a href=\"http:\/\/www.sncf.com\/fr\/groupe\/archives\">NCF :&nbsp;Service d&rsquo;Archives et de Documentation SNCF (SARDO)<\/a><\/p>\n<p>L&rsquo;<a href=\"http:\/\/orientation.greo.free.fr\/batteries\/Batteries%20de%20tests004.jpg\" target=\"_self\" rel=\"noopener noreferrer\">Inetop et sa testoth\u00e8que<\/a><\/p>\n<p>Le&nbsp;<a href=\"http:\/\/www.ch-sainte-anne.fr\/Etablissement\/Historique\/(language)\/fre-FR\">Mus\u00e9e de Sainte-Anne<\/a><\/p>\n<p>Le&nbsp;<a href=\"http:\/\/orientation.greo.free.fr\/batteries\/Batteries%20de%20tests003.jpg\" target=\"_blank\" rel=\"noopener noreferrer\">Mus\u00e9e des tests &#8211; Lille&nbsp;<\/a><\/p>\n<p>Le <a href=\"http:\/\/www.sites.univ-rennes2.fr\/crpcc\/lpe\/musee\/page_accueil.html\">Mus\u00e9e Benjamin Bourdon. Universit\u00e9 Rennes II<\/a><\/p>\n<p style=\"text-align: justify;\"><a href=\"http:\/\/orientation.greo.free.fr\/psychometrie.html\">La PSYCHOMETRIE&nbsp;<\/a><a href=\"http:\/\/orientation.greo.free.fr\/psychometrie.html\" target=\"_self\" rel=\"noopener noreferrer\">par Robert et Denise&nbsp;Simonnet-Guyot&nbsp;(plus d\u2019une centaine de tests et appareils de mesure pr\u00e9sent\u00e9s)<\/a><\/p>\n","protected":false},"excerpt":{"rendered":"<p>&nbsp; La Biblioth\u00e8que Henri Pieron L&rsquo; Association des Enseignants-chercheurs en Psychologie des Universit\u00e9s. AEPU L&rsquo;Association des conseillers d&rsquo;orientation-psychologues de France.&nbsp;ACOP-France La F\u00e9d\u00e9ration fran\u00e7aise des psychologues et de psychologie. FFPP Le Groupe de recherches sur l&rsquo;\u00e9volution de l&rsquo;orientation scolaire et professionnelle. GREO La Soci\u00e9t\u00e9 Fran\u00e7aise de Psychologie . SFP Le CAP &#8211; Club&nbsp;des Anciens Psychologues Les &hellip; <a href=\"https:\/\/arimep.org\/index.php\/liens-arimep\/\" class=\"more-link\">Continuer la lecture<span class=\"screen-reader-text\"> de &laquo;&nbsp;Liens vers d&rsquo;autres ressources&nbsp;&raquo;<\/span><\/a><\/p>\n","protected":false},"author":1,"featured_media":0,"parent":0,"menu_order":0,"comment_status":"closed","ping_status":"closed","template":"","meta":{"_acf_changed":false,"ngg_post_thumbnail":0,"footnotes":""},"class_list":["post-196","page","type-page","status-publish","hentry"],"acf":[],"yoast_head":"<!-- This site is optimized with the Yoast SEO plugin v27.3 - https:\/\/yoast.com\/product\/yoast-seo-wordpress\/ -->\n<title>Liens vers d&#039;autres ressources - ARIMEP<\/title>\n<meta name=\"robots\" content=\"index, follow, max-snippet:-1, max-image-preview:large, max-video-preview:-1\" \/>\n<link rel=\"canonical\" href=\"https:\/\/arimep.org\/index.php\/liens-arimep\/\" \/>\n<meta property=\"og:locale\" content=\"fr_FR\" \/>\n<meta property=\"og:type\" content=\"article\" \/>\n<meta property=\"og:title\" content=\"Liens vers d&#039;autres ressources - ARIMEP\" \/>\n<meta property=\"og:description\" content=\"&nbsp; La Biblioth\u00e8que Henri Pieron L&rsquo; Association des Enseignants-chercheurs en Psychologie des Universit\u00e9s. AEPU L&rsquo;Association des conseillers d&rsquo;orientation-psychologues de France.&nbsp;ACOP-France La F\u00e9d\u00e9ration fran\u00e7aise des psychologues et de psychologie. FFPP Le Groupe de recherches sur l&rsquo;\u00e9volution de l&rsquo;orientation scolaire et professionnelle. GREO La Soci\u00e9t\u00e9 Fran\u00e7aise de Psychologie . SFP Le CAP &#8211; Club&nbsp;des Anciens Psychologues Les &hellip; Continuer la lecture de &laquo;&nbsp;Liens vers d&rsquo;autres ressources&nbsp;&raquo;\" \/>\n<meta property=\"og:url\" content=\"https:\/\/arimep.org\/index.php\/liens-arimep\/\" \/>\n<meta property=\"og:site_name\" content=\"ARIMEP\" \/>\n<meta property=\"article:modified_time\" content=\"2020-01-22T09:48:54+00:00\" \/>\n<meta name=\"twitter:card\" content=\"summary_large_image\" \/>\n<meta name=\"twitter:label1\" content=\"Dur\u00e9e de lecture estim\u00e9e\" \/>\n\t<meta name=\"twitter:data1\" content=\"1 minute\" \/>\n<script type=\"application\/ld+json\" class=\"yoast-schema-graph\">{\"@context\":\"https:\\\/\\\/schema.org\",\"@graph\":[{\"@type\":\"WebPage\",\"@id\":\"https:\\\/\\\/arimep.org\\\/index.php\\\/liens-arimep\\\/\",\"url\":\"https:\\\/\\\/arimep.org\\\/index.php\\\/liens-arimep\\\/\",\"name\":\"Liens vers d'autres ressources - ARIMEP\",\"isPartOf\":{\"@id\":\"https:\\\/\\\/arimep.org\\\/#website\"},\"datePublished\":\"2016-02-02T19:09:25+00:00\",\"dateModified\":\"2020-01-22T09:48:54+00:00\",\"breadcrumb\":{\"@id\":\"https:\\\/\\\/arimep.org\\\/index.php\\\/liens-arimep\\\/#breadcrumb\"},\"inLanguage\":\"fr-FR\",\"potentialAction\":[{\"@type\":\"ReadAction\",\"target\":[\"https:\\\/\\\/arimep.org\\\/index.php\\\/liens-arimep\\\/\"]}]},{\"@type\":\"BreadcrumbList\",\"@id\":\"https:\\\/\\\/arimep.org\\\/index.php\\\/liens-arimep\\\/#breadcrumb\",\"itemListElement\":[{\"@type\":\"ListItem\",\"position\":1,\"name\":\"Accueil\",\"item\":\"https:\\\/\\\/arimep.org\\\/\"},{\"@type\":\"ListItem\",\"position\":2,\"name\":\"Liens vers d&rsquo;autres ressources\"}]},{\"@type\":\"WebSite\",\"@id\":\"https:\\\/\\\/arimep.org\\\/#website\",\"url\":\"https:\\\/\\\/arimep.org\\\/\",\"name\":\"ARIMEP\",\"description\":\"Association pour la Recherche et l&#039;Intervention Mus\u00e9ale en Psychologie\",\"potentialAction\":[{\"@type\":\"SearchAction\",\"target\":{\"@type\":\"EntryPoint\",\"urlTemplate\":\"https:\\\/\\\/arimep.org\\\/?s={search_term_string}\"},\"query-input\":{\"@type\":\"PropertyValueSpecification\",\"valueRequired\":true,\"valueName\":\"search_term_string\"}}],\"inLanguage\":\"fr-FR\"}]}<\/script>\n<!-- \/ Yoast SEO plugin. -->","yoast_head_json":{"title":"Liens vers d'autres ressources - ARIMEP","robots":{"index":"index","follow":"follow","max-snippet":"max-snippet:-1","max-image-preview":"max-image-preview:large","max-video-preview":"max-video-preview:-1"},"canonical":"https:\/\/arimep.org\/index.php\/liens-arimep\/","og_locale":"fr_FR","og_type":"article","og_title":"Liens vers d'autres ressources - ARIMEP","og_description":"&nbsp; La Biblioth\u00e8que Henri Pieron L&rsquo; Association des Enseignants-chercheurs en Psychologie des Universit\u00e9s. AEPU L&rsquo;Association des conseillers d&rsquo;orientation-psychologues de France.&nbsp;ACOP-France La F\u00e9d\u00e9ration fran\u00e7aise des psychologues et de psychologie. FFPP Le Groupe de recherches sur l&rsquo;\u00e9volution de l&rsquo;orientation scolaire et professionnelle. GREO La Soci\u00e9t\u00e9 Fran\u00e7aise de Psychologie . SFP Le CAP &#8211; Club&nbsp;des Anciens Psychologues Les &hellip; Continuer la lecture de &laquo;&nbsp;Liens vers d&rsquo;autres ressources&nbsp;&raquo;","og_url":"https:\/\/arimep.org\/index.php\/liens-arimep\/","og_site_name":"ARIMEP","article_modified_time":"2020-01-22T09:48:54+00:00","twitter_card":"summary_large_image","twitter_misc":{"Dur\u00e9e de lecture estim\u00e9e":"1 minute"},"schema":{"@context":"https:\/\/schema.org","@graph":[{"@type":"WebPage","@id":"https:\/\/arimep.org\/index.php\/liens-arimep\/","url":"https:\/\/arimep.org\/index.php\/liens-arimep\/","name":"Liens vers d'autres ressources - ARIMEP","isPartOf":{"@id":"https:\/\/arimep.org\/#website"},"datePublished":"2016-02-02T19:09:25+00:00","dateModified":"2020-01-22T09:48:54+00:00","breadcrumb":{"@id":"https:\/\/arimep.org\/index.php\/liens-arimep\/#breadcrumb"},"inLanguage":"fr-FR","potentialAction":[{"@type":"ReadAction","target":["https:\/\/arimep.org\/index.php\/liens-arimep\/"]}]},{"@type":"BreadcrumbList","@id":"https:\/\/arimep.org\/index.php\/liens-arimep\/#breadcrumb","itemListElement":[{"@type":"ListItem","position":1,"name":"Accueil","item":"https:\/\/arimep.org\/"},{"@type":"ListItem","position":2,"name":"Liens vers d&rsquo;autres ressources"}]},{"@type":"WebSite","@id":"https:\/\/arimep.org\/#website","url":"https:\/\/arimep.org\/","name":"ARIMEP","description":"Association pour la Recherche et l&#039;Intervention Mus\u00e9ale en Psychologie","potentialAction":[{"@type":"SearchAction","target":{"@type":"EntryPoint","urlTemplate":"https:\/\/arimep.org\/?s={search_term_string}"},"query-input":{"@type":"PropertyValueSpecification","valueRequired":true,"valueName":"search_term_string"}}],"inLanguage":"fr-FR"}]}},"jetpack_sharing_enabled":true,"jetpack_shortlink":"https:\/\/wp.me\/P77Fnr-3a","jetpack-related-posts":[],"_links":{"self":[{"href":"https:\/\/arimep.org\/index.php\/wp-json\/wp\/v2\/pages\/196","targetHints":{"allow":["GET"]}}],"collection":[{"href":"https:\/\/arimep.org\/index.php\/wp-json\/wp\/v2\/pages"}],"about":[{"href":"https:\/\/arimep.org\/index.php\/wp-json\/wp\/v2\/types\/page"}],"author":[{"embeddable":true,"href":"https:\/\/arimep.org\/index.php\/wp-json\/wp\/v2\/users\/1"}],"replies":[{"embeddable":true,"href":"https:\/\/arimep.org\/index.php\/wp-json\/wp\/v2\/comments?post=196"}],"version-history":[{"count":30,"href":"https:\/\/arimep.org\/index.php\/wp-json\/wp\/v2\/pages\/196\/revisions"}],"predecessor-version":[{"id":1575,"href":"https:\/\/arimep.org\/index.php\/wp-json\/wp\/v2\/pages\/196\/revisions\/1575"}],"wp:attachment":[{"href":"https:\/\/arimep.org\/index.php\/wp-json\/wp\/v2\/media?parent=196"}],"curies":[{"name":"wp","href":"https:\/\/api.w.org\/{rel}","templated":true}]}}