{"id":1752,"date":"2022-01-13T16:09:50","date_gmt":"2022-01-13T15:09:50","guid":{"rendered":"https:\/\/arimep.org\/?page_id=1752"},"modified":"2022-01-13T16:14:18","modified_gmt":"2022-01-13T15:14:18","slug":"musee-virtuel","status":"publish","type":"page","link":"https:\/\/arimep.org\/index.php\/appareils-utilises-en-psychologie\/musee-virtuel\/","title":{"rendered":"Mus\u00e9e virtuel"},"content":{"rendered":"<p>&nbsp;<\/p>\n<p><img data-recalc-dims=\"1\" loading=\"lazy\" decoding=\"async\" data-attachment-id=\"1757\" data-permalink=\"https:\/\/arimep.org\/index.php\/appareils-utilises-en-psychologie\/musee-virtuel\/mus1\/\" data-orig-file=\"https:\/\/i0.wp.com\/arimep.org\/wp-content\/uploads\/2022\/01\/mus1.png?fit=734%2C964&amp;ssl=1\" data-orig-size=\"734,964\" data-comments-opened=\"1\" data-image-meta=\"{&quot;aperture&quot;:&quot;0&quot;,&quot;credit&quot;:&quot;&quot;,&quot;camera&quot;:&quot;&quot;,&quot;caption&quot;:&quot;&quot;,&quot;created_timestamp&quot;:&quot;0&quot;,&quot;copyright&quot;:&quot;&quot;,&quot;focal_length&quot;:&quot;0&quot;,&quot;iso&quot;:&quot;0&quot;,&quot;shutter_speed&quot;:&quot;0&quot;,&quot;title&quot;:&quot;&quot;,&quot;orientation&quot;:&quot;0&quot;}\" data-image-title=\"mus1\" data-image-description=\"\" data-image-caption=\"\" data-medium-file=\"https:\/\/i0.wp.com\/arimep.org\/wp-content\/uploads\/2022\/01\/mus1.png?fit=228%2C300&amp;ssl=1\" data-large-file=\"https:\/\/i0.wp.com\/arimep.org\/wp-content\/uploads\/2022\/01\/mus1.png?fit=734%2C964&amp;ssl=1\" class=\"wp-image-1757 aligncenter\" src=\"https:\/\/i0.wp.com\/arimep.org\/wp-content\/uploads\/2022\/01\/mus1.png?resize=797%2C1049&#038;ssl=1\" alt=\"\" width=\"797\" height=\"1049\"><\/p>\n<p class=\"p4\"><span class=\"s1\"><b><i><span class=\"Apple-converted-space\"><img data-recalc-dims=\"1\" loading=\"lazy\" decoding=\"async\" data-attachment-id=\"1758\" data-permalink=\"https:\/\/arimep.org\/index.php\/appareils-utilises-en-psychologie\/musee-virtuel\/mus2\/\" data-orig-file=\"https:\/\/i0.wp.com\/arimep.org\/wp-content\/uploads\/2022\/01\/mus2.png?fit=742%2C978&amp;ssl=1\" data-orig-size=\"742,978\" data-comments-opened=\"1\" data-image-meta=\"{&quot;aperture&quot;:&quot;0&quot;,&quot;credit&quot;:&quot;&quot;,&quot;camera&quot;:&quot;&quot;,&quot;caption&quot;:&quot;&quot;,&quot;created_timestamp&quot;:&quot;0&quot;,&quot;copyright&quot;:&quot;&quot;,&quot;focal_length&quot;:&quot;0&quot;,&quot;iso&quot;:&quot;0&quot;,&quot;shutter_speed&quot;:&quot;0&quot;,&quot;title&quot;:&quot;&quot;,&quot;orientation&quot;:&quot;0&quot;}\" data-image-title=\"mus2\" data-image-description=\"\" data-image-caption=\"\" data-medium-file=\"https:\/\/i0.wp.com\/arimep.org\/wp-content\/uploads\/2022\/01\/mus2.png?fit=228%2C300&amp;ssl=1\" data-large-file=\"https:\/\/i0.wp.com\/arimep.org\/wp-content\/uploads\/2022\/01\/mus2.png?fit=742%2C978&amp;ssl=1\" class=\"alignnone wp-image-1758\" src=\"https:\/\/i0.wp.com\/arimep.org\/wp-content\/uploads\/2022\/01\/mus2.png?resize=809%2C1064&#038;ssl=1\" alt=\"\" width=\"809\" height=\"1064\">&nbsp;<\/span><\/i><\/b><\/span><\/p>\n<p class=\"p6\"><span class=\"Apple-converted-space\"> <img data-recalc-dims=\"1\" loading=\"lazy\" decoding=\"async\" data-attachment-id=\"1759\" data-permalink=\"https:\/\/arimep.org\/index.php\/appareils-utilises-en-psychologie\/musee-virtuel\/mus3\/\" data-orig-file=\"https:\/\/i0.wp.com\/arimep.org\/wp-content\/uploads\/2022\/01\/mus3.png?fit=742%2C973&amp;ssl=1\" data-orig-size=\"742,973\" data-comments-opened=\"1\" data-image-meta=\"{&quot;aperture&quot;:&quot;0&quot;,&quot;credit&quot;:&quot;&quot;,&quot;camera&quot;:&quot;&quot;,&quot;caption&quot;:&quot;&quot;,&quot;created_timestamp&quot;:&quot;0&quot;,&quot;copyright&quot;:&quot;&quot;,&quot;focal_length&quot;:&quot;0&quot;,&quot;iso&quot;:&quot;0&quot;,&quot;shutter_speed&quot;:&quot;0&quot;,&quot;title&quot;:&quot;&quot;,&quot;orientation&quot;:&quot;0&quot;}\" data-image-title=\"mus3\" data-image-description=\"\" data-image-caption=\"\" data-medium-file=\"https:\/\/i0.wp.com\/arimep.org\/wp-content\/uploads\/2022\/01\/mus3.png?fit=229%2C300&amp;ssl=1\" data-large-file=\"https:\/\/i0.wp.com\/arimep.org\/wp-content\/uploads\/2022\/01\/mus3.png?fit=742%2C973&amp;ssl=1\" class=\"alignnone wp-image-1759\" src=\"https:\/\/i0.wp.com\/arimep.org\/wp-content\/uploads\/2022\/01\/mus3.png?resize=794%2C1041&#038;ssl=1\" alt=\"\" width=\"794\" height=\"1041\" srcset=\"https:\/\/i0.wp.com\/arimep.org\/wp-content\/uploads\/2022\/01\/mus3.png?resize=229%2C300&amp;ssl=1 229w, https:\/\/i0.wp.com\/arimep.org\/wp-content\/uploads\/2022\/01\/mus3.png?w=742&amp;ssl=1 742w\" sizes=\"auto, (max-width: 794px) 85vw, 794px\" \/>&nbsp; &nbsp; &nbsp;<\/span><b><i><\/i><\/b><\/p>\n<p class=\"p6\"><span class=\"Apple-converted-space\"><img data-recalc-dims=\"1\" loading=\"lazy\" decoding=\"async\" data-attachment-id=\"1760\" data-permalink=\"https:\/\/arimep.org\/index.php\/appareils-utilises-en-psychologie\/musee-virtuel\/mus4\/\" data-orig-file=\"https:\/\/i0.wp.com\/arimep.org\/wp-content\/uploads\/2022\/01\/mus4.png?fit=739%2C965&amp;ssl=1\" data-orig-size=\"739,965\" data-comments-opened=\"1\" data-image-meta=\"{&quot;aperture&quot;:&quot;0&quot;,&quot;credit&quot;:&quot;&quot;,&quot;camera&quot;:&quot;&quot;,&quot;caption&quot;:&quot;&quot;,&quot;created_timestamp&quot;:&quot;0&quot;,&quot;copyright&quot;:&quot;&quot;,&quot;focal_length&quot;:&quot;0&quot;,&quot;iso&quot;:&quot;0&quot;,&quot;shutter_speed&quot;:&quot;0&quot;,&quot;title&quot;:&quot;&quot;,&quot;orientation&quot;:&quot;0&quot;}\" data-image-title=\"mus4\" data-image-description=\"\" data-image-caption=\"\" data-medium-file=\"https:\/\/i0.wp.com\/arimep.org\/wp-content\/uploads\/2022\/01\/mus4.png?fit=230%2C300&amp;ssl=1\" data-large-file=\"https:\/\/i0.wp.com\/arimep.org\/wp-content\/uploads\/2022\/01\/mus4.png?fit=739%2C965&amp;ssl=1\" class=\"alignnone wp-image-1760\" src=\"https:\/\/i0.wp.com\/arimep.org\/wp-content\/uploads\/2022\/01\/mus4.png?resize=779%2C1016&#038;ssl=1\" alt=\"\" width=\"779\" height=\"1016\" srcset=\"https:\/\/i0.wp.com\/arimep.org\/wp-content\/uploads\/2022\/01\/mus4.png?resize=230%2C300&amp;ssl=1 230w, https:\/\/i0.wp.com\/arimep.org\/wp-content\/uploads\/2022\/01\/mus4.png?w=739&amp;ssl=1 739w\" sizes=\"auto, (max-width: 779px) 85vw, 779px\" \/>&nbsp; &nbsp; &nbsp; &nbsp;<\/span><\/p>\n<p class=\"p6\"><span class=\"Apple-converted-space\"><img data-recalc-dims=\"1\" loading=\"lazy\" decoding=\"async\" data-attachment-id=\"1761\" data-permalink=\"https:\/\/arimep.org\/index.php\/appareils-utilises-en-psychologie\/musee-virtuel\/mus5\/\" data-orig-file=\"https:\/\/i0.wp.com\/arimep.org\/wp-content\/uploads\/2022\/01\/mus5.png?fit=740%2C967&amp;ssl=1\" data-orig-size=\"740,967\" data-comments-opened=\"1\" data-image-meta=\"{&quot;aperture&quot;:&quot;0&quot;,&quot;credit&quot;:&quot;&quot;,&quot;camera&quot;:&quot;&quot;,&quot;caption&quot;:&quot;&quot;,&quot;created_timestamp&quot;:&quot;0&quot;,&quot;copyright&quot;:&quot;&quot;,&quot;focal_length&quot;:&quot;0&quot;,&quot;iso&quot;:&quot;0&quot;,&quot;shutter_speed&quot;:&quot;0&quot;,&quot;title&quot;:&quot;&quot;,&quot;orientation&quot;:&quot;0&quot;}\" data-image-title=\"mus5\" data-image-description=\"\" data-image-caption=\"\" data-medium-file=\"https:\/\/i0.wp.com\/arimep.org\/wp-content\/uploads\/2022\/01\/mus5.png?fit=230%2C300&amp;ssl=1\" data-large-file=\"https:\/\/i0.wp.com\/arimep.org\/wp-content\/uploads\/2022\/01\/mus5.png?fit=740%2C967&amp;ssl=1\" class=\"alignnone wp-image-1761\" src=\"https:\/\/i0.wp.com\/arimep.org\/wp-content\/uploads\/2022\/01\/mus5.png?resize=770%2C1004&#038;ssl=1\" alt=\"\" width=\"770\" height=\"1004\">&nbsp;<\/span><\/p>\n<p class=\"p7\"><i><span class=\"Apple-converted-space\">&nbsp; &nbsp;<\/span><\/i><span class=\"s3\"> <span class=\"Apple-converted-space\">&nbsp;<\/span><\/span><\/p>\n<p class=\"p6\"><span class=\"Apple-converted-space\">&nbsp;<\/span><\/p>\n<p class=\"p6\">&nbsp;<\/p>\n<p class=\"p12\">&nbsp;<\/p>\n<p class=\"p11\">&nbsp;<\/p>\n<p class=\"p7\">&nbsp;<\/p>\n<p class=\"p4\"><span class=\"s1\"><b><span class=\"Apple-converted-space\">&nbsp;<\/span><\/b><\/span><\/p>\n","protected":false},"excerpt":{"rendered":"<p>&nbsp; &nbsp; &nbsp; &nbsp; &nbsp; &nbsp; &nbsp; &nbsp; &nbsp; &nbsp; &nbsp; &nbsp; &nbsp; &nbsp; &nbsp; &nbsp; &nbsp; &nbsp; &nbsp;<\/p>\n","protected":false},"author":2,"featured_media":0,"parent":2,"menu_order":0,"comment_status":"closed","ping_status":"closed","template":"","meta":{"_acf_changed":false,"ngg_post_thumbnail":0,"footnotes":""},"class_list":["post-1752","page","type-page","status-publish","hentry"],"acf":[],"yoast_head":"<!-- This site is optimized with the Yoast SEO plugin v27.3 - https:\/\/yoast.com\/product\/yoast-seo-wordpress\/ -->\n<title>Mus\u00e9e virtuel - ARIMEP<\/title>\n<meta name=\"description\" content=\"appareil de test, mesure, test, mus\u00e9e virtuel, domaine cognitif, r\u00e9action psychomotrice, domaine conatif, personnalit\u00e9\" \/>\n<meta name=\"robots\" content=\"index, follow, max-snippet:-1, max-image-preview:large, max-video-preview:-1\" \/>\n<link rel=\"canonical\" href=\"https:\/\/arimep.org\/index.php\/appareils-utilises-en-psychologie\/musee-virtuel\/\" \/>\n<meta property=\"og:locale\" content=\"fr_FR\" \/>\n<meta property=\"og:type\" content=\"article\" \/>\n<meta property=\"og:title\" content=\"Mus\u00e9e virtuel - ARIMEP\" \/>\n<meta property=\"og:description\" content=\"appareil de test, mesure, test, mus\u00e9e virtuel, domaine cognitif, r\u00e9action psychomotrice, domaine conatif, personnalit\u00e9\" \/>\n<meta property=\"og:url\" content=\"https:\/\/arimep.org\/index.php\/appareils-utilises-en-psychologie\/musee-virtuel\/\" \/>\n<meta property=\"og:site_name\" content=\"ARIMEP\" \/>\n<meta property=\"article:modified_time\" content=\"2022-01-13T15:14:18+00:00\" \/>\n<meta property=\"og:image\" content=\"https:\/\/arimep.org\/wp-content\/uploads\/2022\/01\/mus1-228x300.png\" \/>\n<meta name=\"twitter:card\" content=\"summary_large_image\" \/>\n<meta name=\"twitter:label1\" content=\"Dur\u00e9e de lecture estim\u00e9e\" \/>\n\t<meta name=\"twitter:data1\" content=\"2 minutes\" \/>\n<script type=\"application\/ld+json\" class=\"yoast-schema-graph\">{\"@context\":\"https:\\\/\\\/schema.org\",\"@graph\":[{\"@type\":\"WebPage\",\"@id\":\"https:\\\/\\\/arimep.org\\\/index.php\\\/appareils-utilises-en-psychologie\\\/musee-virtuel\\\/\",\"url\":\"https:\\\/\\\/arimep.org\\\/index.php\\\/appareils-utilises-en-psychologie\\\/musee-virtuel\\\/\",\"name\":\"Mus\u00e9e virtuel - ARIMEP\",\"isPartOf\":{\"@id\":\"https:\\\/\\\/arimep.org\\\/#website\"},\"primaryImageOfPage\":{\"@id\":\"https:\\\/\\\/arimep.org\\\/index.php\\\/appareils-utilises-en-psychologie\\\/musee-virtuel\\\/#primaryimage\"},\"image\":{\"@id\":\"https:\\\/\\\/arimep.org\\\/index.php\\\/appareils-utilises-en-psychologie\\\/musee-virtuel\\\/#primaryimage\"},\"thumbnailUrl\":\"https:\\\/\\\/arimep.org\\\/wp-content\\\/uploads\\\/2022\\\/01\\\/mus1-228x300.png\",\"datePublished\":\"2022-01-13T15:09:50+00:00\",\"dateModified\":\"2022-01-13T15:14:18+00:00\",\"description\":\"appareil de test, mesure, test, mus\u00e9e virtuel, domaine cognitif, r\u00e9action psychomotrice, domaine conatif, personnalit\u00e9\",\"breadcrumb\":{\"@id\":\"https:\\\/\\\/arimep.org\\\/index.php\\\/appareils-utilises-en-psychologie\\\/musee-virtuel\\\/#breadcrumb\"},\"inLanguage\":\"fr-FR\",\"potentialAction\":[{\"@type\":\"ReadAction\",\"target\":[\"https:\\\/\\\/arimep.org\\\/index.php\\\/appareils-utilises-en-psychologie\\\/musee-virtuel\\\/\"]}]},{\"@type\":\"ImageObject\",\"inLanguage\":\"fr-FR\",\"@id\":\"https:\\\/\\\/arimep.org\\\/index.php\\\/appareils-utilises-en-psychologie\\\/musee-virtuel\\\/#primaryimage\",\"url\":\"https:\\\/\\\/i0.wp.com\\\/arimep.org\\\/wp-content\\\/uploads\\\/2022\\\/01\\\/mus1.png?fit=734%2C964&ssl=1\",\"contentUrl\":\"https:\\\/\\\/i0.wp.com\\\/arimep.org\\\/wp-content\\\/uploads\\\/2022\\\/01\\\/mus1.png?fit=734%2C964&ssl=1\",\"width\":734,\"height\":964},{\"@type\":\"BreadcrumbList\",\"@id\":\"https:\\\/\\\/arimep.org\\\/index.php\\\/appareils-utilises-en-psychologie\\\/musee-virtuel\\\/#breadcrumb\",\"itemListElement\":[{\"@type\":\"ListItem\",\"position\":1,\"name\":\"Accueil\",\"item\":\"https:\\\/\\\/arimep.org\\\/\"},{\"@type\":\"ListItem\",\"position\":2,\"name\":\"Appareils utilis\u00e9s en Psychologie\",\"item\":\"https:\\\/\\\/arimep.org\\\/index.php\\\/appareils-utilises-en-psychologie\\\/\"},{\"@type\":\"ListItem\",\"position\":3,\"name\":\"Mus\u00e9e virtuel\"}]},{\"@type\":\"WebSite\",\"@id\":\"https:\\\/\\\/arimep.org\\\/#website\",\"url\":\"https:\\\/\\\/arimep.org\\\/\",\"name\":\"ARIMEP\",\"description\":\"Association pour la Recherche et l&#039;Intervention Mus\u00e9ale en Psychologie\",\"potentialAction\":[{\"@type\":\"SearchAction\",\"target\":{\"@type\":\"EntryPoint\",\"urlTemplate\":\"https:\\\/\\\/arimep.org\\\/?s={search_term_string}\"},\"query-input\":{\"@type\":\"PropertyValueSpecification\",\"valueRequired\":true,\"valueName\":\"search_term_string\"}}],\"inLanguage\":\"fr-FR\"}]}<\/script>\n<!-- \/ Yoast SEO plugin. -->","yoast_head_json":{"title":"Mus\u00e9e virtuel - ARIMEP","description":"appareil de test, mesure, test, mus\u00e9e virtuel, domaine cognitif, r\u00e9action psychomotrice, domaine conatif, personnalit\u00e9","robots":{"index":"index","follow":"follow","max-snippet":"max-snippet:-1","max-image-preview":"max-image-preview:large","max-video-preview":"max-video-preview:-1"},"canonical":"https:\/\/arimep.org\/index.php\/appareils-utilises-en-psychologie\/musee-virtuel\/","og_locale":"fr_FR","og_type":"article","og_title":"Mus\u00e9e virtuel - ARIMEP","og_description":"appareil de test, mesure, test, mus\u00e9e virtuel, domaine cognitif, r\u00e9action psychomotrice, domaine conatif, personnalit\u00e9","og_url":"https:\/\/arimep.org\/index.php\/appareils-utilises-en-psychologie\/musee-virtuel\/","og_site_name":"ARIMEP","article_modified_time":"2022-01-13T15:14:18+00:00","og_image":[{"url":"https:\/\/arimep.org\/wp-content\/uploads\/2022\/01\/mus1-228x300.png","type":"","width":"","height":""}],"twitter_card":"summary_large_image","twitter_misc":{"Dur\u00e9e de lecture estim\u00e9e":"2 minutes"},"schema":{"@context":"https:\/\/schema.org","@graph":[{"@type":"WebPage","@id":"https:\/\/arimep.org\/index.php\/appareils-utilises-en-psychologie\/musee-virtuel\/","url":"https:\/\/arimep.org\/index.php\/appareils-utilises-en-psychologie\/musee-virtuel\/","name":"Mus\u00e9e virtuel - ARIMEP","isPartOf":{"@id":"https:\/\/arimep.org\/#website"},"primaryImageOfPage":{"@id":"https:\/\/arimep.org\/index.php\/appareils-utilises-en-psychologie\/musee-virtuel\/#primaryimage"},"image":{"@id":"https:\/\/arimep.org\/index.php\/appareils-utilises-en-psychologie\/musee-virtuel\/#primaryimage"},"thumbnailUrl":"https:\/\/arimep.org\/wp-content\/uploads\/2022\/01\/mus1-228x300.png","datePublished":"2022-01-13T15:09:50+00:00","dateModified":"2022-01-13T15:14:18+00:00","description":"appareil de test, mesure, test, mus\u00e9e virtuel, domaine cognitif, r\u00e9action psychomotrice, domaine conatif, personnalit\u00e9","breadcrumb":{"@id":"https:\/\/arimep.org\/index.php\/appareils-utilises-en-psychologie\/musee-virtuel\/#breadcrumb"},"inLanguage":"fr-FR","potentialAction":[{"@type":"ReadAction","target":["https:\/\/arimep.org\/index.php\/appareils-utilises-en-psychologie\/musee-virtuel\/"]}]},{"@type":"ImageObject","inLanguage":"fr-FR","@id":"https:\/\/arimep.org\/index.php\/appareils-utilises-en-psychologie\/musee-virtuel\/#primaryimage","url":"https:\/\/i0.wp.com\/arimep.org\/wp-content\/uploads\/2022\/01\/mus1.png?fit=734%2C964&ssl=1","contentUrl":"https:\/\/i0.wp.com\/arimep.org\/wp-content\/uploads\/2022\/01\/mus1.png?fit=734%2C964&ssl=1","width":734,"height":964},{"@type":"BreadcrumbList","@id":"https:\/\/arimep.org\/index.php\/appareils-utilises-en-psychologie\/musee-virtuel\/#breadcrumb","itemListElement":[{"@type":"ListItem","position":1,"name":"Accueil","item":"https:\/\/arimep.org\/"},{"@type":"ListItem","position":2,"name":"Appareils utilis\u00e9s en Psychologie","item":"https:\/\/arimep.org\/index.php\/appareils-utilises-en-psychologie\/"},{"@type":"ListItem","position":3,"name":"Mus\u00e9e virtuel"}]},{"@type":"WebSite","@id":"https:\/\/arimep.org\/#website","url":"https:\/\/arimep.org\/","name":"ARIMEP","description":"Association pour la Recherche et l&#039;Intervention Mus\u00e9ale en Psychologie","potentialAction":[{"@type":"SearchAction","target":{"@type":"EntryPoint","urlTemplate":"https:\/\/arimep.org\/?s={search_term_string}"},"query-input":{"@type":"PropertyValueSpecification","valueRequired":true,"valueName":"search_term_string"}}],"inLanguage":"fr-FR"}]}},"jetpack_sharing_enabled":true,"jetpack_shortlink":"https:\/\/wp.me\/P77Fnr-sg","jetpack-related-posts":[],"_links":{"self":[{"href":"https:\/\/arimep.org\/index.php\/wp-json\/wp\/v2\/pages\/1752","targetHints":{"allow":["GET"]}}],"collection":[{"href":"https:\/\/arimep.org\/index.php\/wp-json\/wp\/v2\/pages"}],"about":[{"href":"https:\/\/arimep.org\/index.php\/wp-json\/wp\/v2\/types\/page"}],"author":[{"embeddable":true,"href":"https:\/\/arimep.org\/index.php\/wp-json\/wp\/v2\/users\/2"}],"replies":[{"embeddable":true,"href":"https:\/\/arimep.org\/index.php\/wp-json\/wp\/v2\/comments?post=1752"}],"version-history":[{"count":6,"href":"https:\/\/arimep.org\/index.php\/wp-json\/wp\/v2\/pages\/1752\/revisions"}],"predecessor-version":[{"id":1768,"href":"https:\/\/arimep.org\/index.php\/wp-json\/wp\/v2\/pages\/1752\/revisions\/1768"}],"up":[{"embeddable":true,"href":"https:\/\/arimep.org\/index.php\/wp-json\/wp\/v2\/pages\/2"}],"wp:attachment":[{"href":"https:\/\/arimep.org\/index.php\/wp-json\/wp\/v2\/media?parent=1752"}],"curies":[{"name":"wp","href":"https:\/\/api.w.org\/{rel}","templated":true}]}}