{"id":1554,"date":"2019-12-04T12:26:53","date_gmt":"2019-12-04T11:26:53","guid":{"rendered":"http:\/\/arimep.org\/?page_id=1554"},"modified":"2021-06-13T08:04:50","modified_gmt":"2021-06-13T07:04:50","slug":"actualites","status":"publish","type":"page","link":"https:\/\/arimep.org\/index.php\/actualites\/","title":{"rendered":"Actualit\u00e9s"},"content":{"rendered":"<p>Ev\u00e9nements \u00e0 venir<\/p>\n<p style=\"text-align: justify;\">Marxisme, psychologie et orientation en France<span class=\"Apple-converted-space\">&nbsp;<\/span><\/p>\n<p style=\"text-align: justify;\">au XXe si\u00e8cle<span class=\"Apple-converted-space\">&nbsp;<\/span><\/p>\n<p><i>Journ\u00e9e d\u2019\u00e9tudes<\/i> organis\u00e9e par le Groupe de recherches sur l\u2019\u00e9volution de l\u2019orientation (GREO)<\/p>\n<p>Le 19 novembre 2021, 9h-18h \u00e0 l\u2019INETOP CNAM (41 rue Gay-Lussac 75005 PARIS)<\/p>\n<p style=\"text-align: justify;\">Alors que l\u2019influence du communisme au XXe si\u00e8cle au sein des milieux intellectuels a \u00e9t\u00e9 l\u2019objet de nombreux travaux, les chercheurs ont assez peu abord\u00e9 les relations entre le marxisme, la psychologie et l\u2019orientation professionnelle et scolaire. Pourtant, que ce soit aux travers de grandes figures scientifiques (J.-M. Lahy, H. Wallon, R. Zazzo, P. Malrieu\u2026), de milieux socioprofessionnels (psychologues, conseillers d\u2019orientation, psychologues scolaires, psychologues du travail\u2026) ou de pol\u00e9miques th\u00e9oriques et politiques (aptitudes, dons, tests), ces engagements ont contribu\u00e9 \u00e0 structurer le champ de la psychologie.<\/p>\n<p style=\"text-align: justify;\">Le questionnement au sujet de ces relations doit, tout \u00e0 la fois et n\u00e9cessairement entrecroiser de multiples dimensions, scientifique, politique, id\u00e9ologique, mais aussi sociale et culturelle ou mettre en \u00e9vidence les acteurs, scientifiques, intellectuels ou professionnels, responsables politiques, militants, simples adh\u00e9rents ou sympathisants qui tous s\u2019ins\u00e8rent dans des milieux et des p\u00e9riodes particuli\u00e8res. Ce faisant, s\u2019imposera la prise en consid\u00e9ration des logiques scientifiques, acad\u00e9miques et \u00e9ditoriales propres \u00e0 la production intellectuelle et scientifique, ainsi que les questions suivantes.<\/p>\n<p style=\"text-align: justify;\">Comment articuler th\u00e9oriquement psychologie et marxisme et d\u00e9limiter la part du marxisme dans la production scientifique ? Peut-on surmonter les oppositions entre rationalisme et marxisme, dogmatisme et critique ? La place de la personne dans la logique de l\u2019histoire en relation avec la division du travail et la lutte des classes dans les discours et pratiques d\u2019inspiration marxiste et\/ou communiste ? Avec ses identit\u00e9s multiples, peut-on d\u00e9limiter l\u2019implantation communiste parmi les psychologues, scientifiques et praticiens et mesurer ses cons\u00e9quences sur le fonctionnement, l\u2019identit\u00e9 professionnelle et le statut de ces milieux ?<\/p>\n<p style=\"text-align: justify;\"><span class=\"Apple-converted-space\">&nbsp;&nbsp; &nbsp; &nbsp; &nbsp; &nbsp; &nbsp; &nbsp; &nbsp; &nbsp; &nbsp; &nbsp; &nbsp; &nbsp; &nbsp; &nbsp; &nbsp; &nbsp; &nbsp; &nbsp; &nbsp; &nbsp; &nbsp; &nbsp; &nbsp; &nbsp; &nbsp; &nbsp; &nbsp; &nbsp; &nbsp; &nbsp; &nbsp; &nbsp; &nbsp; &nbsp; &nbsp; &nbsp; &nbsp; &nbsp; &nbsp; &nbsp; &nbsp; &nbsp; &nbsp; &nbsp; &nbsp; &nbsp; &nbsp; <\/span>P. Roche, mai 2021.<\/p>\n<p><b>PROGRAMME<\/b><\/p>\n<p><b>9H-9H30 Accueil<\/b><\/p>\n<p><b>9H30-9H45 Ouverture de la journ\u00e9e d\u2019\u00e9tudes<br \/>\n<\/b><\/p>\n<p>Allocution des organisations parrainant la manifestation scientifique&nbsp;: GREO&nbsp;: INETOP et APSYEN.<\/p>\n<p><b>Pr\u00e9sident de s\u00e9ance&nbsp;: Serge Blanchard<\/b><\/p>\n<p style=\"text-align: justify;\"><b>9H45-10H15- Marxisme et psychologie dans l\u2019entre-deux-guerres, Isabelle Gouarn\u00e9<\/b>, charg\u00e9e de recherches au CNRS, Centre universitaire de recherches sur l\u2019action publique et la politique, \u00e9pist\u00e9mologie et sciences sociales, Universit\u00e9 d\u2019Amiens. Auteur de <a href=\"http:\/\/www.pur-editions.fr\/detail.php?idOuv=3317\"><i>L\u2019Introduction du marxisme en France. Philosovi\u00e9tisme et sciences humaines 1920-1939<\/i><\/a>, PU Rennes 2013.<\/p>\n<p style=\"text-align: justify;\"><b>10H15-10H45- Henri Wallon (1879-1962), psychologue marxiste et communiste, Serge Netchine<\/b>, professeur honoraire de psychologie de l\u2019enfant et de l\u2019\u00e9ducation Universit\u00e9 Paris VIII, dernier ouvrage paru avec Gaby Netchine-Grynberg, <a href=\"https:\/\/www.peterlang.com\/view\/title\/61671\"><i>Henri Wallon (1879-1962)&nbsp;: action pens\u00e9e, pens\u00e9e de l\u2019action<\/i><\/a><i>, <\/i>Ed. Peter Lang, 2017.<\/p>\n<p><b>10H45-11H Pause<\/b><\/p>\n<p style=\"text-align: justify;\"><b>11H-11H30 \u2013 Psychop\u00e9dagogie et marxisme dans l\u2019\u0153uvre d\u2019Antoine L\u00e9on (1921-1998), Pierre Roche<\/b>, docteur en sciences de l\u2019\u00e9ducation, pr\u00e9sident du Groupe de recherches sur l\u2019\u00e9volution de l\u2019orientation, dernier ouvrage paru&nbsp;: Antoine L\u00e9on et la psychop\u00e9dagogie des adultes, in, P. Carr\u00e9 et P. Mayen (dir.) <a href=\"https:\/\/www.dunod.com\/sciences-humaines-et-sociales\/psychologies-pour-formation\"><i>Psychologies pour la formation<\/i><\/a>, Dunod, 2019.<\/p>\n<p style=\"text-align: justify;\"><b>11H30-12H- Jacques Romian (1928-1987) : conseiller, psychologue et syndicaliste, Catherine Remermier,<\/b>&nbsp;psychologue de l\u2019Education nationale (\u00e9ducation, d\u00e9veloppement et conseil en orientation scolaire et professionnelle).<\/p>\n<p><b>12H-14H Repas (libre).<\/b><\/p>\n<p><b>Pr\u00e9sident de s\u00e9ance : Pierre Roche<\/b><\/p>\n<p style=\"text-align: justify;\"><b>14H-14H30- Ecole, psychologie et orientation (1977), Jean-Claude Foutrier<\/b>, Psychologue de l\u2019Education nationale (\u00e9ducation, d\u00e9veloppement et conseil en orientation scolaire et professionnelle),&nbsp;<b>Denis Lemercier,<\/b>&nbsp;Docteur en psychologie HDR, enseignant-chercheur honoraire. Tous deux, coauteurs.<\/p>\n<p style=\"text-align: justify;\"><b>14H30- 15H- La psychologie dans la correspondance entre Lucien S\u00e8ve et Louis Althusser (1949-1987), Claude Morilhat,<\/b>&nbsp;philosophe, membre du Groupe d\u2019\u00e9tudes du mat\u00e9rialisme rationnel, collaborateur de <i>La Pens\u00e9e<\/i>, dernier ouvrage paru&nbsp;: <a href=\"https:\/\/pufc.univ-fcomte.fr\/marx-la-formation-du-concept-de-force-du-travail.html?SID=2ngrabk8caks6aasvqmuvtgj53\"><i>Marx&nbsp;: la formation du concept de force de travail<\/i><\/a>, PU Franche-Comt\u00e9,2017.<\/p>\n<p><b>15H-15H 15 Pause<\/b><\/p>\n<p style=\"text-align: justify;\"><b>15H15-15H45 \u2013 Education nouvelle, psychologie et marxisme, le GFEN (1980-2000), Jacques Le Moigne<\/b>, Psychologue de l\u2019Education nationale (\u00e9ducation, d\u00e9veloppement et conseil en orientation scolaire et professionnelle). Coauteur de G.F.E.N<i>. <\/i><a href=\"https:\/\/www.persee.fr\/doc\/forem_0759-6340_1987_num_17_1_1199_t1_0117_0000_5\"><i>L\u2019orientation scolaire en question<\/i><\/a>, Editions ESF,1986.<\/p>\n<p><b>15H45-16H 15- La Boussole, publication des \u00e9tudiants communistes de l\u2019INETOP (1949-1954), Annick Dom\u00e9<\/b>, Conseill\u00e8re d\u2019orientation-psychologue retrait\u00e9e, membre du GREO.<\/p>\n<p style=\"text-align: justify;\"><b>16H15-16H45- Orientation et psychologie dans L\u2019\u00c9cole et la Nation (1951-1981), Paul Lehner<\/b>, docteur en science politique, enseignant-chercheur contractuel en sciences de l\u2019\u00e9ducation \u00e0 l\u2019Universit\u00e9 de Cergy-Pontoise, dernier ouvrage paru&nbsp;<i>: <\/i><a href=\"https:\/\/www.puf.com\/content\/Les_conseillers_dorientation\"><i>Les conseillers d\u2019orientation. Un m\u00e9tier impossible<\/i><\/a>, PUF, 2020.<\/p>\n<p><b>Conclusions et perspectives de la JE&nbsp;: Francis Danvers (PU \u00e9m\u00e9rite, Universit\u00e9 de Lille).<\/b><\/p>\n<p><span class=\"Apple-converted-space\">&nbsp;&nbsp; &nbsp; <\/span>\u2026\u2026\u2026\u2026\u2026\u2026\u2026\u2026\u2026\u2026\u2026\u2026\u2026\u2026\u2026\u2026\u2026\u2026\u2026\u2026\u2026\u2026\u2026\u2026\u2026\u2026\u2026\u2026..<\/p>\n<p><b>Journ\u00e9e organis\u00e9e par le Groupe de recherches sur l\u2019\u00e9volution de l\u2019orientation avec le soutien de l\u2019APSYEN.<\/b><\/p>\n<p><b>Inscription obligatoire avant le 1\u00b0 novembre 2021 \u00e0&nbsp;: <\/b><a href=\"mailto:guerrierremi@gmail.com\"><b>guerrierremi@gmail.com<\/b><\/a><\/p>\n<p>*Gratuit\u00e9 offerte aux membres du GREO \u00e0 jour de la cotisation 2021, ainsi qu\u2019\u00e0 tous les intervenants.<\/p>\n<p>** Possibilit\u00e9 de prendre son adh\u00e9sion annuelle sur place (seulement par ch\u00e8que).<span class=\"Apple-converted-space\">&nbsp;<\/span><\/p>\n<p style=\"text-align: justify;\">*** Table avec pr\u00e9sentation des ouvrages des auteurs sera tenue par Madame A. Rochette.<span class=\"Apple-converted-space\">&nbsp; &nbsp; &nbsp; &nbsp; &nbsp; &nbsp; &nbsp; &nbsp; &nbsp; &nbsp; &nbsp; &nbsp; &nbsp; &nbsp; &nbsp; &nbsp; &nbsp; &nbsp; &nbsp; &nbsp; <\/span><\/p>\n","protected":false},"excerpt":{"rendered":"<p>Ev\u00e9nements \u00e0 venir Marxisme, psychologie et orientation en France&nbsp; au XXe si\u00e8cle&nbsp; Journ\u00e9e d\u2019\u00e9tudes organis\u00e9e par le Groupe de recherches sur l\u2019\u00e9volution de l\u2019orientation (GREO) Le 19 novembre 2021, 9h-18h \u00e0 l\u2019INETOP CNAM (41 rue Gay-Lussac 75005 PARIS) Alors que l\u2019influence du communisme au XXe si\u00e8cle au sein des milieux intellectuels a \u00e9t\u00e9 l\u2019objet de &hellip; <a href=\"https:\/\/arimep.org\/index.php\/actualites\/\" class=\"more-link\">Continuer la lecture<span class=\"screen-reader-text\"> de &laquo;&nbsp;Actualit\u00e9s&nbsp;&raquo;<\/span><\/a><\/p>\n","protected":false},"author":2,"featured_media":0,"parent":0,"menu_order":0,"comment_status":"closed","ping_status":"closed","template":"","meta":{"_acf_changed":false,"ngg_post_thumbnail":0,"footnotes":""},"class_list":["post-1554","page","type-page","status-publish","hentry"],"acf":[],"yoast_head":"<!-- This site is optimized with the Yoast SEO plugin v27.3 - https:\/\/yoast.com\/product\/yoast-seo-wordpress\/ -->\n<title>Actualit\u00e9s - ARIMEP<\/title>\n<meta name=\"robots\" content=\"index, follow, max-snippet:-1, max-image-preview:large, max-video-preview:-1\" \/>\n<link rel=\"canonical\" href=\"https:\/\/arimep.org\/index.php\/actualites\/\" \/>\n<meta property=\"og:locale\" content=\"fr_FR\" \/>\n<meta property=\"og:type\" content=\"article\" \/>\n<meta property=\"og:title\" content=\"Actualit\u00e9s - ARIMEP\" \/>\n<meta property=\"og:description\" content=\"Ev\u00e9nements \u00e0 venir Marxisme, psychologie et orientation en France&nbsp; au XXe si\u00e8cle&nbsp; Journ\u00e9e d\u2019\u00e9tudes organis\u00e9e par le Groupe de recherches sur l\u2019\u00e9volution de l\u2019orientation (GREO) Le 19 novembre 2021, 9h-18h \u00e0 l\u2019INETOP CNAM (41 rue Gay-Lussac 75005 PARIS) Alors que l\u2019influence du communisme au XXe si\u00e8cle au sein des milieux intellectuels a \u00e9t\u00e9 l\u2019objet de &hellip; Continuer la lecture de &laquo;&nbsp;Actualit\u00e9s&nbsp;&raquo;\" \/>\n<meta property=\"og:url\" content=\"https:\/\/arimep.org\/index.php\/actualites\/\" \/>\n<meta property=\"og:site_name\" content=\"ARIMEP\" \/>\n<meta property=\"article:modified_time\" content=\"2021-06-13T07:04:50+00:00\" \/>\n<meta name=\"twitter:card\" content=\"summary_large_image\" \/>\n<meta name=\"twitter:label1\" content=\"Dur\u00e9e de lecture estim\u00e9e\" \/>\n\t<meta name=\"twitter:data1\" content=\"4 minutes\" \/>\n<script type=\"application\/ld+json\" class=\"yoast-schema-graph\">{\"@context\":\"https:\\\/\\\/schema.org\",\"@graph\":[{\"@type\":\"WebPage\",\"@id\":\"https:\\\/\\\/arimep.org\\\/index.php\\\/actualites\\\/\",\"url\":\"https:\\\/\\\/arimep.org\\\/index.php\\\/actualites\\\/\",\"name\":\"Actualit\u00e9s - ARIMEP\",\"isPartOf\":{\"@id\":\"https:\\\/\\\/arimep.org\\\/#website\"},\"datePublished\":\"2019-12-04T11:26:53+00:00\",\"dateModified\":\"2021-06-13T07:04:50+00:00\",\"breadcrumb\":{\"@id\":\"https:\\\/\\\/arimep.org\\\/index.php\\\/actualites\\\/#breadcrumb\"},\"inLanguage\":\"fr-FR\",\"potentialAction\":[{\"@type\":\"ReadAction\",\"target\":[\"https:\\\/\\\/arimep.org\\\/index.php\\\/actualites\\\/\"]}]},{\"@type\":\"BreadcrumbList\",\"@id\":\"https:\\\/\\\/arimep.org\\\/index.php\\\/actualites\\\/#breadcrumb\",\"itemListElement\":[{\"@type\":\"ListItem\",\"position\":1,\"name\":\"Accueil\",\"item\":\"https:\\\/\\\/arimep.org\\\/\"},{\"@type\":\"ListItem\",\"position\":2,\"name\":\"Actualit\u00e9s\"}]},{\"@type\":\"WebSite\",\"@id\":\"https:\\\/\\\/arimep.org\\\/#website\",\"url\":\"https:\\\/\\\/arimep.org\\\/\",\"name\":\"ARIMEP\",\"description\":\"Association pour la Recherche et l&#039;Intervention Mus\u00e9ale en Psychologie\",\"potentialAction\":[{\"@type\":\"SearchAction\",\"target\":{\"@type\":\"EntryPoint\",\"urlTemplate\":\"https:\\\/\\\/arimep.org\\\/?s={search_term_string}\"},\"query-input\":{\"@type\":\"PropertyValueSpecification\",\"valueRequired\":true,\"valueName\":\"search_term_string\"}}],\"inLanguage\":\"fr-FR\"}]}<\/script>\n<!-- \/ Yoast SEO plugin. -->","yoast_head_json":{"title":"Actualit\u00e9s - ARIMEP","robots":{"index":"index","follow":"follow","max-snippet":"max-snippet:-1","max-image-preview":"max-image-preview:large","max-video-preview":"max-video-preview:-1"},"canonical":"https:\/\/arimep.org\/index.php\/actualites\/","og_locale":"fr_FR","og_type":"article","og_title":"Actualit\u00e9s - ARIMEP","og_description":"Ev\u00e9nements \u00e0 venir Marxisme, psychologie et orientation en France&nbsp; au XXe si\u00e8cle&nbsp; Journ\u00e9e d\u2019\u00e9tudes organis\u00e9e par le Groupe de recherches sur l\u2019\u00e9volution de l\u2019orientation (GREO) Le 19 novembre 2021, 9h-18h \u00e0 l\u2019INETOP CNAM (41 rue Gay-Lussac 75005 PARIS) Alors que l\u2019influence du communisme au XXe si\u00e8cle au sein des milieux intellectuels a \u00e9t\u00e9 l\u2019objet de &hellip; Continuer la lecture de &laquo;&nbsp;Actualit\u00e9s&nbsp;&raquo;","og_url":"https:\/\/arimep.org\/index.php\/actualites\/","og_site_name":"ARIMEP","article_modified_time":"2021-06-13T07:04:50+00:00","twitter_card":"summary_large_image","twitter_misc":{"Dur\u00e9e de lecture estim\u00e9e":"4 minutes"},"schema":{"@context":"https:\/\/schema.org","@graph":[{"@type":"WebPage","@id":"https:\/\/arimep.org\/index.php\/actualites\/","url":"https:\/\/arimep.org\/index.php\/actualites\/","name":"Actualit\u00e9s - ARIMEP","isPartOf":{"@id":"https:\/\/arimep.org\/#website"},"datePublished":"2019-12-04T11:26:53+00:00","dateModified":"2021-06-13T07:04:50+00:00","breadcrumb":{"@id":"https:\/\/arimep.org\/index.php\/actualites\/#breadcrumb"},"inLanguage":"fr-FR","potentialAction":[{"@type":"ReadAction","target":["https:\/\/arimep.org\/index.php\/actualites\/"]}]},{"@type":"BreadcrumbList","@id":"https:\/\/arimep.org\/index.php\/actualites\/#breadcrumb","itemListElement":[{"@type":"ListItem","position":1,"name":"Accueil","item":"https:\/\/arimep.org\/"},{"@type":"ListItem","position":2,"name":"Actualit\u00e9s"}]},{"@type":"WebSite","@id":"https:\/\/arimep.org\/#website","url":"https:\/\/arimep.org\/","name":"ARIMEP","description":"Association pour la Recherche et l&#039;Intervention Mus\u00e9ale en Psychologie","potentialAction":[{"@type":"SearchAction","target":{"@type":"EntryPoint","urlTemplate":"https:\/\/arimep.org\/?s={search_term_string}"},"query-input":{"@type":"PropertyValueSpecification","valueRequired":true,"valueName":"search_term_string"}}],"inLanguage":"fr-FR"}]}},"jetpack_sharing_enabled":true,"jetpack_shortlink":"https:\/\/wp.me\/P77Fnr-p4","jetpack-related-posts":[],"_links":{"self":[{"href":"https:\/\/arimep.org\/index.php\/wp-json\/wp\/v2\/pages\/1554","targetHints":{"allow":["GET"]}}],"collection":[{"href":"https:\/\/arimep.org\/index.php\/wp-json\/wp\/v2\/pages"}],"about":[{"href":"https:\/\/arimep.org\/index.php\/wp-json\/wp\/v2\/types\/page"}],"author":[{"embeddable":true,"href":"https:\/\/arimep.org\/index.php\/wp-json\/wp\/v2\/users\/2"}],"replies":[{"embeddable":true,"href":"https:\/\/arimep.org\/index.php\/wp-json\/wp\/v2\/comments?post=1554"}],"version-history":[{"count":9,"href":"https:\/\/arimep.org\/index.php\/wp-json\/wp\/v2\/pages\/1554\/revisions"}],"predecessor-version":[{"id":1697,"href":"https:\/\/arimep.org\/index.php\/wp-json\/wp\/v2\/pages\/1554\/revisions\/1697"}],"wp:attachment":[{"href":"https:\/\/arimep.org\/index.php\/wp-json\/wp\/v2\/media?parent=1554"}],"curies":[{"name":"wp","href":"https:\/\/api.w.org\/{rel}","templated":true}]}}