{"id":1298,"date":"2018-03-18T19:40:11","date_gmt":"2018-03-18T18:40:11","guid":{"rendered":"http:\/\/arimep.org\/?page_id=1298"},"modified":"2019-10-10T11:25:19","modified_gmt":"2019-10-10T10:25:19","slug":"reglement-interieur","status":"publish","type":"page","link":"https:\/\/arimep.org\/index.php\/reglement-interieur\/","title":{"rendered":"R\u00e9glement int\u00e9rieur"},"content":{"rendered":"<p style=\"text-align: justify;\"><b>R\u00e8glement int\u00e9rieur de l&rsquo;ARIMEP<\/b><\/p>\n<p style=\"text-align: justify;\">Les objectifs de l&rsquo;ARIMEP, rappel\u00e9s dans l&rsquo;article premier de ses statuts \u00e9tant centr\u00e9s sur la sauvegarde du patrimoine de la psychologie, et cette sauvegarde supposant un tr\u00e8s gros effort de communication, le fonctionnement interne de l&rsquo;ARIMEP sera centr\u00e9 sur la communication interne et externe.<\/p>\n<p style=\"text-align: justify;\">Article 1<sup>er<\/sup><\/p>\n<p style=\"text-align: justify;\">L&rsquo;Assembl\u00e9e G\u00e9n\u00e9rale de l&rsquo;ARIMEP est convoqu\u00e9e dans un d\u00e9lai de 15 jours. Le bureau d\u00e9termine les ordres du jour de l&rsquo;Assembl\u00e9e G\u00e9n\u00e9rale. La convocation comporte l&rsquo;ordre du jour de la r\u00e9union. Si pour des raisons exceptionnelles un changement \u00e0 cet ordre du jour semble ensuite n\u00e9cessaire au bureau, la proposition de changement est transmise le plus rapidement possible \u00e0 tous les membres et soumise au vote de l&rsquo;Assembl\u00e9e G\u00e9n\u00e9rale en d\u00e9but de s\u00e9ance. Dans les m\u00eames conditions, un changement \u00e0 l&rsquo;ordre du jour peut \u00eatre adopt\u00e9 en s\u00e9ance sur proposition de \u00bc des membres pr\u00e9sents en s\u00e9ance. Le compte-rendu de chaque Assembl\u00e9e G\u00e9n\u00e9rale, r\u00e9dig\u00e9 sous la responsabilit\u00e9 du Secr\u00e9taire G\u00e9n\u00e9ral, est envoy\u00e9 dans un d\u00e9lai de 15 jours \u00e0 tous les membres.<\/p>\n<p style=\"text-align: justify;\">L&rsquo;Assembl\u00e9e G\u00e9n\u00e9rale approuve le rapport moral pr\u00e9sent\u00e9 par le pr\u00e9sident et le rapport financier pr\u00e9sent\u00e9 par le tr\u00e9sorier. Ces deux rapports sont ensuite publi\u00e9s.<\/p>\n<p style=\"text-align: justify;\">Article 2:<\/p>\n<p>Le CA de l&rsquo;ARIMEP est convoqu\u00e9 dans un d\u00e9lai de 15 jours. Le bureau d\u00e9termine les ordres du jour du CA. La convocation comporte l&rsquo;ordre du jour de la r\u00e9union. Si pour des raisons exceptionnelles un changement \u00e0 cet ordre du jour semble ensuite n\u00e9cessaire au bureau, la proposition de changement est transmise le plus rapidement possible \u00e0 tous les membres et soumise au vote du CA en d\u00e9but de s\u00e9ance. Dans les m\u00eames conditions, un changement \u00e0 l&rsquo;ordre du jour peut \u00eatre adopt\u00e9 en s\u00e9ance sur proposition de \u00bc des membres du CA. Le compte-rendu de chaque CA, r\u00e9dig\u00e9 sous la responsabilit\u00e9 du Secr\u00e9taire G\u00e9n\u00e9ral, est envoy\u00e9 dans un d\u00e9lai de 15 jours \u00e0 tous les membres de l&rsquo;ARIMEP.<\/p>\n<p>Article 3:<\/p>\n<p style=\"text-align: justify;\">L&rsquo;ARIMEP prend des contacts avec toutes les personnes, toutes les associations, et tous les organismes publics et priv\u00e9s ayant jou\u00e9 ou \u00e9tant susceptibles de jouer un r\u00f4le dans la conservation et la mise en valeur de tous les objets de valeur historique en psychologie. Elle veille \u00e0 rendre le plus possible publiques toutes ses actions, leurs succ\u00e8s et leurs limites. \u00c0 cet effet, elle se fixe pour objectif de mettre sur pied le plus rapidement possible, et en ayant recours \u00e0 toutes les aides disponibles un site web et un bulletin \u00e9lectronique. Elle prend les contacts n\u00e9cessaires \u00e0 la diffusion la plus large possible de ces informations (liens avec les sites web des associations, listes de diffusion, recours \u00e0 des comp\u00e9tences utiles au projet). Elle vise \u00e0 organiser en r\u00e9seau toutes les organisations qui visent aux m\u00eames objectifs qu&rsquo;elle.<\/p>\n","protected":false},"excerpt":{"rendered":"<p>R\u00e8glement int\u00e9rieur de l&rsquo;ARIMEP Les objectifs de l&rsquo;ARIMEP, rappel\u00e9s dans l&rsquo;article premier de ses statuts \u00e9tant centr\u00e9s sur la sauvegarde du patrimoine de la psychologie, et cette sauvegarde supposant un tr\u00e8s gros effort de communication, le fonctionnement interne de l&rsquo;ARIMEP sera centr\u00e9 sur la communication interne et externe. Article 1er L&rsquo;Assembl\u00e9e G\u00e9n\u00e9rale de l&rsquo;ARIMEP est &hellip; <a href=\"https:\/\/arimep.org\/index.php\/reglement-interieur\/\" class=\"more-link\">Continuer la lecture<span class=\"screen-reader-text\"> de &laquo;&nbsp;R\u00e9glement int\u00e9rieur&nbsp;&raquo;<\/span><\/a><\/p>\n","protected":false},"author":2,"featured_media":0,"parent":0,"menu_order":0,"comment_status":"closed","ping_status":"closed","template":"","meta":{"_acf_changed":false,"ngg_post_thumbnail":0,"footnotes":""},"class_list":["post-1298","page","type-page","status-publish","hentry"],"acf":[],"yoast_head":"<!-- This site is optimized with the Yoast SEO plugin v27.3 - https:\/\/yoast.com\/product\/yoast-seo-wordpress\/ -->\n<title>R\u00e9glement int\u00e9rieur - ARIMEP<\/title>\n<meta name=\"robots\" content=\"index, follow, max-snippet:-1, max-image-preview:large, max-video-preview:-1\" \/>\n<link rel=\"canonical\" href=\"https:\/\/arimep.org\/index.php\/reglement-interieur\/\" \/>\n<meta property=\"og:locale\" content=\"fr_FR\" \/>\n<meta property=\"og:type\" content=\"article\" \/>\n<meta property=\"og:title\" content=\"R\u00e9glement int\u00e9rieur - ARIMEP\" \/>\n<meta property=\"og:description\" content=\"R\u00e8glement int\u00e9rieur de l&rsquo;ARIMEP Les objectifs de l&rsquo;ARIMEP, rappel\u00e9s dans l&rsquo;article premier de ses statuts \u00e9tant centr\u00e9s sur la sauvegarde du patrimoine de la psychologie, et cette sauvegarde supposant un tr\u00e8s gros effort de communication, le fonctionnement interne de l&rsquo;ARIMEP sera centr\u00e9 sur la communication interne et externe. Article 1er L&rsquo;Assembl\u00e9e G\u00e9n\u00e9rale de l&rsquo;ARIMEP est &hellip; Continuer la lecture de &laquo;&nbsp;R\u00e9glement int\u00e9rieur&nbsp;&raquo;\" \/>\n<meta property=\"og:url\" content=\"https:\/\/arimep.org\/index.php\/reglement-interieur\/\" \/>\n<meta property=\"og:site_name\" content=\"ARIMEP\" \/>\n<meta property=\"article:modified_time\" content=\"2019-10-10T10:25:19+00:00\" \/>\n<meta name=\"twitter:card\" content=\"summary_large_image\" \/>\n<meta name=\"twitter:label1\" content=\"Dur\u00e9e de lecture estim\u00e9e\" \/>\n\t<meta name=\"twitter:data1\" content=\"2 minutes\" \/>\n<script type=\"application\/ld+json\" class=\"yoast-schema-graph\">{\"@context\":\"https:\\\/\\\/schema.org\",\"@graph\":[{\"@type\":\"WebPage\",\"@id\":\"https:\\\/\\\/arimep.org\\\/index.php\\\/reglement-interieur\\\/\",\"url\":\"https:\\\/\\\/arimep.org\\\/index.php\\\/reglement-interieur\\\/\",\"name\":\"R\u00e9glement int\u00e9rieur - ARIMEP\",\"isPartOf\":{\"@id\":\"https:\\\/\\\/arimep.org\\\/#website\"},\"datePublished\":\"2018-03-18T18:40:11+00:00\",\"dateModified\":\"2019-10-10T10:25:19+00:00\",\"breadcrumb\":{\"@id\":\"https:\\\/\\\/arimep.org\\\/index.php\\\/reglement-interieur\\\/#breadcrumb\"},\"inLanguage\":\"fr-FR\",\"potentialAction\":[{\"@type\":\"ReadAction\",\"target\":[\"https:\\\/\\\/arimep.org\\\/index.php\\\/reglement-interieur\\\/\"]}]},{\"@type\":\"BreadcrumbList\",\"@id\":\"https:\\\/\\\/arimep.org\\\/index.php\\\/reglement-interieur\\\/#breadcrumb\",\"itemListElement\":[{\"@type\":\"ListItem\",\"position\":1,\"name\":\"Accueil\",\"item\":\"https:\\\/\\\/arimep.org\\\/\"},{\"@type\":\"ListItem\",\"position\":2,\"name\":\"R\u00e9glement int\u00e9rieur\"}]},{\"@type\":\"WebSite\",\"@id\":\"https:\\\/\\\/arimep.org\\\/#website\",\"url\":\"https:\\\/\\\/arimep.org\\\/\",\"name\":\"ARIMEP\",\"description\":\"Association pour la Recherche et l&#039;Intervention Mus\u00e9ale en Psychologie\",\"potentialAction\":[{\"@type\":\"SearchAction\",\"target\":{\"@type\":\"EntryPoint\",\"urlTemplate\":\"https:\\\/\\\/arimep.org\\\/?s={search_term_string}\"},\"query-input\":{\"@type\":\"PropertyValueSpecification\",\"valueRequired\":true,\"valueName\":\"search_term_string\"}}],\"inLanguage\":\"fr-FR\"}]}<\/script>\n<!-- \/ Yoast SEO plugin. -->","yoast_head_json":{"title":"R\u00e9glement int\u00e9rieur - ARIMEP","robots":{"index":"index","follow":"follow","max-snippet":"max-snippet:-1","max-image-preview":"max-image-preview:large","max-video-preview":"max-video-preview:-1"},"canonical":"https:\/\/arimep.org\/index.php\/reglement-interieur\/","og_locale":"fr_FR","og_type":"article","og_title":"R\u00e9glement int\u00e9rieur - ARIMEP","og_description":"R\u00e8glement int\u00e9rieur de l&rsquo;ARIMEP Les objectifs de l&rsquo;ARIMEP, rappel\u00e9s dans l&rsquo;article premier de ses statuts \u00e9tant centr\u00e9s sur la sauvegarde du patrimoine de la psychologie, et cette sauvegarde supposant un tr\u00e8s gros effort de communication, le fonctionnement interne de l&rsquo;ARIMEP sera centr\u00e9 sur la communication interne et externe. Article 1er L&rsquo;Assembl\u00e9e G\u00e9n\u00e9rale de l&rsquo;ARIMEP est &hellip; Continuer la lecture de &laquo;&nbsp;R\u00e9glement int\u00e9rieur&nbsp;&raquo;","og_url":"https:\/\/arimep.org\/index.php\/reglement-interieur\/","og_site_name":"ARIMEP","article_modified_time":"2019-10-10T10:25:19+00:00","twitter_card":"summary_large_image","twitter_misc":{"Dur\u00e9e de lecture estim\u00e9e":"2 minutes"},"schema":{"@context":"https:\/\/schema.org","@graph":[{"@type":"WebPage","@id":"https:\/\/arimep.org\/index.php\/reglement-interieur\/","url":"https:\/\/arimep.org\/index.php\/reglement-interieur\/","name":"R\u00e9glement int\u00e9rieur - ARIMEP","isPartOf":{"@id":"https:\/\/arimep.org\/#website"},"datePublished":"2018-03-18T18:40:11+00:00","dateModified":"2019-10-10T10:25:19+00:00","breadcrumb":{"@id":"https:\/\/arimep.org\/index.php\/reglement-interieur\/#breadcrumb"},"inLanguage":"fr-FR","potentialAction":[{"@type":"ReadAction","target":["https:\/\/arimep.org\/index.php\/reglement-interieur\/"]}]},{"@type":"BreadcrumbList","@id":"https:\/\/arimep.org\/index.php\/reglement-interieur\/#breadcrumb","itemListElement":[{"@type":"ListItem","position":1,"name":"Accueil","item":"https:\/\/arimep.org\/"},{"@type":"ListItem","position":2,"name":"R\u00e9glement int\u00e9rieur"}]},{"@type":"WebSite","@id":"https:\/\/arimep.org\/#website","url":"https:\/\/arimep.org\/","name":"ARIMEP","description":"Association pour la Recherche et l&#039;Intervention Mus\u00e9ale en Psychologie","potentialAction":[{"@type":"SearchAction","target":{"@type":"EntryPoint","urlTemplate":"https:\/\/arimep.org\/?s={search_term_string}"},"query-input":{"@type":"PropertyValueSpecification","valueRequired":true,"valueName":"search_term_string"}}],"inLanguage":"fr-FR"}]}},"jetpack_sharing_enabled":true,"jetpack_shortlink":"https:\/\/wp.me\/P77Fnr-kW","jetpack-related-posts":[],"_links":{"self":[{"href":"https:\/\/arimep.org\/index.php\/wp-json\/wp\/v2\/pages\/1298","targetHints":{"allow":["GET"]}}],"collection":[{"href":"https:\/\/arimep.org\/index.php\/wp-json\/wp\/v2\/pages"}],"about":[{"href":"https:\/\/arimep.org\/index.php\/wp-json\/wp\/v2\/types\/page"}],"author":[{"embeddable":true,"href":"https:\/\/arimep.org\/index.php\/wp-json\/wp\/v2\/users\/2"}],"replies":[{"embeddable":true,"href":"https:\/\/arimep.org\/index.php\/wp-json\/wp\/v2\/comments?post=1298"}],"version-history":[{"count":2,"href":"https:\/\/arimep.org\/index.php\/wp-json\/wp\/v2\/pages\/1298\/revisions"}],"predecessor-version":[{"id":1714,"href":"https:\/\/arimep.org\/index.php\/wp-json\/wp\/v2\/pages\/1298\/revisions\/1714"}],"wp:attachment":[{"href":"https:\/\/arimep.org\/index.php\/wp-json\/wp\/v2\/media?parent=1298"}],"curies":[{"name":"wp","href":"https:\/\/api.w.org\/{rel}","templated":true}]}}